{"id":169705,"date":"2025-02-11T15:48:05","date_gmt":"2025-02-11T14:48:05","guid":{"rendered":"https:\/\/aydodeco.nl\/rostiger-spc-vinylboden\/"},"modified":"2026-02-28T10:52:47","modified_gmt":"2026-02-28T09:52:47","slug":"rostiger-spc-vinylboden","status":"publish","type":"product","link":"https:\/\/aydodeco.nl\/de\/rostiger-spc-vinylboden\/","title":{"rendered":"Rostig &#8211; SPC Vinyl Boden"},"content":{"rendered":"<h1 style=\"font-size: 32px;font-weight: bold;margin-bottom: 0.5em\">Rusty SPC Vinylboden &#8211; Langlebig und elegant<\/h1>\n<p>SPC-Vinylboden (Stone Plastic Composite) bietet eine innovative Bodenbelagsl\u00f6sung, die Haltbarkeit und \u00c4sthetik vereint. Mit der europ\u00e4ischen Klassifizierung 33\/AC5 eignet sich dieser Bodenbelag sowohl f\u00fcr stark frequentierte gewerbliche Bereiche als auch f\u00fcr den privaten Gebrauch.  Nivellierung empfohlen f\u00fcr Spc Boden.<\/p>\n<h3 style=\"font-size: 20px;font-weight: bold;margin-bottom: 0.5em\">Produktmerkmale:<\/h3>\n<ul>\n<li><strong>Gesamtdicke:<\/strong> 5,0 mm<\/li>\n<li><strong>Dicke der Verschlei\u00dfschicht:<\/strong> 0,55 mm<\/li>\n<li><strong>Abmessungen:<\/strong> 600 x 600 mm<\/li>\n<li>&lt; &lt; W<strong>\u00e4rmeleitf\u00e4higkeitskoeffizient:<\/strong> 0,159 W\/mK, kompatibel mit Fu\u00dfbodenheizungen (15\u00b0C T 28\u00b0C)<\/li>\n<li><strong>Feuerreaktion:<\/strong> Bf1-S1<\/li>\n<li><strong>Anti-Rutsch:<\/strong> R10, sichere und rutschfeste Oberfl\u00e4che<\/li>\n<li><strong>Formaldehyd-Emission:<\/strong> E1-Standard, ideal f\u00fcr eine gesunde Wohnumgebung<\/li>\n<li><strong>Dimensionsstabilit\u00e4t:<\/strong> \u2264 0,005%<\/li>\n<\/ul>\n<h3 style=\"font-size: 20px;font-weight: bold;margin-bottom: 0.5em\">Langfristiger Gebrauch:<\/h3>\n<p>Mit einer Herstellergarantie von 20 Jahren k\u00f6nnen Sie diesen Boden jahrelang genie\u00dfen. Das I4F Klicksystem sorgt f\u00fcr eine schnelle und einfache Verlegung. <\/p>\n","protected":false},"excerpt":{"rendered":"<p>60x60x0,5cm<\/p>\n","protected":false},"featured_media":169690,"comment_status":"open","ping_status":"closed","template":"","meta":{"site-sidebar-layout":"default","site-content-layout":"","ast-site-content-layout":"default","site-content-style":"default","site-sidebar-style":"default","ast-global-header-display":"","ast-banner-title-visibility":"","ast-main-header-display":"","ast-hfb-above-header-display":"","ast-hfb-below-header-display":"","ast-hfb-mobile-header-display":"","site-post-title":"","ast-breadcrumbs-content":"","ast-featured-img":"","footer-sml-layout":"","ast-disable-related-posts":"","theme-transparent-header-meta":"default","adv-header-id-meta":"","stick-header-meta":"default","header-above-stick-meta":"","header-main-stick-meta":"","header-below-stick-meta":"","astra-migrate-meta-layouts":"default","ast-page-background-enabled":"default","ast-page-background-meta":{"desktop":{"background-color":"var(--ast-global-color-4)","background-image":"","background-repeat":"repeat","background-position":"center center","background-size":"auto","background-attachment":"scroll","background-type":"","background-media":"","overlay-type":"","overlay-color":"","overlay-opacity":"","overlay-gradient":""},"tablet":{"background-color":"","background-image":"","background-repeat":"repeat","background-position":"center center","background-size":"auto","background-attachment":"scroll","background-type":"","background-media":"","overlay-type":"","overlay-color":"","overlay-opacity":"","overlay-gradient":""},"mobile":{"background-color":"","background-image":"","background-repeat":"repeat","background-position":"center center","background-size":"auto","background-attachment":"scroll","background-type":"","background-media":"","overlay-type":"","overlay-color":"","overlay-opacity":"","overlay-gradient":""}},"ast-content-background-meta":{"desktop":{"background-color":"var(--ast-global-color-5)","background-image":"","background-repeat":"repeat","background-position":"center center","background-size":"auto","background-attachment":"scroll","background-type":"","background-media":"","overlay-type":"","overlay-color":"","overlay-opacity":"","overlay-gradient":""},"tablet":{"background-color":"var(--ast-global-color-5)","background-image":"","background-repeat":"repeat","background-position":"center center","background-size":"auto","background-attachment":"scroll","background-type":"","background-media":"","overlay-type":"","overlay-color":"","overlay-opacity":"","overlay-gradient":""},"mobile":{"background-color":"var(--ast-global-color-5)","background-image":"","background-repeat":"repeat","background-position":"center center","background-size":"auto","background-attachment":"scroll","background-type":"","background-media":"","overlay-type":"","overlay-color":"","overlay-opacity":"","overlay-gradient":""}}},"product_brand":[],"product_cat":[545,546,617],"product_tag":[493,518],"class_list":{"0":"post-169705","1":"product","2":"type-product","3":"status-publish","4":"has-post-thumbnail","6":"product_cat-boden","7":"product_cat-spc-vinyl-boden","8":"product_cat-spc-vinyl-boden-60x60cm","9":"product_tag-korting15-30spc-de-1","10":"product_tag-neu","11":"product_shipping_class-xl-paneelee","12":"desktop-align-left","13":"tablet-align-left","14":"mobile-align-left","15":"ast-product-gallery-layout-vertical-slider","16":"ast-product-tabs-layout-vertical","17":"ast-qv-on-image","19":"first","20":"instock","21":"sale","22":"taxable","23":"shipping-taxable","24":"purchasable","25":"product-type-simple"},"_links":{"self":[{"href":"https:\/\/aydodeco.nl\/de\/wp-json\/wp\/v2\/product\/169705","targetHints":{"allow":["GET"]}}],"collection":[{"href":"https:\/\/aydodeco.nl\/de\/wp-json\/wp\/v2\/product"}],"about":[{"href":"https:\/\/aydodeco.nl\/de\/wp-json\/wp\/v2\/types\/product"}],"replies":[{"embeddable":true,"href":"https:\/\/aydodeco.nl\/de\/wp-json\/wp\/v2\/comments?post=169705"}],"version-history":[{"count":0,"href":"https:\/\/aydodeco.nl\/de\/wp-json\/wp\/v2\/product\/169705\/revisions"}],"wp:featuredmedia":[{"embeddable":true,"href":"https:\/\/aydodeco.nl\/de\/wp-json\/wp\/v2\/media\/169690"}],"wp:attachment":[{"href":"https:\/\/aydodeco.nl\/de\/wp-json\/wp\/v2\/media?parent=169705"}],"wp:term":[{"taxonomy":"product_brand","embeddable":true,"href":"https:\/\/aydodeco.nl\/de\/wp-json\/wp\/v2\/product_brand?post=169705"},{"taxonomy":"product_cat","embeddable":true,"href":"https:\/\/aydodeco.nl\/de\/wp-json\/wp\/v2\/product_cat?post=169705"},{"taxonomy":"product_tag","embeddable":true,"href":"https:\/\/aydodeco.nl\/de\/wp-json\/wp\/v2\/product_tag?post=169705"}],"curies":[{"name":"wp","href":"https:\/\/api.w.org\/{rel}","templated":true}]}}