{"id":164566,"date":"2024-12-10T10:32:03","date_gmt":"2024-12-10T09:32:03","guid":{"rendered":"https:\/\/aydodeco.nl\/?post_type=product&#038;p=164566"},"modified":"2026-03-24T15:11:02","modified_gmt":"2026-03-24T14:11:02","slug":"hotel-chic-pvc-wandpaneel-in-marmoroptik-2","status":"publish","type":"product","link":"https:\/\/aydodeco.nl\/de\/hotel-chic-pvc-wandpaneel-in-marmoroptik-2\/","title":{"rendered":"Hotel Chic &#8211; PVC-Wandpaneel in Marmoroptik"},"content":{"rendered":"<h1 style=\"font-size: 32px;font-weight: bold;margin-bottom: 0.5em\">PVC-Wandpaneel in Marmoroptik: Hotel Chic<\/h1>\n<p>Die PVC-Wandpaneele in Marmoroptik Hotel Chic bieten einen luxuri\u00f6sen und stilvollen Look, perfekt f\u00fcr Ihr Badezimmer, Ihre Dusche und Ihre K\u00fcche. Diese hochwertigen PVC-Wandpaneele in Marmoroptik sind ideal f\u00fcr alle Innenr\u00e4ume. Dank der einfachen Montage und des leichten Zuschnitts mit einem Stanley-Messer k\u00f6nnen Sie diese Paneele schnell und einfach anbringen. Die Paneele sind leicht zu reinigen und verleihen jedem Raum einen raffinierten und eleganten Look.   <\/p>\n<h3 style=\"font-size: 20px;font-weight: bold;margin-bottom: 0.5em\">Eigenschaften<\/h3>\n<ul>\n<li>Wasserdicht &#8211; Wasserfest &#8211; Staubdicht &#8211; Auslaufsicher<\/li>\n<li>Leicht zu montieren<\/li>\n<li>Mit einem Stanley-Messer zuschneiden<\/li>\n<li>Befestigung mit Montagekleber (hohe Klebkraft)<\/li>\n<li>F\u00fcr den Innenbereich geeignet<\/li>\n<li>Geeignet f\u00fcr die K\u00fcche (hinter einem Gasherd mit mindestens 15 cm Abstand)<\/li>\n<li>Duschkabine (versiegeln Sie die Zwischenr\u00e4ume zwischen den Brettern gut mit einer Silikondichtung in der gew\u00fcnschten Farbe), Badezimmer, Korridor, etc.<\/li>\n<li>Anti-Kalk, h\u00e4lt keine Kalkablagerungen zur\u00fcck<\/li>\n<li>Hat eine elegante Marmoroptik<\/li>\n<\/ul>\n<h3 style=\"font-size: 20px;font-weight: bold;margin-bottom: 0.5em\">Abmessungen<\/h3>\n<ul>\n<li>120 x 259 cm<\/li>\n<li>Dicke: 3 mm<\/li>\n<\/ul>\n<h3 style=\"font-size: 20px;font-weight: bold;margin-bottom: 0.5em\">Zubeh\u00f6r<\/h3>\n<ul>\n<li>Wir empfehlen 2 bis 3 Tuben des Montagesatzes pro Panel<\/li>\n<li>Zuschneiden mit einem Stanley-Messer, einer Tischs\u00e4ge oder einer Kreiss\u00e4ge<\/li>\n<li>Verwenden Sie Silikondichtmittel zum Versiegeln der Kanten und N\u00e4hte<\/li>\n<li>Mit 1 Tube Silikondichtmittel k\u00f6nnen Sie rund 2 Platten abdichten.<\/li>\n<\/ul>\n<h3 style=\"font-size: 20px;font-weight: bold;margin-bottom: 0.5em\">Reinigung von PVC-Wandpaneelen in Marmoroptik<\/h3>\n<ul>\n<li>Reinigung mit gr\u00fcner Seife\/Allzweckreiniger und Mikrofasertuch<\/li>\n<li>Verwenden Sie keine aggressiven Reinigungsmittel oder Scheuermittel<\/li>\n<li>Leichte Kratzer k\u00f6nnen wegpoliert werden<\/li>\n<\/ul>\n","protected":false},"excerpt":{"rendered":"<p>122x260x0.3cm<\/p>\n","protected":false},"featured_media":202671,"comment_status":"open","ping_status":"closed","template":"","meta":{"site-sidebar-layout":"default","site-content-layout":"","ast-site-content-layout":"default","site-content-style":"default","site-sidebar-style":"default","ast-global-header-display":"","ast-banner-title-visibility":"","ast-main-header-display":"","ast-hfb-above-header-display":"","ast-hfb-below-header-display":"","ast-hfb-mobile-header-display":"","site-post-title":"","ast-breadcrumbs-content":"","ast-featured-img":"","footer-sml-layout":"","ast-disable-related-posts":"","theme-transparent-header-meta":"default","adv-header-id-meta":"","stick-header-meta":"default","header-above-stick-meta":"","header-main-stick-meta":"","header-below-stick-meta":"","astra-migrate-meta-layouts":"set","ast-page-background-enabled":"default","ast-page-background-meta":{"desktop":{"background-color":"var(--ast-global-color-4)","background-image":"","background-repeat":"repeat","background-position":"center center","background-size":"auto","background-attachment":"scroll","background-type":"","background-media":"","overlay-type":"","overlay-color":"","overlay-opacity":"","overlay-gradient":""},"tablet":{"background-color":"","background-image":"","background-repeat":"repeat","background-position":"center center","background-size":"auto","background-attachment":"scroll","background-type":"","background-media":"","overlay-type":"","overlay-color":"","overlay-opacity":"","overlay-gradient":""},"mobile":{"background-color":"","background-image":"","background-repeat":"repeat","background-position":"center center","background-size":"auto","background-attachment":"scroll","background-type":"","background-media":"","overlay-type":"","overlay-color":"","overlay-opacity":"","overlay-gradient":""}},"ast-content-background-meta":{"desktop":{"background-color":"var(--ast-global-color-5)","background-image":"","background-repeat":"repeat","background-position":"center center","background-size":"auto","background-attachment":"scroll","background-type":"","background-media":"","overlay-type":"","overlay-color":"","overlay-opacity":"","overlay-gradient":""},"tablet":{"background-color":"var(--ast-global-color-5)","background-image":"","background-repeat":"repeat","background-position":"center center","background-size":"auto","background-attachment":"scroll","background-type":"","background-media":"","overlay-type":"","overlay-color":"","overlay-opacity":"","overlay-gradient":""},"mobile":{"background-color":"var(--ast-global-color-5)","background-image":"","background-repeat":"repeat","background-position":"center center","background-size":"auto","background-attachment":"scroll","background-type":"","background-media":"","overlay-type":"","overlay-color":"","overlay-opacity":"","overlay-gradient":""}}},"product_brand":[],"product_cat":[418,427,426],"product_tag":[656,515,460,429,428,518],"class_list":{"0":"post-164566","1":"product","2":"type-product","3":"status-publish","4":"has-post-thumbnail","6":"product_cat-angebote","7":"product_cat-pvc-wandpaneele-in-marmoroptik","8":"product_cat-wandpaneele-in-marmoroptik","9":"product_tag-aktion","10":"product_tag-black-november-de1","11":"product_tag-exclusive-de","12":"product_tag-glanzend-de","13":"product_tag-korting10-20marmer-de-1","14":"product_tag-neu","15":"product_shipping_class-xl-paneelee","16":"pa_steenstrips-geschikt-voor-hinter-dem-gasherd","17":"pa_steenstrips-geschikt-voor-wandpaneele-fur-das-badezimmer","18":"desktop-align-left","19":"tablet-align-left","20":"mobile-align-left","21":"ast-product-gallery-layout-vertical-slider","22":"ast-product-tabs-layout-vertical","23":"ast-qv-on-image","25":"first","26":"instock","27":"featured","28":"taxable","29":"shipping-taxable","30":"purchasable","31":"product-type-simple"},"_links":{"self":[{"href":"https:\/\/aydodeco.nl\/de\/wp-json\/wp\/v2\/product\/164566","targetHints":{"allow":["GET"]}}],"collection":[{"href":"https:\/\/aydodeco.nl\/de\/wp-json\/wp\/v2\/product"}],"about":[{"href":"https:\/\/aydodeco.nl\/de\/wp-json\/wp\/v2\/types\/product"}],"replies":[{"embeddable":true,"href":"https:\/\/aydodeco.nl\/de\/wp-json\/wp\/v2\/comments?post=164566"}],"version-history":[{"count":0,"href":"https:\/\/aydodeco.nl\/de\/wp-json\/wp\/v2\/product\/164566\/revisions"}],"wp:featuredmedia":[{"embeddable":true,"href":"https:\/\/aydodeco.nl\/de\/wp-json\/wp\/v2\/media\/202671"}],"wp:attachment":[{"href":"https:\/\/aydodeco.nl\/de\/wp-json\/wp\/v2\/media?parent=164566"}],"wp:term":[{"taxonomy":"product_brand","embeddable":true,"href":"https:\/\/aydodeco.nl\/de\/wp-json\/wp\/v2\/product_brand?post=164566"},{"taxonomy":"product_cat","embeddable":true,"href":"https:\/\/aydodeco.nl\/de\/wp-json\/wp\/v2\/product_cat?post=164566"},{"taxonomy":"product_tag","embeddable":true,"href":"https:\/\/aydodeco.nl\/de\/wp-json\/wp\/v2\/product_tag?post=164566"}],"curies":[{"name":"wp","href":"https:\/\/api.w.org\/{rel}","templated":true}]}}