{"id":162976,"date":"2024-11-27T12:36:04","date_gmt":"2024-11-27T11:36:04","guid":{"rendered":"https:\/\/aydodeco.nl\/?post_type=product&#038;p=162976"},"modified":"2026-01-10T10:43:24","modified_gmt":"2026-01-10T09:43:24","slug":"harmony-concrete-xl-spc-wandplatte-in-marmoroptik","status":"publish","type":"product","link":"https:\/\/aydodeco.nl\/de\/harmony-concrete-xl-spc-wandplatte-in-marmoroptik\/","title":{"rendered":"Harmony Concrete (XL) &#8211; SPC Wandplatte in Marmoroptik"},"content":{"rendered":"<h1 style=\"font-size: 32px;font-weight: bold;margin-bottom: 0.5em\">SPC-Wandplatte in Marmoroptik: Harmony Beton<\/h1>\n<p>SPC-Wandpaneele in Marmoroptik Harmony Concrete bietet einen modernen und eleganten Look, perfekt f\u00fcr Ihr Badezimmer, Ihre Dusche und Ihre K\u00fcche. Diese hochwertigen SPC-Wandpaneele in Marmoroptik sind ideal f\u00fcr alle Innenr\u00e4ume. Dank der einfachen Montage und des leichten Zuschneidens mit einem Stanley-Messer k\u00f6nnen Sie diese Paneele schnell und einfach anbringen. Die Paneele sind leicht zu reinigen und verleihen jedem Raum einen raffinierten Look.   <\/p>\n<h3 style=\"font-size: 20px;font-weight: bold;margin-bottom: 0.5em\">FEATURES SPC Wandpaneel in Marmoroptik<\/h3>\n<ul>\n<li>Wasserdicht &#8211; Wasserfest &#8211; Staubdicht &#8211; Auslaufsicher<\/li>\n<li>Leicht zu montieren<\/li>\n<li>Mit einem Stanley-Messer zuschneiden<\/li>\n<li>Befestigung mit Montagekleber (hohe Klebkraft)<\/li>\n<li>F\u00fcr den Innenbereich geeignet<\/li>\n<li>Geeignet f\u00fcr die K\u00fcche (hinter einem Gasherd mit mindestens 15 cm Abstand)<\/li>\n<li>Duschkabine (versiegeln Sie die Zwischenr\u00e4ume zwischen den Brettern gut mit einer Silikondichtung in der gew\u00fcnschten Farbe), Badezimmer, Korridor, etc.<\/li>\n<li>Anti-Kalk, h\u00e4lt keine Kalkablagerungen zur\u00fcck<\/li>\n<li>Hat eine elegante Marmoroptik<\/li>\n<\/ul>\n<h3 style=\"font-size: 20px;font-weight: bold;margin-bottom: 0.5em\">Abmessungen<\/h3>\n<ul>\n<li>120 x 260 cm<\/li>\n<li>Dicke: 3 mm<\/li>\n<\/ul>\n<h3 style=\"font-size: 20px;font-weight: bold;margin-bottom: 0.5em\">Zubeh\u00f6r<\/h3>\n<ul>\n<li>Wir empfehlen 2 bis 3 Tuben des Montagesatzes pro Panel<\/li>\n<li>Mit einem Stanley-Messer oder einer Lineals\u00e4ge zuschneiden<\/li>\n<li>Verwenden Sie Sanit\u00e4rversiegelung, um die Kanten und N\u00e4hte zu versiegeln.<\/li>\n<li>Sie k\u00f6nnen etwa 2 Platten mit 1 Tube Sanit\u00e4rversiegelung versiegeln<\/li>\n<\/ul>\n<h3 style=\"font-size: 20px;font-weight: bold;margin-bottom: 0.5em\">Reinigung von SPC-Wandpaneelen in Marmoroptik<\/h3>\n<ul>\n<li>Reinigung mit gr\u00fcner Seife\/Allzweckreiniger und Mikrofasertuch<\/li>\n<li>Verwenden Sie keine aggressiven Reinigungsmittel oder Scheuermittel<\/li>\n<li>Leichte Kratzer k\u00f6nnen wegpoliert werden<\/li>\n<\/ul>\n","protected":false},"excerpt":{"rendered":"<p>120x260x0.3cm<\/p>\n","protected":false},"featured_media":162981,"comment_status":"open","ping_status":"closed","template":"","meta":{"site-sidebar-layout":"default","site-content-layout":"","ast-site-content-layout":"default","site-content-style":"default","site-sidebar-style":"default","ast-global-header-display":"","ast-banner-title-visibility":"","ast-main-header-display":"","ast-hfb-above-header-display":"","ast-hfb-below-header-display":"","ast-hfb-mobile-header-display":"","site-post-title":"","ast-breadcrumbs-content":"","ast-featured-img":"","footer-sml-layout":"","ast-disable-related-posts":"","theme-transparent-header-meta":"default","adv-header-id-meta":"","stick-header-meta":"default","header-above-stick-meta":"","header-main-stick-meta":"","header-below-stick-meta":"","astra-migrate-meta-layouts":"set","ast-page-background-enabled":"default","ast-page-background-meta":{"desktop":{"background-color":"var(--ast-global-color-4)","background-image":"","background-repeat":"repeat","background-position":"center center","background-size":"auto","background-attachment":"scroll","background-type":"","background-media":"","overlay-type":"","overlay-color":"","overlay-opacity":"","overlay-gradient":""},"tablet":{"background-color":"","background-image":"","background-repeat":"repeat","background-position":"center center","background-size":"auto","background-attachment":"scroll","background-type":"","background-media":"","overlay-type":"","overlay-color":"","overlay-opacity":"","overlay-gradient":""},"mobile":{"background-color":"","background-image":"","background-repeat":"repeat","background-position":"center center","background-size":"auto","background-attachment":"scroll","background-type":"","background-media":"","overlay-type":"","overlay-color":"","overlay-opacity":"","overlay-gradient":""}},"ast-content-background-meta":{"desktop":{"background-color":"var(--ast-global-color-5)","background-image":"","background-repeat":"repeat","background-position":"center center","background-size":"auto","background-attachment":"scroll","background-type":"","background-media":"","overlay-type":"","overlay-color":"","overlay-opacity":"","overlay-gradient":""},"tablet":{"background-color":"var(--ast-global-color-5)","background-image":"","background-repeat":"repeat","background-position":"center center","background-size":"auto","background-attachment":"scroll","background-type":"","background-media":"","overlay-type":"","overlay-color":"","overlay-opacity":"","overlay-gradient":""},"mobile":{"background-color":"var(--ast-global-color-5)","background-image":"","background-repeat":"repeat","background-position":"center center","background-size":"auto","background-attachment":"scroll","background-type":"","background-media":"","overlay-type":"","overlay-color":"","overlay-opacity":"","overlay-gradient":""}}},"product_brand":[],"product_cat":[418,621,444,426],"product_tag":[656,515,460,428,445,518],"class_list":{"0":"post-162976","1":"product","2":"type-product","3":"status-publish","4":"has-post-thumbnail","6":"product_cat-angebote","7":"product_cat-spc-122x260cm-de","8":"product_cat-spc-wandpaneele-in-marmoroptik","9":"product_cat-wandpaneele-in-marmoroptik","10":"product_tag-aktion","11":"product_tag-black-november-de1","12":"product_tag-exclusive-de","13":"product_tag-korting10-20marmer-de-1","14":"product_tag-mat-de","15":"product_tag-neu","16":"product_shipping_class-xl-paneelee","17":"pa_steenstrips-geschikt-voor-hinter-dem-gasherd","18":"pa_steenstrips-geschikt-voor-wandpaneele-fur-das-badezimmer","19":"desktop-align-left","20":"tablet-align-left","21":"mobile-align-left","22":"ast-product-gallery-layout-vertical-slider","23":"ast-product-tabs-layout-vertical","24":"ast-qv-on-image","26":"first","27":"instock","28":"sale","29":"taxable","30":"shipping-taxable","31":"purchasable","32":"product-type-simple"},"_links":{"self":[{"href":"https:\/\/aydodeco.nl\/de\/wp-json\/wp\/v2\/product\/162976","targetHints":{"allow":["GET"]}}],"collection":[{"href":"https:\/\/aydodeco.nl\/de\/wp-json\/wp\/v2\/product"}],"about":[{"href":"https:\/\/aydodeco.nl\/de\/wp-json\/wp\/v2\/types\/product"}],"replies":[{"embeddable":true,"href":"https:\/\/aydodeco.nl\/de\/wp-json\/wp\/v2\/comments?post=162976"}],"version-history":[{"count":0,"href":"https:\/\/aydodeco.nl\/de\/wp-json\/wp\/v2\/product\/162976\/revisions"}],"wp:featuredmedia":[{"embeddable":true,"href":"https:\/\/aydodeco.nl\/de\/wp-json\/wp\/v2\/media\/162981"}],"wp:attachment":[{"href":"https:\/\/aydodeco.nl\/de\/wp-json\/wp\/v2\/media?parent=162976"}],"wp:term":[{"taxonomy":"product_brand","embeddable":true,"href":"https:\/\/aydodeco.nl\/de\/wp-json\/wp\/v2\/product_brand?post=162976"},{"taxonomy":"product_cat","embeddable":true,"href":"https:\/\/aydodeco.nl\/de\/wp-json\/wp\/v2\/product_cat?post=162976"},{"taxonomy":"product_tag","embeddable":true,"href":"https:\/\/aydodeco.nl\/de\/wp-json\/wp\/v2\/product_tag?post=162976"}],"curies":[{"name":"wp","href":"https:\/\/api.w.org\/{rel}","templated":true}]}}