{"id":157701,"date":"2024-03-21T15:47:28","date_gmt":"2024-03-21T14:47:28","guid":{"rendered":"https:\/\/aydodeco.nl\/steinstreifen-3d-wandpaneel-1903-grau\/"},"modified":"2025-04-04T12:04:49","modified_gmt":"2025-04-04T10:04:49","slug":"steinstreifen-3d-wandpaneel-1903-grau","status":"publish","type":"product","link":"https:\/\/aydodeco.nl\/de\/steinstreifen-3d-wandpaneel-1903-grau\/","title":{"rendered":"Steinstreifen 3D Wandpaneel 1903 Grau"},"content":{"rendered":"<h2>3D Wandpaneel Grau<\/h2>\n<p>3D Wandpaneel mit grauem Ziegelstein in Wild Dressing. Mit diesem sch\u00f6nen Wandpaneel in Sandfarben haben Sie im Handumdrehen eine sch\u00f6ne Wand in der gew\u00fcnschten Atmosph\u00e4re. Wartungsfrei und sehr einfach zu gestalten. Dieses graue Ziegelwandpaneel ist ideal f\u00fcr alle Innen- und Au\u00dfenw\u00e4nde.   <\/p>\n<h3 style=\"font-size: 1.88235rem; font-style: normal;\">3D Wandpaneel Grau<\/h3>\n<p style=\"font-size: 17px; font-style: normal; font-weight: 400;\">Diese Ziegelstreifen in sch\u00f6nen Graut\u00f6nen enthalten eine sehr harte obere Schicht und sind superstark. Die untere Schicht besteht aus ISOMO oder geh\u00e4rtetem Polystyrolschaum. Die hohe Dichte des Styroporschaums sorgt f\u00fcr einen hervorragenden Isolationswert. Sie k\u00f6nnen dieses sch\u00f6ne Wandpaneel also sowohl im Innenbereich als auch an der Au\u00dfenwand anbringen!   <\/p>\n<h3 style=\"font-size: 1.88235rem; font-style: normal;\">Isolierung Wandpaneele<\/h3>\n<p style=\"font-size: 17px; font-style: normal; font-weight: 400;\">Diese Wandpaneele sind energiesparend und k\u00f6nnen auch als Fassadend\u00e4mmung verwendet werden. 3D-Wandpaneele bieten einen D\u00e4mmwert von mindestens 0,6R <\/p>\n<p style=\"font-size: 17px; font-style: normal; font-weight: 400;\">Hauptmerkmale<\/p>\n<ul style=\"font-size: 17px; font-style: normal; font-weight: 400;\">\n<li style=\"font-size: 17px;\">2 Jahre Garantie<\/li>\n<li style=\"font-size: 17px;\">F\u00fcr den Innen- und Au\u00dfenbereich geeignet <a style=\"color: #c28d3e;\" href=\"https:\/\/aydodeco.nl\/de\/wand-impraegnierung-wb-8-5l\/\">( f\u00fcr den Au\u00dfenbereich ist eine Impr\u00e4gnierung erforderlich )<\/a><\/li>\n<li style=\"font-size: 17px;\">Preise sind pro St\u00fcck<\/li>\n<li style=\"font-size: 17px;\">Ma\u00dfe 50cm x 100cm (Dicke 2 Zentimeter)<\/li>\n<li style=\"font-size: 17px;\">Gewicht ca. 1kg pro Platte<\/li>\n<li style=\"font-size: 17px;\">f\u00fcr drinnen und drau\u00dfen geeignet (nicht unter flie\u00dfendem Wasser)<\/li>\n<li style=\"font-size: 17px;\">Anbringbar an allen Arten von W\u00e4nden<\/li>\n<li style=\"font-size: 17px;\">kann direkt \u00fcber Tapeten, vorhandenen Fliesen, Holz, Glas usw. angebracht werden.<\/li>\n<li style=\"font-size: 17px;\">leicht zu bearbeiten mit einem Stanley-Messer, einer Hands\u00e4ge oder einer elektrischen S\u00e4ge<\/li>\n<li style=\"font-size: 17px;\">UV- und wetterfest<\/li>\n<li style=\"font-size: 17px;\">leicht, kratz- und sto\u00dffest<\/li>\n<li style=\"font-size: 17px;\">nach Belieben streichbar<\/li>\n<li style=\"font-size: 17px;\">g\u00fcnstige Auswirkungen auf die thermische und akustische Isolierung<\/li>\n<li style=\"font-size: 17px;\">rd-Wert etwa 0,6R<\/li>\n<li style=\"font-size: 17px;\">nicht von echtem Ziegelstein zu unterscheiden<\/li>\n<li style=\"font-size: 17px;\">Befestigung von Ecken durch Gehrungsschnitte (wie bei Sockelleisten)<\/li>\n<li style=\"font-size: 17px;\">Hervorragend geeignet f\u00fcr den Au\u00dfenbereich wie Gartenhaus, Chalet, Teichrand<\/li>\n<\/ul>\n<p style=\"font-size: 17px; font-style: normal; font-weight: 400; color: #4a4a4a; font-family: 'Source Sans Pro', sans-serif;\">Materialeigenschaften<\/p>\n<ul style=\"font-size: 17px; font-style: normal; font-weight: 400; color: #4a4a4a; font-family: 'Source Sans Pro', sans-serif;\">\n<li style=\"font-size: 17px;\">Unterschicht: ISOMO \/ EPS, expandiertes Polystyrol<\/li>\n<li style=\"font-size: 17px;\">Obere Schicht: Polyesterharz + Zement\/Gesteinsmehlmischung<\/li>\n<li style=\"font-size: 17px;\">100% recycelbar<\/li>\n<li style=\"font-size: 17px;\">Isolationswert \u00b1 RD 0,6<\/li>\n<\/ul>\n<p style=\"font-size: 17px; font-style: normal; font-weight: 400; color: #4a4a4a; font-family: 'Source Sans Pro', sans-serif;\">Tipp vom Profi!<br \/>\nBevor die Paneele verarbeitet werden, empfehlen wir Ihnen, die Kanten und Ecken der Paneele mit Vorsicht zu behandeln. Sollte der unwahrscheinliche Fall eintreten, dass die Seiten\/Ecken geringf\u00fcgig besch\u00e4digt sind, l\u00e4sst sich dies sehr leicht beheben.<br \/>\nDie Eigenschaften des Produkts werden dadurch in keiner Weise beeintr\u00e4chtigt. Legen Sie ein Lineal auf die R\u00fcckseite des Paneels und schneiden Sie mit einer feinzahnigen Hands\u00e4ge das gew\u00fcnschte St\u00fcck in horizontaler oder vertikaler Richtung zu.  <\/p>\n","protected":false},"excerpt":{"rendered":"<p>100x50x2cm<\/p>\n","protected":false},"featured_media":152200,"comment_status":"open","ping_status":"closed","template":"","meta":{"site-sidebar-layout":"default","site-content-layout":"","ast-site-content-layout":"default","site-content-style":"default","site-sidebar-style":"default","ast-global-header-display":"","ast-banner-title-visibility":"","ast-main-header-display":"","ast-hfb-above-header-display":"","ast-hfb-below-header-display":"","ast-hfb-mobile-header-display":"","site-post-title":"","ast-breadcrumbs-content":"","ast-featured-img":"","footer-sml-layout":"","ast-disable-related-posts":"","theme-transparent-header-meta":"default","adv-header-id-meta":"","stick-header-meta":"default","header-above-stick-meta":"","header-main-stick-meta":"","header-below-stick-meta":"","astra-migrate-meta-layouts":"default","ast-page-background-enabled":"default","ast-page-background-meta":{"desktop":{"background-color":"var(--ast-global-color-4)","background-image":"","background-repeat":"repeat","background-position":"center center","background-size":"auto","background-attachment":"scroll","background-type":"","background-media":"","overlay-type":"","overlay-color":"","overlay-opacity":"","overlay-gradient":""},"tablet":{"background-color":"","background-image":"","background-repeat":"repeat","background-position":"center center","background-size":"auto","background-attachment":"scroll","background-type":"","background-media":"","overlay-type":"","overlay-color":"","overlay-opacity":"","overlay-gradient":""},"mobile":{"background-color":"","background-image":"","background-repeat":"repeat","background-position":"center center","background-size":"auto","background-attachment":"scroll","background-type":"","background-media":"","overlay-type":"","overlay-color":"","overlay-opacity":"","overlay-gradient":""}},"ast-content-background-meta":{"desktop":{"background-color":"var(--ast-global-color-5)","background-image":"","background-repeat":"repeat","background-position":"center center","background-size":"auto","background-attachment":"scroll","background-type":"","background-media":"","overlay-type":"","overlay-color":"","overlay-opacity":"","overlay-gradient":""},"tablet":{"background-color":"var(--ast-global-color-5)","background-image":"","background-repeat":"repeat","background-position":"center center","background-size":"auto","background-attachment":"scroll","background-type":"","background-media":"","overlay-type":"","overlay-color":"","overlay-opacity":"","overlay-gradient":""},"mobile":{"background-color":"var(--ast-global-color-5)","background-image":"","background-repeat":"repeat","background-position":"center center","background-size":"auto","background-attachment":"scroll","background-type":"","background-media":"","overlay-type":"","overlay-color":"","overlay-opacity":"","overlay-gradient":""}}},"product_brand":[],"product_cat":[542,360,418],"product_tag":[364,363],"class_list":{"0":"post-157701","1":"product","2":"type-product","3":"status-publish","4":"has-post-thumbnail","6":"product_cat-3d-eps-wandpaneele","7":"product_cat-3d-wandpaneele","8":"product_cat-angebote","9":"product_tag-korting25-50eps-de-1","10":"product_tag-steinstreifen-im-freien","11":"product_shipping_class-3d-eps-8-de","12":"pa_steenstrips-geschikt-voor-hinter-dem-gasherd","13":"pa_steenstrips-geschikt-voor-outdoor-wetterfest","14":"desktop-align-left","15":"tablet-align-left","16":"mobile-align-left","17":"ast-product-gallery-layout-vertical-slider","18":"ast-product-tabs-layout-vertical","19":"ast-qv-on-image","21":"first","22":"outofstock","23":"sale","24":"featured","25":"taxable","26":"shipping-taxable","27":"purchasable","28":"product-type-simple"},"_links":{"self":[{"href":"https:\/\/aydodeco.nl\/de\/wp-json\/wp\/v2\/product\/157701","targetHints":{"allow":["GET"]}}],"collection":[{"href":"https:\/\/aydodeco.nl\/de\/wp-json\/wp\/v2\/product"}],"about":[{"href":"https:\/\/aydodeco.nl\/de\/wp-json\/wp\/v2\/types\/product"}],"replies":[{"embeddable":true,"href":"https:\/\/aydodeco.nl\/de\/wp-json\/wp\/v2\/comments?post=157701"}],"version-history":[{"count":0,"href":"https:\/\/aydodeco.nl\/de\/wp-json\/wp\/v2\/product\/157701\/revisions"}],"wp:featuredmedia":[{"embeddable":true,"href":"https:\/\/aydodeco.nl\/de\/wp-json\/wp\/v2\/media\/152200"}],"wp:attachment":[{"href":"https:\/\/aydodeco.nl\/de\/wp-json\/wp\/v2\/media?parent=157701"}],"wp:term":[{"taxonomy":"product_brand","embeddable":true,"href":"https:\/\/aydodeco.nl\/de\/wp-json\/wp\/v2\/product_brand?post=157701"},{"taxonomy":"product_cat","embeddable":true,"href":"https:\/\/aydodeco.nl\/de\/wp-json\/wp\/v2\/product_cat?post=157701"},{"taxonomy":"product_tag","embeddable":true,"href":"https:\/\/aydodeco.nl\/de\/wp-json\/wp\/v2\/product_tag?post=157701"}],"curies":[{"name":"wp","href":"https:\/\/api.w.org\/{rel}","templated":true}]}}