{"id":151894,"date":"2022-07-14T11:58:37","date_gmt":"2022-07-14T09:58:37","guid":{"rendered":"https:\/\/aydodeco.nl\/beton-wandplatte-light-outlet120x60cm\/"},"modified":"2024-09-30T08:55:02","modified_gmt":"2024-09-30T06:55:02","slug":"beton-wandplatte-light-outlet120x60cm","status":"publish","type":"product","link":"https:\/\/aydodeco.nl\/de\/beton-wandplatte-light-outlet120x60cm\/","title":{"rendered":"Beton-Wandplatte Light OUTLET120x60cm"},"content":{"rendered":"<h2>Betonwandplatte Concrete Cire Light<\/h2>\n<p>  Diese Betonwandplatte besteht auf der Oberseite aus echtem Beton und auf der R\u00fcckseite aus mit Polyresin verst\u00e4rktem Fiberglas.<br \/>\nDas macht sie nur 2 bis 4 mm dick, flexibel und leicht!<br \/>\nDiese Wandpaneele sind sehr einfach zu installieren und eine perfekte Alternative zu teuren, schweren Fliesen!    <\/p>\n<h3>Wandpaneele aus Beton f\u00fcr das Badezimmer<\/h3>\n<p>  Wussten Sie, dass sich Wandpaneele aus Beton hervorragend als Duschpaneele eignen?<br \/>\nW\u00e4hlen Sie Wandpaneele aus Beton f\u00fcr Ihr Badezimmer.<br \/>\nDiese Paneele lassen sich mit Montagekleber direkt an der Wand befestigen.<br \/>\nSie k\u00f6nnen also auch \u00fcber vorhandenen Fliesen in der Dusche oder im Badezimmer angebracht werden.<br \/>\nEntscheiden Sie sich auch f\u00fcr eine sch\u00f6ne neue Duschwand.      <span style=\"color: #ff0000;\"><strong>Achtung!<\/strong>  Da es sich um ein Wandpaneel handelt, das aus einer echten Schicht Beton\/Zement besteht, ist jedes Paneel anders.<br \/>\nVertiefungen, Schlieren, Flecken, Unebenheiten und leichte Kratzer sind Teil des Aussehens und des Charmes dieser Wandtafel.<br \/>\nKratzer und Flecken k\u00f6nnen mit der weichen Seite eines Schwamms entfernt werden.  <\/span><\/p>\n<p><strong>Eigenschaften des Produkts<\/strong><\/p>\n<ul>\n<li>2 Jahre Garantie<\/li>\n<li>F\u00fcr den Innen- und Au\u00dfenbereich geeignet<\/li>\n<li>Preise sind pro St\u00fcck<\/li>\n<li>Abmessungen 61cm x 122cm (Dicke 1 bis 2mm))<\/li>\n<li>Gewicht ca. 1,5 kg pro Wandpaneel<\/li>\n<li>geeignet f\u00fcr hinter dem Kochfeld <span style=\"color: #ff6600;\"><strong><a style=\"color: #ff6600;\" href=\"https:\/\/aydodeco.nl\/winkel\/natuursteen-impregnatie-0-25l-5m%c2%b2\/\">(nach Impr\u00e4gnierung mit Natursteinimpr\u00e4gnierung)<\/a><\/strong><\/span><\/li>\n<li>Anbringbar an allen Arten von W\u00e4nden<\/li>\n<li>kann direkt \u00fcber Tapeten, vorhandenen Fliesen, Holz, Glas usw. angebracht werden.<\/li>\n<li>mit einem Lineal\/einer Kreiss\u00e4ge zuschneiden<\/li>\n<li>UV- und wetterfest<\/li>\n<li>Sehr stark<\/li>\n<\/ul>\n<p><strong>Materialeigenschaften<\/strong><\/p>\n<ul>\n<li>Oberste Schicht: Beton + Polyresin<\/li>\n<li>Unterschicht: Polyesterharz + Glasfaser<\/li>\n<li>Flexibel \/ biegsam<\/li>\n<\/ul>\n<p><strong>Montage<\/strong><\/p>\n<ul>\n<li>Verwenden Sie Aydodeco Montagekleber und verteilen Sie ihn gut mit einem Klebekamm.<\/li>\n<li>Nach dem Anbringen fest andr\u00fccken<\/li>\n<li>f\u00fcr die Verwendung im Badezimmer mit Natursteinimpr\u00e4gnierung impr\u00e4gnieren und mit Silikondichtstoff in der gew\u00fcnschten Farbe versiegeln<\/li>\n<\/ul>\n<p><strong>Reinigung und Pflege<\/strong><\/p>\n<ul>\n<li>Impr\u00e4gnierung einmal alle 5 Jahre<\/li>\n<li>Reinigung mit gr\u00fcner Seife<\/li>\n<\/ul>\n","protected":false},"excerpt":{"rendered":"<p>Betonwandplatte Concrete Cire Light Diese Betonwandplatte besteht auf der Oberseite aus echtem Beton und auf der R\u00fcckseite aus mit Polyresin [&hellip;]<\/p>\n","protected":false},"featured_media":151895,"comment_status":"open","ping_status":"closed","template":"","meta":{"site-sidebar-layout":"default","site-content-layout":"","ast-site-content-layout":"default","site-content-style":"default","site-sidebar-style":"default","ast-global-header-display":"","ast-banner-title-visibility":"","ast-main-header-display":"","ast-hfb-above-header-display":"","ast-hfb-below-header-display":"","ast-hfb-mobile-header-display":"","site-post-title":"","ast-breadcrumbs-content":"","ast-featured-img":"","footer-sml-layout":"","ast-disable-related-posts":"","theme-transparent-header-meta":"","adv-header-id-meta":"","stick-header-meta":"","header-above-stick-meta":"","header-main-stick-meta":"","header-below-stick-meta":"","astra-migrate-meta-layouts":"default","ast-page-background-enabled":"default","ast-page-background-meta":{"desktop":{"background-color":"var(--ast-global-color-4)","background-image":"","background-repeat":"repeat","background-position":"center center","background-size":"auto","background-attachment":"scroll","background-type":"","background-media":"","overlay-type":"","overlay-color":"","overlay-opacity":"","overlay-gradient":""},"tablet":{"background-color":"","background-image":"","background-repeat":"repeat","background-position":"center center","background-size":"auto","background-attachment":"scroll","background-type":"","background-media":"","overlay-type":"","overlay-color":"","overlay-opacity":"","overlay-gradient":""},"mobile":{"background-color":"","background-image":"","background-repeat":"repeat","background-position":"center center","background-size":"auto","background-attachment":"scroll","background-type":"","background-media":"","overlay-type":"","overlay-color":"","overlay-opacity":"","overlay-gradient":""}},"ast-content-background-meta":{"desktop":{"background-color":"var(--ast-global-color-5)","background-image":"","background-repeat":"repeat","background-position":"center center","background-size":"auto","background-attachment":"scroll","background-type":"","background-media":"","overlay-type":"","overlay-color":"","overlay-opacity":"","overlay-gradient":""},"tablet":{"background-color":"var(--ast-global-color-5)","background-image":"","background-repeat":"repeat","background-position":"center center","background-size":"auto","background-attachment":"scroll","background-type":"","background-media":"","overlay-type":"","overlay-color":"","overlay-opacity":"","overlay-gradient":""},"mobile":{"background-color":"var(--ast-global-color-5)","background-image":"","background-repeat":"repeat","background-position":"center center","background-size":"auto","background-attachment":"scroll","background-type":"","background-media":"","overlay-type":"","overlay-color":"","overlay-opacity":"","overlay-gradient":""}}},"product_brand":[],"product_cat":[418,479,457,488],"product_tag":[428],"class_list":{"0":"post-151894","1":"product","2":"type-product","3":"status-publish","4":"has-post-thumbnail","6":"product_cat-angebote","7":"product_cat-wandpaneele-aus-naturstein","8":"product_cat-wandplatten-aus-beton","9":"product_cat-wandplatten-aus-naturstein-120x60","10":"product_tag-korting10-20marmer-de-1","11":"product_shipping_class-xl-paneelee","12":"pa_steenstrips-geschikt-voor-hinter-dem-gasherd","13":"pa_steenstrips-geschikt-voor-outdoor-wetterfest","14":"pa_steenstrips-geschikt-voor-wandpaneele-fur-das-badezimmer","15":"desktop-align-left","16":"tablet-align-left","17":"mobile-align-left","18":"ast-product-gallery-layout-vertical-slider","19":"ast-product-tabs-layout-vertical","20":"ast-qv-on-image","22":"first","23":"outofstock","24":"sale","25":"featured","26":"taxable","27":"shipping-taxable","28":"purchasable","29":"product-type-simple"},"_links":{"self":[{"href":"https:\/\/aydodeco.nl\/de\/wp-json\/wp\/v2\/product\/151894","targetHints":{"allow":["GET"]}}],"collection":[{"href":"https:\/\/aydodeco.nl\/de\/wp-json\/wp\/v2\/product"}],"about":[{"href":"https:\/\/aydodeco.nl\/de\/wp-json\/wp\/v2\/types\/product"}],"replies":[{"embeddable":true,"href":"https:\/\/aydodeco.nl\/de\/wp-json\/wp\/v2\/comments?post=151894"}],"version-history":[{"count":0,"href":"https:\/\/aydodeco.nl\/de\/wp-json\/wp\/v2\/product\/151894\/revisions"}],"wp:featuredmedia":[{"embeddable":true,"href":"https:\/\/aydodeco.nl\/de\/wp-json\/wp\/v2\/media\/151895"}],"wp:attachment":[{"href":"https:\/\/aydodeco.nl\/de\/wp-json\/wp\/v2\/media?parent=151894"}],"wp:term":[{"taxonomy":"product_brand","embeddable":true,"href":"https:\/\/aydodeco.nl\/de\/wp-json\/wp\/v2\/product_brand?post=151894"},{"taxonomy":"product_cat","embeddable":true,"href":"https:\/\/aydodeco.nl\/de\/wp-json\/wp\/v2\/product_cat?post=151894"},{"taxonomy":"product_tag","embeddable":true,"href":"https:\/\/aydodeco.nl\/de\/wp-json\/wp\/v2\/product_tag?post=151894"}],"curies":[{"name":"wp","href":"https:\/\/api.w.org\/{rel}","templated":true}]}}