{"id":151882,"date":"2022-07-03T12:32:16","date_gmt":"2022-07-03T10:32:16","guid":{"rendered":"https:\/\/aydodeco.nl\/flexbrick-rote-ziegelwandplatten\/"},"modified":"2024-09-30T08:54:41","modified_gmt":"2024-09-30T06:54:41","slug":"flexbrick-rote-ziegelwandplatten","status":"publish","type":"product","link":"https:\/\/aydodeco.nl\/de\/flexbrick-rote-ziegelwandplatten\/","title":{"rendered":"FlexBrick Rote Ziegelwandplatten"},"content":{"rendered":"<h2>Rote Ziegelwandplatten<\/h2>\n<p>  Roter Backstein ist vielleicht die h\u00e4ufigste Backsteinfarbe in den Niederlanden.<br \/>\nDiese zuverl\u00e4ssige Farbe ist aus dem niederl\u00e4ndischen Stra\u00dfenbild nicht mehr wegzudenken.<br \/>\nMan sieht sie vor allem an der Au\u00dfenfassade neuer Geb\u00e4ude.<br \/>\nSch\u00f6ner roter Backstein im niederl\u00e4ndischen Format.<br \/>\nAber auch in Innenr\u00e4umen sieht man immer mehr Backstein.<br \/>\nDer Vorteil gegen\u00fcber einer Backsteintapete ist, dass diese Steinstreifen echte Tiefe und Relief haben und sich wirklich wie Backstein anf\u00fchlen.<br \/>\nSie k\u00f6nnen sie auch an der Au\u00dfenwand anbringen.        &nbsp;<\/p>\n<p><strong>Hauptmerkmale  <\/strong><\/p>\n<ul>\n<li>Preis pro St\u00fcck<\/li>\n<li>Abmessungen <strong>66.5cm x 25cm &#8211; Dicke 4mm<\/strong><\/li>\n<li>Ziegelgr\u00f6\u00dfe <strong>21cmx5cm<\/strong><\/li>\n<li>flexible Steinstreifen (bei Zimmertemperatur leicht biegsam, f\u00fcr zus\u00e4tzliche Flexibilit\u00e4t erhitzen)<\/li>\n<li>geeignet f\u00fcr hinter dem Kochfeld <strong><a href=\"https:\/\/aydodeco.nl\/winkel\/montagemiddelen\/pe-protect-voor-natuursteen\/\">(nach Impr\u00e4gnierung mit pe-protect)<\/a><\/strong><\/li>\n<li>geringes Gewicht, ca. 5 kg\/m2<\/li>\n<li>keine zus\u00e4tzlichen Verbindungen erforderlich<\/li>\n<li>Handgeformte Qualit\u00e4t<\/li>\n<li>langlebig, robust, wirtschaftlich<\/li>\n<li>wetterfest, extrem strapazierf\u00e4hig<\/li>\n<li>sto\u00dffest, schlagfest<\/li>\n<li>f\u00fcr den Innen- und Au\u00dfeneinsatz geeignet (-40 bis +100 \u00b0C)<\/li>\n<li>Geeignet als Topcoat f\u00fcr WDVS-Systeme<\/li>\n<li>Schneiden mit einem Stanley-Messer (mit dem Messer schneiden und abrei\u00dfen) oder einer Blechschere<\/li>\n<li>Wasserabweisend, dampfdurchl\u00e4ssig und farbecht<\/li>\n<li>nicht brennbar nach EN 13501-1: 2007 + A1: 2009 B &#8211; s1, d0<\/li>\n<li>Offen f\u00fcr Dampf und daher \u00fcberstreichbar mit Wandfarben<\/li>\n<li>auch f\u00fcr abgerundete Ecken \/ Kurven<\/li>\n<\/ul>\n<p><strong>Material<\/strong><\/p>\n<ul>\n<li>haupts\u00e4chlich, nat\u00fcrliche Polymere<\/li>\n<\/ul>\n<p><strong>Montagematerial<\/strong><\/p>\n<ul>\n<li>Verkleben mit dem <span style=\"color: #bd7e02\"><strong><a style=\"color: #bd7e02\" href=\"https:\/\/aydodeco.nl\/winkel\/montagekit-binnen-gebruik\/\">Aydodeco Montage-Klebstoff<\/a><\/strong><\/span><\/li>\n<li>Mit einem scharfen Messer zuschneiden <a href=\"https:\/\/aydodeco.nl\/winkel\/stanleymes\/\"><span style=\"color: #ff6600\"><strong>scharfen Messer<\/strong><\/span><\/a> oder einer Schere<\/li>\n<\/ul>\n","protected":false},"excerpt":{"rendered":"<p>Rote Ziegelwandplatten Roter Backstein ist vielleicht die h\u00e4ufigste Backsteinfarbe in den Niederlanden. Diese zuverl\u00e4ssige Farbe ist aus dem niederl\u00e4ndischen Stra\u00dfenbild [&hellip;]<\/p>\n","protected":false},"featured_media":151884,"comment_status":"open","ping_status":"closed","template":"","meta":{"site-sidebar-layout":"default","site-content-layout":"","ast-site-content-layout":"default","site-content-style":"default","site-sidebar-style":"default","ast-global-header-display":"","ast-banner-title-visibility":"","ast-main-header-display":"","ast-hfb-above-header-display":"","ast-hfb-below-header-display":"","ast-hfb-mobile-header-display":"","site-post-title":"","ast-breadcrumbs-content":"","ast-featured-img":"","footer-sml-layout":"","ast-disable-related-posts":"","theme-transparent-header-meta":"default","adv-header-id-meta":"","stick-header-meta":"default","header-above-stick-meta":"","header-main-stick-meta":"","header-below-stick-meta":"","astra-migrate-meta-layouts":"default","ast-page-background-enabled":"default","ast-page-background-meta":{"desktop":{"background-color":"var(--ast-global-color-4)","background-image":"","background-repeat":"repeat","background-position":"center center","background-size":"auto","background-attachment":"scroll","background-type":"","background-media":"","overlay-type":"","overlay-color":"","overlay-opacity":"","overlay-gradient":""},"tablet":{"background-color":"","background-image":"","background-repeat":"repeat","background-position":"center center","background-size":"auto","background-attachment":"scroll","background-type":"","background-media":"","overlay-type":"","overlay-color":"","overlay-opacity":"","overlay-gradient":""},"mobile":{"background-color":"","background-image":"","background-repeat":"repeat","background-position":"center center","background-size":"auto","background-attachment":"scroll","background-type":"","background-media":"","overlay-type":"","overlay-color":"","overlay-opacity":"","overlay-gradient":""}},"ast-content-background-meta":{"desktop":{"background-color":"var(--ast-global-color-5)","background-image":"","background-repeat":"repeat","background-position":"center center","background-size":"auto","background-attachment":"scroll","background-type":"","background-media":"","overlay-type":"","overlay-color":"","overlay-opacity":"","overlay-gradient":""},"tablet":{"background-color":"var(--ast-global-color-5)","background-image":"","background-repeat":"repeat","background-position":"center center","background-size":"auto","background-attachment":"scroll","background-type":"","background-media":"","overlay-type":"","overlay-color":"","overlay-opacity":"","overlay-gradient":""},"mobile":{"background-color":"var(--ast-global-color-5)","background-image":"","background-repeat":"repeat","background-position":"center center","background-size":"auto","background-attachment":"scroll","background-type":"","background-media":"","overlay-type":"","overlay-color":"","overlay-opacity":"","overlay-gradient":""}}},"product_brand":[],"product_cat":[418,507],"product_tag":[],"class_list":{"0":"post-151882","1":"product","2":"type-product","3":"status-publish","4":"has-post-thumbnail","6":"product_cat-angebote","7":"product_cat-flexstein","8":"pa_steenstrips-geschikt-voor-hinter-dem-gasherd","9":"pa_steenstrips-geschikt-voor-outdoor-wetterfest","10":"desktop-align-left","11":"tablet-align-left","12":"mobile-align-left","13":"ast-product-gallery-layout-vertical-slider","14":"ast-product-tabs-layout-vertical","15":"ast-qv-on-image","17":"first","18":"outofstock","19":"sale","20":"featured","21":"taxable","22":"shipping-taxable","23":"purchasable","24":"product-type-simple"},"_links":{"self":[{"href":"https:\/\/aydodeco.nl\/de\/wp-json\/wp\/v2\/product\/151882","targetHints":{"allow":["GET"]}}],"collection":[{"href":"https:\/\/aydodeco.nl\/de\/wp-json\/wp\/v2\/product"}],"about":[{"href":"https:\/\/aydodeco.nl\/de\/wp-json\/wp\/v2\/types\/product"}],"replies":[{"embeddable":true,"href":"https:\/\/aydodeco.nl\/de\/wp-json\/wp\/v2\/comments?post=151882"}],"version-history":[{"count":0,"href":"https:\/\/aydodeco.nl\/de\/wp-json\/wp\/v2\/product\/151882\/revisions"}],"wp:featuredmedia":[{"embeddable":true,"href":"https:\/\/aydodeco.nl\/de\/wp-json\/wp\/v2\/media\/151884"}],"wp:attachment":[{"href":"https:\/\/aydodeco.nl\/de\/wp-json\/wp\/v2\/media?parent=151882"}],"wp:term":[{"taxonomy":"product_brand","embeddable":true,"href":"https:\/\/aydodeco.nl\/de\/wp-json\/wp\/v2\/product_brand?post=151882"},{"taxonomy":"product_cat","embeddable":true,"href":"https:\/\/aydodeco.nl\/de\/wp-json\/wp\/v2\/product_cat?post=151882"},{"taxonomy":"product_tag","embeddable":true,"href":"https:\/\/aydodeco.nl\/de\/wp-json\/wp\/v2\/product_tag?post=151882"}],"curies":[{"name":"wp","href":"https:\/\/api.w.org\/{rel}","templated":true}]}}