{"id":151765,"date":"2022-05-12T15:51:12","date_gmt":"2022-05-12T13:51:12","guid":{"rendered":"https:\/\/aydodeco.nl\/naturstein-wandpaneel-carbon-black-xl-122x260cm\/"},"modified":"2026-02-28T11:42:36","modified_gmt":"2026-02-28T10:42:36","slug":"naturstein-wandpaneel-carbon-black-xl-122x260cm","status":"publish","type":"product","link":"https:\/\/aydodeco.nl\/de\/naturstein-wandpaneel-carbon-black-xl-122x260cm\/","title":{"rendered":"Naturstein Wandpaneel &#8211; Carbon Black XL &#8211; 122x260cm"},"content":{"rendered":"<h2>Naturstein Carbon Black XL<\/h2>\n<p>Das Wandpaneel Natural Stone Carbon Black XL besteht auf der Oberseite aus 100% Naturstein und auf der R\u00fcckseite aus mit Polyresin verst\u00e4rktem Fiberglas. Dadurch ist es nur 2 bis 4 mm dick, flexibel und leicht! Diese Wandpaneele sind sehr einfach zu installieren und eine perfekte Alternative zu teuren, schweren Fliesen!  <\/p>\n<p><strong>Achtung!<\/strong>  Da es sich um ein Naturprodukt handelt, sind die Platten nie identisch. Jede Platte hat ihre eigenen sch\u00f6nen Farbt\u00f6ne, Maserungen, Adern und Reliefs. Dies sind charakteristische Merkmale von Naturstein.  <\/p>\n<p><strong>Eigenschaften des Produkts<\/strong><\/p>\n<ul>\n<li><strong>geeignet f\u00fcr das Badezimmer, auch unter flie\u00dfendem Warmwasser (Impr\u00e4gnierung erforderlich)<\/strong><\/li>\n<li>2 Jahre Garantie<\/li>\n<li>F\u00fcr den Innen- und Au\u00dfenbereich geeignet<\/li>\n<li>Preise sind pro St\u00fcck<\/li>\n<li>Ma\u00dfe 122cm x 260cm (Dicke 2 bis 4mm)<\/li>\n<li>Gewicht ca. 8 kg pro Wandpaneel<\/li>\n<li>geeignet f\u00fcr hinter dem Kochfeld <span style=\"color: #ff6600;\"><strong><a style=\"color: #ff6600;\" href=\"https:\/\/aydodeco.nl\/winkel\/montagemiddelen\/pe-protect-voor-natuursteen\/\">(nach Impr\u00e4gnierung mit Natursteinimpr\u00e4gnierung)<\/a><\/strong><\/span><\/li>\n<li>Anbringbar an allen Arten von W\u00e4nden<\/li>\n<li>kann direkt \u00fcber Tapeten, vorhandenen Fliesen, Holz, Glas usw. angebracht werden.<\/li>\n<li>mit einem Lineal\/einer Kreiss\u00e4ge zuschneiden<\/li>\n<li>UV- und wetterfest<\/li>\n<li>Sehr stark<\/li>\n<\/ul>\n<p><strong>Materialeigenschaften<\/strong><\/p>\n<ul>\n<li>Oberste Schicht: 100% Naturstein<\/li>\n<li>Unterschicht: Polyesterharz + Glasfaser<\/li>\n<li>Flexibel \/ biegsam<\/li>\n<li>Naturprodukt<\/li>\n<\/ul>\n<p><strong>Montage<\/strong><\/p>\n<ul>\n<li>Schneiden Sie mit einer diamantbest\u00fcckten Kreiss\u00e4ge auf Ma\u00df.<\/li>\n<li>3 Tuben Montagekleber pro Blatt<\/li>\n<li>Verwenden Sie Aydodeco Montagekleber und verteilen Sie ihn gut mit einem Klebekamm.<\/li>\n<li>Nach dem Anbringen fest andr\u00fccken<\/li>\n<li>f\u00fcr die Verwendung im Badezimmer mit Natursteinimpr\u00e4gnierung impr\u00e4gnieren und mit Silikondichtstoff in der gew\u00fcnschten Farbe versiegeln<\/li>\n<li>Sie k\u00f6nnen 2 Platten mit 1 Tube Sanit\u00e4rversiegelung versiegeln<\/li>\n<\/ul>\n<p><strong>Reinigung und Pflege<\/strong><\/p>\n<ul>\n<li>Impr\u00e4gnierung einmal alle 5 Jahre<\/li>\n<li>Reinigung mit gr\u00fcner Seife und weicher B\u00fcrste<\/li>\n<li>Verwenden Sie auf keinen Fall <strong>Anti-Kalk<\/strong>!<\/li>\n<\/ul>\n","protected":false},"excerpt":{"rendered":"<p>122x260x0,1-0,2cm<\/p>\n","protected":false},"featured_media":151766,"comment_status":"open","ping_status":"closed","template":"","meta":{"site-sidebar-layout":"default","site-content-layout":"","ast-site-content-layout":"default","site-content-style":"default","site-sidebar-style":"default","ast-global-header-display":"","ast-banner-title-visibility":"","ast-main-header-display":"","ast-hfb-above-header-display":"","ast-hfb-below-header-display":"","ast-hfb-mobile-header-display":"","site-post-title":"","ast-breadcrumbs-content":"","ast-featured-img":"","footer-sml-layout":"","ast-disable-related-posts":"","theme-transparent-header-meta":"default","adv-header-id-meta":"","stick-header-meta":"default","header-above-stick-meta":"","header-main-stick-meta":"","header-below-stick-meta":"","astra-migrate-meta-layouts":"default","ast-page-background-enabled":"default","ast-page-background-meta":{"desktop":{"background-color":"var(--ast-global-color-4)","background-image":"","background-repeat":"repeat","background-position":"center center","background-size":"auto","background-attachment":"scroll","background-type":"","background-media":"","overlay-type":"","overlay-color":"","overlay-opacity":"","overlay-gradient":""},"tablet":{"background-color":"","background-image":"","background-repeat":"repeat","background-position":"center center","background-size":"auto","background-attachment":"scroll","background-type":"","background-media":"","overlay-type":"","overlay-color":"","overlay-opacity":"","overlay-gradient":""},"mobile":{"background-color":"","background-image":"","background-repeat":"repeat","background-position":"center center","background-size":"auto","background-attachment":"scroll","background-type":"","background-media":"","overlay-type":"","overlay-color":"","overlay-opacity":"","overlay-gradient":""}},"ast-content-background-meta":{"desktop":{"background-color":"var(--ast-global-color-5)","background-image":"","background-repeat":"repeat","background-position":"center center","background-size":"auto","background-attachment":"scroll","background-type":"","background-media":"","overlay-type":"","overlay-color":"","overlay-opacity":"","overlay-gradient":""},"tablet":{"background-color":"var(--ast-global-color-5)","background-image":"","background-repeat":"repeat","background-position":"center center","background-size":"auto","background-attachment":"scroll","background-type":"","background-media":"","overlay-type":"","overlay-color":"","overlay-opacity":"","overlay-gradient":""},"mobile":{"background-color":"var(--ast-global-color-5)","background-image":"","background-repeat":"repeat","background-position":"center center","background-size":"auto","background-attachment":"scroll","background-type":"","background-media":"","overlay-type":"","overlay-color":"","overlay-opacity":"","overlay-gradient":""}}},"product_brand":[],"product_cat":[480,479],"product_tag":[428],"class_list":{"0":"post-151765","1":"product","2":"type-product","3":"status-publish","4":"has-post-thumbnail","6":"product_cat-naturstein-wandplatten-xl","7":"product_cat-wandpaneele-aus-naturstein","8":"product_tag-korting10-20marmer-de-1","9":"product_shipping_class-xl-paneelee","10":"pa_steenstrips-geschikt-voor-hinter-dem-gasherd","11":"pa_steenstrips-geschikt-voor-outdoor-wetterfest","12":"pa_steenstrips-geschikt-voor-wandpaneele-fur-das-badezimmer","13":"desktop-align-left","14":"tablet-align-left","15":"mobile-align-left","16":"ast-product-gallery-layout-vertical-slider","17":"ast-product-tabs-layout-vertical","18":"ast-qv-on-image","20":"first","21":"outofstock","22":"taxable","23":"shipping-taxable","24":"purchasable","25":"product-type-simple"},"_links":{"self":[{"href":"https:\/\/aydodeco.nl\/de\/wp-json\/wp\/v2\/product\/151765","targetHints":{"allow":["GET"]}}],"collection":[{"href":"https:\/\/aydodeco.nl\/de\/wp-json\/wp\/v2\/product"}],"about":[{"href":"https:\/\/aydodeco.nl\/de\/wp-json\/wp\/v2\/types\/product"}],"replies":[{"embeddable":true,"href":"https:\/\/aydodeco.nl\/de\/wp-json\/wp\/v2\/comments?post=151765"}],"version-history":[{"count":0,"href":"https:\/\/aydodeco.nl\/de\/wp-json\/wp\/v2\/product\/151765\/revisions"}],"wp:featuredmedia":[{"embeddable":true,"href":"https:\/\/aydodeco.nl\/de\/wp-json\/wp\/v2\/media\/151766"}],"wp:attachment":[{"href":"https:\/\/aydodeco.nl\/de\/wp-json\/wp\/v2\/media?parent=151765"}],"wp:term":[{"taxonomy":"product_brand","embeddable":true,"href":"https:\/\/aydodeco.nl\/de\/wp-json\/wp\/v2\/product_brand?post=151765"},{"taxonomy":"product_cat","embeddable":true,"href":"https:\/\/aydodeco.nl\/de\/wp-json\/wp\/v2\/product_cat?post=151765"},{"taxonomy":"product_tag","embeddable":true,"href":"https:\/\/aydodeco.nl\/de\/wp-json\/wp\/v2\/product_tag?post=151765"}],"curies":[{"name":"wp","href":"https:\/\/api.w.org\/{rel}","templated":true}]}}