{"id":151611,"date":"2022-03-21T13:03:45","date_gmt":"2022-03-21T12:03:45","guid":{"rendered":"https:\/\/aydodeco.nl\/selbstklebender-mosaikstein-streifen-hexagon-aydo-schwarzer-stahl-294x31x04cm\/"},"modified":"2026-03-17T21:19:32","modified_gmt":"2026-03-17T20:19:32","slug":"selbstklebender-mosaikstein-streifen-hexagon-aydo-schwarzer-stahl-294x31x04cm","status":"publish","type":"product","link":"https:\/\/aydodeco.nl\/de\/selbstklebender-mosaikstein-streifen-hexagon-aydo-schwarzer-stahl-294x31x04cm\/","title":{"rendered":"Selbstklebende Mosaik-Wandfliese Hexagon AYDO &#8211; Schwarzer Stahl &#8211; 29,4x31x0,4cm"},"content":{"rendered":"<h2>Selbstklebendes Mosaik AYDO<\/h2>\n<p>Mosaic Tile AYDO ist ein selbstklebender Steinstreifen aus Aluminium, der exklusiv bei Aydodeco erh\u00e4ltlich ist!<br \/>\nSelbstklebende Steinstreifen sind ein Trend! Nicht von echten Fliesen zu unterscheiden und sehr einfach zu befestigen und zu personalisieren. Die selbstklebenden Mosaiksteinstreifen von Aydo Deco sind einzigartig und f\u00fcr alle Innenbereiche geeignet (au\u00dfer f\u00fcr den Nassbereich in der Dusche). Auf der R\u00fcckseite befindet sich eine sehr starke 3M-Aufkleberschicht, die Klebstoff oder andere Befestigungsmaterialien \u00fcberfl\u00fcssig macht!    Diese Mosaike in Fliesenoptik k\u00f6nnen direkt \u00fcber alte Fliesen, Tapeten oder andere flache W\u00e4nde gelegt werden!<\/p>\n<p><strong>Hauptmerkmale<\/strong><\/p>\n<ul style=\"list-style-type: circle\">\n<li>2 Jahre Garantie<\/li>\n<li>Oberschicht aus hochwertigem PVC und Aluminium<\/li>\n<li>selbstklebend (3m starke selbstklebende Unterlage)<\/li>\n<li>Kratz-, licht- und sto\u00dffest<\/li>\n<li>Abmessungen L\u00e4nge 294mm x Breite 310mm x Dicke 4mm<\/li>\n<li>Preise sind einzeln aufgef\u00fchrt<\/li>\n<li>einfache Selbstmontage<\/li>\n<li>mit einem Stanley-Messer zuschneiden (mit Lineal einschneiden und mit Zange abbrechen)<\/li>\n<li>geeignet f\u00fcr alle Innenbereiche (au\u00dfer unter der Duschkabine)<\/li>\n<li>geeignet f\u00fcr den Einbau hinter dem Kochfeld <strong>(Hinweis: f\u00fcr hohe Br\u00e4nde, entfernen Sie die Pfanne mindestens 15 cm von der Wand)<\/strong><\/li>\n<li>Bei gr\u00f6beren oder por\u00f6sen W\u00e4nden empfehlen wir die Verwendung von zus\u00e4tzlichem Montagekleber<\/li>\n<li>leicht zu entfernen mit einem Hitzetrockner und einem Abisoliermesser<\/li>\n<li>kann direkt \u00fcber Tapeten und Fliesen verwendet werden<\/li>\n<li>nicht f\u00fcr Kamine geeignet, bei denen die Temperaturen 80 Grad Celsius \u00fcberschreiten.<\/li>\n<\/ul>\n<p><strong>Materialeigenschaften:<\/strong><\/p>\n<ul>\n<li>Unterschicht: Polyester mit Glasfaserverst\u00e4rkung (Fasertr\u00e4ger)<\/li>\n<li>Oberste Schicht: Aluminium<\/li>\n<li>jede Kachel hat ein anderes Muster (so dass Sie kein wiederkehrendes Muster sehen)<\/li>\n<\/ul>\n<p><a href=\"https:\/\/aydodeco.nl\/de\/steinstreifen\/\"><strong>Lesen Sie hier mehr \u00fcber unsere Steinstreifen<\/strong><\/a><\/p>\n","protected":false},"excerpt":{"rendered":"<p>29.4x31x0.4cm<\/p>\n","protected":false},"featured_media":144285,"comment_status":"open","ping_status":"closed","template":"","meta":{"site-sidebar-layout":"default","site-content-layout":"","ast-site-content-layout":"default","site-content-style":"default","site-sidebar-style":"default","ast-global-header-display":"","ast-banner-title-visibility":"","ast-main-header-display":"","ast-hfb-above-header-display":"","ast-hfb-below-header-display":"","ast-hfb-mobile-header-display":"","site-post-title":"","ast-breadcrumbs-content":"","ast-featured-img":"","footer-sml-layout":"","ast-disable-related-posts":"","theme-transparent-header-meta":"default","adv-header-id-meta":"","stick-header-meta":"default","header-above-stick-meta":"","header-main-stick-meta":"","header-below-stick-meta":"","astra-migrate-meta-layouts":"set","ast-page-background-enabled":"default","ast-page-background-meta":{"desktop":{"background-color":"var(--ast-global-color-4)","background-image":"","background-repeat":"repeat","background-position":"center center","background-size":"auto","background-attachment":"scroll","background-type":"","background-media":"","overlay-type":"","overlay-color":"","overlay-opacity":"","overlay-gradient":""},"tablet":{"background-color":"","background-image":"","background-repeat":"repeat","background-position":"center center","background-size":"auto","background-attachment":"scroll","background-type":"","background-media":"","overlay-type":"","overlay-color":"","overlay-opacity":"","overlay-gradient":""},"mobile":{"background-color":"","background-image":"","background-repeat":"repeat","background-position":"center center","background-size":"auto","background-attachment":"scroll","background-type":"","background-media":"","overlay-type":"","overlay-color":"","overlay-opacity":"","overlay-gradient":""}},"ast-content-background-meta":{"desktop":{"background-color":"var(--ast-global-color-5)","background-image":"","background-repeat":"repeat","background-position":"center center","background-size":"auto","background-attachment":"scroll","background-type":"","background-media":"","overlay-type":"","overlay-color":"","overlay-opacity":"","overlay-gradient":""},"tablet":{"background-color":"var(--ast-global-color-5)","background-image":"","background-repeat":"repeat","background-position":"center center","background-size":"auto","background-attachment":"scroll","background-type":"","background-media":"","overlay-type":"","overlay-color":"","overlay-opacity":"","overlay-gradient":""},"mobile":{"background-color":"var(--ast-global-color-5)","background-image":"","background-repeat":"repeat","background-position":"center center","background-size":"auto","background-attachment":"scroll","background-type":"","background-media":"","overlay-type":"","overlay-color":"","overlay-opacity":"","overlay-gradient":""}}},"product_brand":[],"product_cat":[401,402],"product_tag":[777,404,403],"class_list":{"0":"post-151611","1":"product","2":"type-product","3":"status-publish","4":"has-post-thumbnail","6":"product_cat-mosaik-stein-streifen","7":"product_cat-selbstklebende-steinstreifen","8":"product_tag-blackfriday-de","9":"product_tag-korting50-100zelfklevende-de-1","10":"product_tag-selbstklebend","11":"product_shipping_class-zelfmozaiek-30-de","12":"pa_steenstrips-geschikt-voor-hinter-dem-gasherd","13":"desktop-align-left","14":"tablet-align-left","15":"mobile-align-left","16":"ast-product-gallery-layout-vertical-slider","17":"ast-product-tabs-layout-vertical","18":"ast-qv-on-image","20":"first","21":"instock","22":"taxable","23":"shipping-taxable","24":"purchasable","25":"product-type-simple"},"_links":{"self":[{"href":"https:\/\/aydodeco.nl\/de\/wp-json\/wp\/v2\/product\/151611","targetHints":{"allow":["GET"]}}],"collection":[{"href":"https:\/\/aydodeco.nl\/de\/wp-json\/wp\/v2\/product"}],"about":[{"href":"https:\/\/aydodeco.nl\/de\/wp-json\/wp\/v2\/types\/product"}],"replies":[{"embeddable":true,"href":"https:\/\/aydodeco.nl\/de\/wp-json\/wp\/v2\/comments?post=151611"}],"version-history":[{"count":0,"href":"https:\/\/aydodeco.nl\/de\/wp-json\/wp\/v2\/product\/151611\/revisions"}],"wp:featuredmedia":[{"embeddable":true,"href":"https:\/\/aydodeco.nl\/de\/wp-json\/wp\/v2\/media\/144285"}],"wp:attachment":[{"href":"https:\/\/aydodeco.nl\/de\/wp-json\/wp\/v2\/media?parent=151611"}],"wp:term":[{"taxonomy":"product_brand","embeddable":true,"href":"https:\/\/aydodeco.nl\/de\/wp-json\/wp\/v2\/product_brand?post=151611"},{"taxonomy":"product_cat","embeddable":true,"href":"https:\/\/aydodeco.nl\/de\/wp-json\/wp\/v2\/product_cat?post=151611"},{"taxonomy":"product_tag","embeddable":true,"href":"https:\/\/aydodeco.nl\/de\/wp-json\/wp\/v2\/product_tag?post=151611"}],"curies":[{"name":"wp","href":"https:\/\/api.w.org\/{rel}","templated":true}]}}