{"id":151437,"date":"2021-08-31T12:43:41","date_gmt":"2021-08-31T10:43:41","guid":{"rendered":"https:\/\/aydodeco.nl\/klebefliese-hexagon-kupfer\/"},"modified":"2026-03-17T21:19:33","modified_gmt":"2026-03-17T20:19:33","slug":"klebefliese-hexagon-kupfer","status":"publish","type":"product","link":"https:\/\/aydodeco.nl\/de\/klebefliese-hexagon-kupfer\/","title":{"rendered":"Klebefliese Hexagon Kupfer"},"content":{"rendered":"<h1>Klebefliese Hexagon Kupfer<\/h1>\n<p>Selbstklebende Steinstreifen sind ein Trend! Nicht von echten Fliesen zu unterscheiden und sehr einfach zu verlegen und individuell zu gestalten. Die selbstklebenden Mosaiksteinstreifen von Aydo Deco sind einzigartig und f\u00fcr alle Innenbereiche geeignet (au\u00dfer f\u00fcr die Nasszelle). Auf der R\u00fcckseite befindet sich eine sehr starke 3M-Aufkleberschicht, so dass kein Kleber oder anderes Befestigungsmaterial ben\u00f6tigt wird! Die obere Schicht besteht aus Aluminium und hochwertigem, strapazierf\u00e4higem PVC! Diese Mosaike in Fliesenoptik k\u00f6nnen direkt \u00fcber alte Fliesen, Tapeten oder andere flache W\u00e4nde gelegt werden!<br \/>\nDieser kupferfarbene Mosaiksteinstreifen ist eine Bereicherung f\u00fcr jeden Raum! Sie m\u00fcssen nichts mehr hinzuf\u00fcgen und k\u00f6nnen ihn einfach mit einem feuchten Tuch reinigen! <\/p>\n<h2>Sechseckige Fliesen<\/h2>\n<p>Sechseckige Fliesen sind ein absoluter Trend und der Trend scheint sich in allen Bereichen des Hauses fortzusetzen. Diese Fliesen werden wegen ihrer sechseckigen Form auch als Wabenfliesen bezeichnet. Wir haben ein sehr sch\u00f6nes und luxuri\u00f6ses Sortiment an sechseckigen Fliesen, die selbstklebend sind. So k\u00f6nnen Sie im Handumdrehen eine trendige Wand gestalten. Denken Sie zum Beispiel an diese sch\u00f6nen sechseckigen Fliesen an einer K\u00fcchenwand oder hinter einer Kinowand!    <\/p>\n<h4>Wesentliche Merkmale<\/h4>\n<p>2 Jahre Garantie<br \/>\nAbmessungen L\u00e4nge 290 mm x Breite 307 mm x Dicke 4 mm<br \/>\nOberschicht aus hochwertigem PVC und Aluminium<br \/>\nselbstklebend (3m starkes selbstklebendes Tr\u00e4germaterial)<br \/>\nKratz-, licht- und sto\u00dffest<br \/>\nPreise sind einzeln aufgef\u00fchrt<br \/>\nleicht selbst zu montieren<br \/>\nmit einem Stanley-Messer zuschneiden (mit einem Lineal schneiden und mit einer Zange abbrechen)<br \/>\ngeeignet f\u00fcr alle Innenbereiche (au\u00dfer unter der Duschkabine)<br \/>\ngeeignet f\u00fcr hinter dem Kochfeld (bitte beachten Sie! Halten Sie die Pfanne bei gro\u00dfer Hitze mindestens 15 cm von der Wand entfernt)<br \/>\nbei gr\u00f6beren W\u00e4nden oder por\u00f6sen W\u00e4nden empfehlen wir die Verwendung von zus\u00e4tzlichem Montagekleber<br \/>\nkann direkt \u00fcber Tapeten und Fliesen angebracht werden<br \/>\nnicht geeignet f\u00fcr Kamine, bei denen die Temperatur h\u00f6her als 80 Grad Celsius ist<\/p>\n<h4>Materialeigenschaften:<\/h4>\n<p>Untere Schicht: Polyester mit Glasfaserverst\u00e4rkung (Fasertr\u00e4ger)<br \/>\nObere Schicht: Aluminium &amp; Hochwertiges PVC<br \/>\njede Kachel hat ein anderes Muster (so dass Sie kein wiederkehrendes Muster sehen)<\/p>\n","protected":false},"excerpt":{"rendered":"<p>29&#215;30.7&#215;0.4cm<\/p>\n","protected":false},"featured_media":136760,"comment_status":"open","ping_status":"closed","template":"","meta":{"site-sidebar-layout":"default","site-content-layout":"","ast-site-content-layout":"default","site-content-style":"default","site-sidebar-style":"default","ast-global-header-display":"","ast-banner-title-visibility":"","ast-main-header-display":"","ast-hfb-above-header-display":"","ast-hfb-below-header-display":"","ast-hfb-mobile-header-display":"","site-post-title":"","ast-breadcrumbs-content":"","ast-featured-img":"","footer-sml-layout":"","ast-disable-related-posts":"","theme-transparent-header-meta":"default","adv-header-id-meta":"","stick-header-meta":"default","header-above-stick-meta":"","header-main-stick-meta":"","header-below-stick-meta":"","astra-migrate-meta-layouts":"set","ast-page-background-enabled":"default","ast-page-background-meta":{"desktop":{"background-color":"var(--ast-global-color-4)","background-image":"","background-repeat":"repeat","background-position":"center center","background-size":"auto","background-attachment":"scroll","background-type":"","background-media":"","overlay-type":"","overlay-color":"","overlay-opacity":"","overlay-gradient":""},"tablet":{"background-color":"","background-image":"","background-repeat":"repeat","background-position":"center center","background-size":"auto","background-attachment":"scroll","background-type":"","background-media":"","overlay-type":"","overlay-color":"","overlay-opacity":"","overlay-gradient":""},"mobile":{"background-color":"","background-image":"","background-repeat":"repeat","background-position":"center center","background-size":"auto","background-attachment":"scroll","background-type":"","background-media":"","overlay-type":"","overlay-color":"","overlay-opacity":"","overlay-gradient":""}},"ast-content-background-meta":{"desktop":{"background-color":"var(--ast-global-color-5)","background-image":"","background-repeat":"repeat","background-position":"center center","background-size":"auto","background-attachment":"scroll","background-type":"","background-media":"","overlay-type":"","overlay-color":"","overlay-opacity":"","overlay-gradient":""},"tablet":{"background-color":"var(--ast-global-color-5)","background-image":"","background-repeat":"repeat","background-position":"center center","background-size":"auto","background-attachment":"scroll","background-type":"","background-media":"","overlay-type":"","overlay-color":"","overlay-opacity":"","overlay-gradient":""},"mobile":{"background-color":"var(--ast-global-color-5)","background-image":"","background-repeat":"repeat","background-position":"center center","background-size":"auto","background-attachment":"scroll","background-type":"","background-media":"","overlay-type":"","overlay-color":"","overlay-opacity":"","overlay-gradient":""}}},"product_brand":[],"product_cat":[401,402],"product_tag":[777,404,403],"class_list":{"0":"post-151437","1":"product","2":"type-product","3":"status-publish","4":"has-post-thumbnail","6":"product_cat-mosaik-stein-streifen","7":"product_cat-selbstklebende-steinstreifen","8":"product_tag-blackfriday-de","9":"product_tag-korting50-100zelfklevende-de-1","10":"product_tag-selbstklebend","11":"product_shipping_class-zelfmozaiek-30-de","12":"pa_steenstrips-geschikt-voor-hinter-dem-gasherd","13":"desktop-align-left","14":"tablet-align-left","15":"mobile-align-left","16":"ast-product-gallery-layout-vertical-slider","17":"ast-product-tabs-layout-vertical","18":"ast-qv-on-image","20":"first","21":"instock","22":"sale","23":"taxable","24":"shipping-taxable","25":"purchasable","26":"product-type-simple"},"_links":{"self":[{"href":"https:\/\/aydodeco.nl\/de\/wp-json\/wp\/v2\/product\/151437","targetHints":{"allow":["GET"]}}],"collection":[{"href":"https:\/\/aydodeco.nl\/de\/wp-json\/wp\/v2\/product"}],"about":[{"href":"https:\/\/aydodeco.nl\/de\/wp-json\/wp\/v2\/types\/product"}],"replies":[{"embeddable":true,"href":"https:\/\/aydodeco.nl\/de\/wp-json\/wp\/v2\/comments?post=151437"}],"version-history":[{"count":0,"href":"https:\/\/aydodeco.nl\/de\/wp-json\/wp\/v2\/product\/151437\/revisions"}],"wp:featuredmedia":[{"embeddable":true,"href":"https:\/\/aydodeco.nl\/de\/wp-json\/wp\/v2\/media\/136760"}],"wp:attachment":[{"href":"https:\/\/aydodeco.nl\/de\/wp-json\/wp\/v2\/media?parent=151437"}],"wp:term":[{"taxonomy":"product_brand","embeddable":true,"href":"https:\/\/aydodeco.nl\/de\/wp-json\/wp\/v2\/product_brand?post=151437"},{"taxonomy":"product_cat","embeddable":true,"href":"https:\/\/aydodeco.nl\/de\/wp-json\/wp\/v2\/product_cat?post=151437"},{"taxonomy":"product_tag","embeddable":true,"href":"https:\/\/aydodeco.nl\/de\/wp-json\/wp\/v2\/product_tag?post=151437"}],"curies":[{"name":"wp","href":"https:\/\/api.w.org\/{rel}","templated":true}]}}