{"id":151263,"date":"2021-07-19T11:36:22","date_gmt":"2021-07-19T09:36:22","guid":{"rendered":"https:\/\/aydodeco.nl\/selbstklebender-steinstreifen-waldbrand-60x15cm\/"},"modified":"2025-04-04T11:39:34","modified_gmt":"2025-04-04T09:39:34","slug":"selbstklebender-steinstreifen-waldbrand-60x15cm","status":"publish","type":"product","link":"https:\/\/aydodeco.nl\/de\/selbstklebender-steinstreifen-waldbrand-60x15cm\/","title":{"rendered":"Selbstklebender Steinstreifen Waldbrand 60x15cm"},"content":{"rendered":"<h2>Selbstklebende Steinstreifen Waldbrand<\/h2>\n<p>Die selbstklebenden Steinstreifen von AydoDeco sind aus 100% echtem Naturstein hergestellt. Die Steinstreifen sind selbstklebend und enthalten eine sehr starke 3M Klebeschicht auf der R\u00fcckseite. Vergessen Sie dicke, schwere Steinstreifen! Unsere Steinstreifen sind ultraleicht, flexibel und sehr einfach zu verlegen! Die Steinstreifen sind aus echtem Naturstein gefertigt und weisen daher echte Reliefs, Farbschattierungen und unterschiedliche Dicken auf dem gesamten Steinstreifen auf. Diese Steinstreifen sind ideal, um z.B. Ihre K\u00fcchenwand zu versch\u00f6nern!     <\/p>\n<p><strong>Hauptmerkmale<\/strong><\/p>\n<ul>\n<li>2 Jahre Garantie<\/li>\n<li>Die oberste Schicht enth\u00e4lt 100% echten Naturstein<\/li>\n<li>selbstklebend (3m starke selbstklebende Unterlage)<\/li>\n<li>Kratz-, licht- und sto\u00dffest<\/li>\n<li>Ma\u00dfe 60cm x 15cm (Dicke ca. 4mm)<\/li>\n<li>Gewicht: ca. 150 Gramm pro St\u00fcck<\/li>\n<li>Preise sind einzeln aufgef\u00fchrt<\/li>\n<li>einfache Selbstmontage<\/li>\n<li>zugeschnitten mit unserer speziellen <a href=\"https:\/\/aydodeco.nl\/winkel\/zelfklevend-natuursteen\/blikschaar-professioneel\/\"><strong><span style=\"color: #ff6600;\">Blechschere <\/span><\/strong><\/a> <\/li>\n<li>geeignet f\u00fcr alle Innenbereiche (au\u00dfer unter der Duschkabine)<\/li>\n<li>geeignet f\u00fcr hinter dem Kochfeld <span style=\"color: #000000;\"><strong><a style=\"color: #000000;\" href=\"https:\/\/aydodeco.nl\/winkel\/natuursteen-impregnatie-0-25l-5m%c2%b2\/\">(nach Impr\u00e4gnierung mit Natursteinimpr\u00e4gnierung)<\/a><\/strong><\/span><\/li>\n<li>Bei gr\u00f6beren oder por\u00f6sen W\u00e4nden empfehlen wir die Verwendung von zus\u00e4tzlichem Montagekleber<\/li>\n<li>leicht zu entfernen mit einem Hitzetrockner und einem Abisoliermesser<\/li>\n<li>kann direkt \u00fcber Tapeten und Fliesen verwendet werden<\/li>\n<li>nicht f\u00fcr Kamine geeignet, bei denen die Temperaturen 80 Grad Celsius \u00fcberschreiten.<\/li>\n<\/ul>\n<p><strong>Materialeigenschaften<\/strong><\/p>\n<ul>\n<li>Unterschicht: Polyester mit Glasfaserverst\u00e4rkung (Fasertr\u00e4ger)<\/li>\n<li>Obere Schicht: Schiefer; abwechselnd Schichten aus Quarz mit Feldspat und Schichten aus Glimmer<\/li>\n<li>jede Platte enth\u00e4lt einzigartige\/verschiedene Farbschattierungen, Rillen und nat\u00fcrliche Merkmale<\/li>\n<\/ul>\n","protected":false},"excerpt":{"rendered":"<p>60x15x0,4cm<\/p>\n","protected":false},"featured_media":150397,"comment_status":"open","ping_status":"closed","template":"","meta":{"site-sidebar-layout":"default","site-content-layout":"","ast-site-content-layout":"default","site-content-style":"default","site-sidebar-style":"default","ast-global-header-display":"","ast-banner-title-visibility":"","ast-main-header-display":"","ast-hfb-above-header-display":"","ast-hfb-below-header-display":"","ast-hfb-mobile-header-display":"","site-post-title":"","ast-breadcrumbs-content":"","ast-featured-img":"","footer-sml-layout":"","ast-disable-related-posts":"","theme-transparent-header-meta":"default","adv-header-id-meta":"","stick-header-meta":"default","header-above-stick-meta":"","header-main-stick-meta":"","header-below-stick-meta":"","astra-migrate-meta-layouts":"default","ast-page-background-enabled":"default","ast-page-background-meta":{"desktop":{"background-color":"var(--ast-global-color-4)","background-image":"","background-repeat":"repeat","background-position":"center center","background-size":"auto","background-attachment":"scroll","background-type":"","background-media":"","overlay-type":"","overlay-color":"","overlay-opacity":"","overlay-gradient":""},"tablet":{"background-color":"","background-image":"","background-repeat":"repeat","background-position":"center center","background-size":"auto","background-attachment":"scroll","background-type":"","background-media":"","overlay-type":"","overlay-color":"","overlay-opacity":"","overlay-gradient":""},"mobile":{"background-color":"","background-image":"","background-repeat":"repeat","background-position":"center center","background-size":"auto","background-attachment":"scroll","background-type":"","background-media":"","overlay-type":"","overlay-color":"","overlay-opacity":"","overlay-gradient":""}},"ast-content-background-meta":{"desktop":{"background-color":"var(--ast-global-color-5)","background-image":"","background-repeat":"repeat","background-position":"center center","background-size":"auto","background-attachment":"scroll","background-type":"","background-media":"","overlay-type":"","overlay-color":"","overlay-opacity":"","overlay-gradient":""},"tablet":{"background-color":"var(--ast-global-color-5)","background-image":"","background-repeat":"repeat","background-position":"center center","background-size":"auto","background-attachment":"scroll","background-type":"","background-media":"","overlay-type":"","overlay-color":"","overlay-opacity":"","overlay-gradient":""},"mobile":{"background-color":"var(--ast-global-color-5)","background-image":"","background-repeat":"repeat","background-position":"center center","background-size":"auto","background-attachment":"scroll","background-type":"","background-media":"","overlay-type":"","overlay-color":"","overlay-opacity":"","overlay-gradient":""}}},"product_brand":[],"product_cat":[402,456,479],"product_tag":[404,403],"class_list":{"0":"post-151263","1":"product","2":"type-product","3":"status-publish","4":"has-post-thumbnail","6":"product_cat-selbstklebende-steinstreifen","7":"product_cat-selbstklebender-naturstein","8":"product_cat-wandpaneele-aus-naturstein","9":"product_tag-korting50-100zelfklevende-de-1","10":"product_tag-selbstklebend","11":"product_shipping_class-zelfnatuur-50-de","12":"pa_steenstrips-geschikt-voor-hinter-dem-gasherd","13":"desktop-align-left","14":"tablet-align-left","15":"mobile-align-left","16":"ast-product-gallery-layout-vertical-slider","17":"ast-product-tabs-layout-vertical","18":"ast-qv-on-image","20":"first","21":"outofstock","22":"sale","23":"taxable","24":"shipping-taxable","25":"purchasable","26":"product-type-simple"},"_links":{"self":[{"href":"https:\/\/aydodeco.nl\/de\/wp-json\/wp\/v2\/product\/151263","targetHints":{"allow":["GET"]}}],"collection":[{"href":"https:\/\/aydodeco.nl\/de\/wp-json\/wp\/v2\/product"}],"about":[{"href":"https:\/\/aydodeco.nl\/de\/wp-json\/wp\/v2\/types\/product"}],"replies":[{"embeddable":true,"href":"https:\/\/aydodeco.nl\/de\/wp-json\/wp\/v2\/comments?post=151263"}],"version-history":[{"count":0,"href":"https:\/\/aydodeco.nl\/de\/wp-json\/wp\/v2\/product\/151263\/revisions"}],"wp:featuredmedia":[{"embeddable":true,"href":"https:\/\/aydodeco.nl\/de\/wp-json\/wp\/v2\/media\/150397"}],"wp:attachment":[{"href":"https:\/\/aydodeco.nl\/de\/wp-json\/wp\/v2\/media?parent=151263"}],"wp:term":[{"taxonomy":"product_brand","embeddable":true,"href":"https:\/\/aydodeco.nl\/de\/wp-json\/wp\/v2\/product_brand?post=151263"},{"taxonomy":"product_cat","embeddable":true,"href":"https:\/\/aydodeco.nl\/de\/wp-json\/wp\/v2\/product_cat?post=151263"},{"taxonomy":"product_tag","embeddable":true,"href":"https:\/\/aydodeco.nl\/de\/wp-json\/wp\/v2\/product_tag?post=151263"}],"curies":[{"name":"wp","href":"https:\/\/api.w.org\/{rel}","templated":true}]}}