{"id":151216,"date":"2021-07-19T11:30:24","date_gmt":"2021-07-19T09:30:24","guid":{"rendered":"https:\/\/aydodeco.nl\/klebesteinstreifen-silberglanz-uhk-60x15cm\/"},"modified":"2026-04-06T20:41:07","modified_gmt":"2026-04-06T18:41:07","slug":"klebesteinstreifen-silberglanz-uhk-60x15cm","status":"publish","type":"product","link":"https:\/\/aydodeco.nl\/de\/klebesteinstreifen-silberglanz-uhk-60x15cm\/","title":{"rendered":"Klebesteinstreifen Silberglanz UHK 60x15cm"},"content":{"rendered":"<h2>Selbstklebende Steinstreifen Silberglanz<\/h2>\n<p><strong>UHK ist eine Abk\u00fcrzung f\u00fcr Ultra High Quality. Aydodeco hat speziell ausgew\u00e4hlte Natursteine von h\u00f6chster Qualit\u00e4t ausgew\u00e4hlt. Die selbstklebenden Natursteine der UHK-Serie haben mehr Tiefe und Relief.   Extra schwer und stark.<\/strong><\/p>\n<p>Die Steinstreifen von AydoDeco sind aus 100% echtem Naturstein hergestellt. Die Steinstreifen sind selbstklebend und enthalten eine sehr starke 3M-Klebeschicht auf der R\u00fcckseite. Vergessen Sie dicke, schwere Steinstreifen! Unsere Steinstreifen sind ultraleicht, flexibel und sehr einfach zu verlegen! Die Steinstreifen sind aus echtem Naturstein gefertigt und weisen daher echte Reliefs, Farbschattierungen und unterschiedliche Dicken auf dem gesamten Steinstreifen auf. Diese Steinstreifen sind ideal, um z.B. Ihre K\u00fcchenwand zu versch\u00f6nern!     <\/p>\n<p><strong>Hauptmerkmale<\/strong><\/p>\n<ul>\n<li>2 Jahre Garantie<\/li>\n<li>Die oberste Schicht enth\u00e4lt 100% echten Naturstein<\/li>\n<li>selbstklebend (3m starke selbstklebende Unterlage)<\/li>\n<li>Kratz-, licht- und sto\u00dffest<\/li>\n<li>Ma\u00dfe 60cm x 15cm (Dicke ca. 4mm)<\/li>\n<li>Gewicht ca. 300 Gramm pro St\u00fcck<\/li>\n<li>Preise sind einzeln aufgef\u00fchrt<\/li>\n<li>einfache Selbstmontage<\/li>\n<li>zugeschnitten mit unserer speziellen <a href=\"https:\/\/aydodeco.nl\/winkel\/zelfklevend-natuursteen\/blikschaar-professioneel\/\"><strong><span style=\"color: #ff6600\">Blechschere<\/span><\/strong><\/a><strong><span style=\"color: #ff6600\">  <\/span><\/strong>Wir empfehlen eine Schleifmaschine zum Zuschneiden dieser St\u00e4rke (UHK)<\/li>\n<li>geeignet f\u00fcr alle Innenbereiche (au\u00dfer unter der Duschkabine)<\/li>\n<li>geeignet f\u00fcr hinter dem Kochfeld <span style=\"color: #000000\"><strong><a style=\"color: #000000\" href=\"https:\/\/aydodeco.nl\/natuursteen-impregnatie-0-25l-5m2\/\">(nach Impr\u00e4gnierung mit Natursteinimpr\u00e4gnierung)<\/a><\/strong><\/span><\/li>\n<li>Bei gr\u00f6beren oder por\u00f6sen W\u00e4nden empfehlen wir die Verwendung von zus\u00e4tzlichem Montagekleber<\/li>\n<li>leicht zu entfernen mit einem Hitzetrockner und einem Abisoliermesser<\/li>\n<li>kann direkt \u00fcber Tapeten und Fliesen verwendet werden<\/li>\n<li>nicht f\u00fcr Kamine geeignet, bei denen die Temperaturen 80 Grad Celsius \u00fcberschreiten.<\/li>\n<\/ul>\n<p><strong>Materialeigenschaften<\/strong><\/p>\n<ul>\n<li>Unterschicht: Polyester mit Glasfaserverst\u00e4rkung (Fasertr\u00e4ger)<\/li>\n<li>Obere Schicht: Schiefer; abwechselnd Schichten aus Quarz mit Feldspat und Schichten aus Glimmer<\/li>\n<li>jede Platte enth\u00e4lt einzigartige\/verschiedene Farbschattierungen, Rillen und nat\u00fcrliche Merkmale<\/li>\n<\/ul>\n<p><strong>Montage-Tipp!<\/strong><\/p>\n<ul>\n<li><strong>Montieren Sie die Steinstreifen im Halbziegelverband oder im wilden Verband<\/strong><\/li>\n<li><strong>Steinstreifen spannungsfrei (nicht zu eng aneinander legen)<\/strong><\/li>\n<li><strong>Verwenden Sie <a href=\"https:\/\/aydodeco.nl\/de\/spruehkleber-500ml\/\"><span style=\"color: #ff6600\">Klebespray von Aydo Deco<\/span><\/a> f\u00fcr zus\u00e4tzliche Haftung!<\/strong><\/li>\n<\/ul>\n<p><a href=\"https:\/\/aydodeco.nl\/de\/steinstreifen\/\"><strong>Lesen Sie hier mehr \u00fcber unsere Steinstreifen<\/strong><\/a><\/p>\n","protected":false},"excerpt":{"rendered":"<p>60x15x0,2-0,4cm<\/p>\n","protected":false},"featured_media":135073,"comment_status":"open","ping_status":"closed","template":"","meta":{"site-sidebar-layout":"default","site-content-layout":"","ast-site-content-layout":"default","site-content-style":"default","site-sidebar-style":"default","ast-global-header-display":"","ast-banner-title-visibility":"","ast-main-header-display":"","ast-hfb-above-header-display":"","ast-hfb-below-header-display":"","ast-hfb-mobile-header-display":"","site-post-title":"","ast-breadcrumbs-content":"","ast-featured-img":"","footer-sml-layout":"","ast-disable-related-posts":"","theme-transparent-header-meta":"default","adv-header-id-meta":"","stick-header-meta":"default","header-above-stick-meta":"","header-main-stick-meta":"","header-below-stick-meta":"","astra-migrate-meta-layouts":"default","ast-page-background-enabled":"default","ast-page-background-meta":{"desktop":{"background-color":"var(--ast-global-color-4)","background-image":"","background-repeat":"repeat","background-position":"center center","background-size":"auto","background-attachment":"scroll","background-type":"","background-media":"","overlay-type":"","overlay-color":"","overlay-opacity":"","overlay-gradient":""},"tablet":{"background-color":"","background-image":"","background-repeat":"repeat","background-position":"center center","background-size":"auto","background-attachment":"scroll","background-type":"","background-media":"","overlay-type":"","overlay-color":"","overlay-opacity":"","overlay-gradient":""},"mobile":{"background-color":"","background-image":"","background-repeat":"repeat","background-position":"center center","background-size":"auto","background-attachment":"scroll","background-type":"","background-media":"","overlay-type":"","overlay-color":"","overlay-opacity":"","overlay-gradient":""}},"ast-content-background-meta":{"desktop":{"background-color":"var(--ast-global-color-5)","background-image":"","background-repeat":"repeat","background-position":"center center","background-size":"auto","background-attachment":"scroll","background-type":"","background-media":"","overlay-type":"","overlay-color":"","overlay-opacity":"","overlay-gradient":""},"tablet":{"background-color":"var(--ast-global-color-5)","background-image":"","background-repeat":"repeat","background-position":"center center","background-size":"auto","background-attachment":"scroll","background-type":"","background-media":"","overlay-type":"","overlay-color":"","overlay-opacity":"","overlay-gradient":""},"mobile":{"background-color":"var(--ast-global-color-5)","background-image":"","background-repeat":"repeat","background-position":"center center","background-size":"auto","background-attachment":"scroll","background-type":"","background-media":"","overlay-type":"","overlay-color":"","overlay-opacity":"","overlay-gradient":""}}},"product_brand":[],"product_cat":[418,402,456,479],"product_tag":[777,404,403],"class_list":{"0":"post-151216","1":"product","2":"type-product","3":"status-publish","4":"has-post-thumbnail","6":"product_cat-angebote","7":"product_cat-selbstklebende-steinstreifen","8":"product_cat-selbstklebender-naturstein","9":"product_cat-wandpaneele-aus-naturstein","10":"product_tag-blackfriday-de","11":"product_tag-korting50-100zelfklevende-de-1","12":"product_tag-selbstklebend","13":"product_shipping_class-zelfnatuur-50-de","14":"pa_steenstrips-geschikt-voor-hinter-dem-gasherd","15":"desktop-align-left","16":"tablet-align-left","17":"mobile-align-left","18":"ast-product-gallery-layout-vertical-slider","19":"ast-product-tabs-layout-vertical","20":"ast-qv-on-image","22":"first","23":"instock","24":"sale","25":"taxable","26":"shipping-taxable","27":"purchasable","28":"product-type-simple"},"_links":{"self":[{"href":"https:\/\/aydodeco.nl\/de\/wp-json\/wp\/v2\/product\/151216","targetHints":{"allow":["GET"]}}],"collection":[{"href":"https:\/\/aydodeco.nl\/de\/wp-json\/wp\/v2\/product"}],"about":[{"href":"https:\/\/aydodeco.nl\/de\/wp-json\/wp\/v2\/types\/product"}],"replies":[{"embeddable":true,"href":"https:\/\/aydodeco.nl\/de\/wp-json\/wp\/v2\/comments?post=151216"}],"version-history":[{"count":0,"href":"https:\/\/aydodeco.nl\/de\/wp-json\/wp\/v2\/product\/151216\/revisions"}],"wp:featuredmedia":[{"embeddable":true,"href":"https:\/\/aydodeco.nl\/de\/wp-json\/wp\/v2\/media\/135073"}],"wp:attachment":[{"href":"https:\/\/aydodeco.nl\/de\/wp-json\/wp\/v2\/media?parent=151216"}],"wp:term":[{"taxonomy":"product_brand","embeddable":true,"href":"https:\/\/aydodeco.nl\/de\/wp-json\/wp\/v2\/product_brand?post=151216"},{"taxonomy":"product_cat","embeddable":true,"href":"https:\/\/aydodeco.nl\/de\/wp-json\/wp\/v2\/product_cat?post=151216"},{"taxonomy":"product_tag","embeddable":true,"href":"https:\/\/aydodeco.nl\/de\/wp-json\/wp\/v2\/product_tag?post=151216"}],"curies":[{"name":"wp","href":"https:\/\/api.w.org\/{rel}","templated":true}]}}