{"id":151063,"date":"2024-04-17T10:30:26","date_gmt":"2024-04-17T08:30:26","guid":{"rendered":"https:\/\/aydodeco.nl\/spc-wandplatte-in-marmoroptik-beton-hell-60x30cm\/"},"modified":"2025-05-20T11:05:38","modified_gmt":"2025-05-20T09:05:38","slug":"spc-wandplatte-in-marmoroptik-beton-hell-60x30cm","status":"publish","type":"product","link":"https:\/\/aydodeco.nl\/de\/spc-wandplatte-in-marmoroptik-beton-hell-60x30cm\/","title":{"rendered":"Concrete Light &#8211; SPC Wandplatte in Marmoroptik"},"content":{"rendered":"<h2>SPC Wandplatte in Marmoroptik Beton hell 30x60cm<\/h2>\n<p><strong>Sehr sch\u00f6n und exklusiv bei Aydodeco erh\u00e4ltlich!  <\/strong><\/p>\n<p>SPC steht f\u00fcr Stone Polymer Composite, <b>eine Mischung aus Kalkstein und PVC<\/b>. Es ist als Platten erh\u00e4ltlich und ist langlebig und stabil. Das Material ist wasserdicht, robust und besonders f\u00fcr warme und feuchte Bereiche geeignet.  <\/p>\n<p>SPC Wandpaneele in Marmoroptik Dark Stone f\u00fcr das Badezimmer, die Dusche, die WC-Wand oder die K\u00fcche! Diese SPC-Wandpaneele in Marmoroptik sind ideal f\u00fcr alle Innenr\u00e4ume.  Die Installation ist sehr einfach und der Zuschnitt erfolgt mit einem Stanley-Messer. Diese Paneele haben eine Nut- und Federverbindung und k\u00f6nnen daher nahtlos angebracht werden. Die Wandpaneele in Marmoroptik sind sehr leicht zu reinigen und eine echte Bereicherung f\u00fcr jeden Raum.  <\/p>\n<p><strong>FEATURES<\/strong><\/p>\n<ul>\n<li>Messer und Rille (nahtlose Befestigung)<\/li>\n<li>100% wasserdicht<\/li>\n<li>Wasserdicht &#8211; Wasserdicht &#8211; Staubdicht &#8211; Leckdicht<\/li>\n<li>Leicht zu montieren<\/li>\n<li>Mit einem Stanley-Messer zuschneiden<\/li>\n<li>Befestigung mit Montagekleber (hohe Klebkraft)<\/li>\n<li>F\u00fcr den Innenbereich geeignet<\/li>\n<li>Geeignet f\u00fcr die K\u00fcche (hinter einem Gasherd mit mindestens 15 cm Abstand)<\/li>\n<li>Duschkabine, Badezimmer, im Flur usw.<\/li>\n<li>Anti-Kalk, keine Kalkr\u00fcckst\u00e4nde<\/li>\n<li>Sieht genau wie Marmor aus<\/li>\n<\/ul>\n<p><strong>Abmessungen<\/strong><\/p>\n<ul>\n<li>60&#215;30 cm Dicke 3 mm<\/li>\n<\/ul>\n<p><strong>Zubeh\u00f6r<\/strong><\/p>\n<ul>\n<li>Wir empfehlen 1 Tube Montagedichtstoff pro 3 Bretter<\/li>\n<li>Mit einem Stanley-Messer oder einer Lineals\u00e4ge zuschneiden<\/li>\n<li>Verwenden Sie Sanit\u00e4rversiegelung, um die Kanten und N\u00e4hte zu versiegeln.<\/li>\n<li>Sie k\u00f6nnen etwa 3 Platten mit 1 Tube Sanit\u00e4rversiegelung versiegeln<\/li>\n<\/ul>\n<p><strong>Reinigung<\/strong><\/p>\n<ul>\n<li>Reinigung mit gr\u00fcner Seife\/Allzweckreiniger und Mikrofasertuch<\/li>\n<li>Verwenden Sie keine aggressiven Reinigungsmittel oder Scheuermittel<\/li>\n<\/ul>\n<div class=\"ast-oembed-container \" style=\"height: 100%;\"><iframe title=\"Nieuwe SPC Wandpanelen. Montage uitleg\" width=\"422\" height=\"750\" src=\"https:\/\/www.youtube.com\/embed\/MNT81vx8wzA?feature=oembed\" frameborder=\"0\" allow=\"accelerometer; autoplay; clipboard-write; encrypted-media; gyroscope; picture-in-picture; web-share\" referrerpolicy=\"strict-origin-when-cross-origin\" allowfullscreen><\/iframe><\/div>\n","protected":false},"excerpt":{"rendered":"<p>60x30x0.3cm<\/p>\n","protected":false},"featured_media":151064,"comment_status":"open","ping_status":"closed","template":"","meta":{"site-sidebar-layout":"default","site-content-layout":"","ast-site-content-layout":"default","site-content-style":"default","site-sidebar-style":"default","ast-global-header-display":"","ast-banner-title-visibility":"","ast-main-header-display":"","ast-hfb-above-header-display":"","ast-hfb-below-header-display":"","ast-hfb-mobile-header-display":"","site-post-title":"","ast-breadcrumbs-content":"","ast-featured-img":"","footer-sml-layout":"","ast-disable-related-posts":"","theme-transparent-header-meta":"default","adv-header-id-meta":"","stick-header-meta":"default","header-above-stick-meta":"","header-main-stick-meta":"","header-below-stick-meta":"","astra-migrate-meta-layouts":"default","ast-page-background-enabled":"default","ast-page-background-meta":{"desktop":{"background-color":"var(--ast-global-color-4)","background-image":"","background-repeat":"repeat","background-position":"center center","background-size":"auto","background-attachment":"scroll","background-type":"","background-media":"","overlay-type":"","overlay-color":"","overlay-opacity":"","overlay-gradient":""},"tablet":{"background-color":"","background-image":"","background-repeat":"repeat","background-position":"center center","background-size":"auto","background-attachment":"scroll","background-type":"","background-media":"","overlay-type":"","overlay-color":"","overlay-opacity":"","overlay-gradient":""},"mobile":{"background-color":"","background-image":"","background-repeat":"repeat","background-position":"center center","background-size":"auto","background-attachment":"scroll","background-type":"","background-media":"","overlay-type":"","overlay-color":"","overlay-opacity":"","overlay-gradient":""}},"ast-content-background-meta":{"desktop":{"background-color":"var(--ast-global-color-5)","background-image":"","background-repeat":"repeat","background-position":"center center","background-size":"auto","background-attachment":"scroll","background-type":"","background-media":"","overlay-type":"","overlay-color":"","overlay-opacity":"","overlay-gradient":""},"tablet":{"background-color":"var(--ast-global-color-5)","background-image":"","background-repeat":"repeat","background-position":"center center","background-size":"auto","background-attachment":"scroll","background-type":"","background-media":"","overlay-type":"","overlay-color":"","overlay-opacity":"","overlay-gradient":""},"mobile":{"background-color":"var(--ast-global-color-5)","background-image":"","background-repeat":"repeat","background-position":"center center","background-size":"auto","background-attachment":"scroll","background-type":"","background-media":"","overlay-type":"","overlay-color":"","overlay-opacity":"","overlay-gradient":""}}},"product_brand":[],"product_cat":[626,444,426],"product_tag":[493,445],"class_list":{"0":"post-151063","1":"product","2":"type-product","3":"status-publish","4":"has-post-thumbnail","6":"product_cat-spc-mini-de","7":"product_cat-spc-wandpaneele-in-marmoroptik","8":"product_cat-wandpaneele-in-marmoroptik","9":"product_tag-korting15-30spc-de-1","10":"product_tag-mat-de","11":"product_shipping_class-spcmini-4-de","12":"pa_steenstrips-geschikt-voor-hinter-dem-gasherd","13":"pa_steenstrips-geschikt-voor-wandpaneele-fur-das-badezimmer","14":"desktop-align-left","15":"tablet-align-left","16":"mobile-align-left","17":"ast-product-gallery-layout-vertical-slider","18":"ast-product-tabs-layout-vertical","19":"ast-qv-on-image","21":"first","22":"outofstock","23":"taxable","24":"shipping-taxable","25":"purchasable","26":"product-type-simple"},"_links":{"self":[{"href":"https:\/\/aydodeco.nl\/de\/wp-json\/wp\/v2\/product\/151063","targetHints":{"allow":["GET"]}}],"collection":[{"href":"https:\/\/aydodeco.nl\/de\/wp-json\/wp\/v2\/product"}],"about":[{"href":"https:\/\/aydodeco.nl\/de\/wp-json\/wp\/v2\/types\/product"}],"replies":[{"embeddable":true,"href":"https:\/\/aydodeco.nl\/de\/wp-json\/wp\/v2\/comments?post=151063"}],"version-history":[{"count":0,"href":"https:\/\/aydodeco.nl\/de\/wp-json\/wp\/v2\/product\/151063\/revisions"}],"wp:featuredmedia":[{"embeddable":true,"href":"https:\/\/aydodeco.nl\/de\/wp-json\/wp\/v2\/media\/151064"}],"wp:attachment":[{"href":"https:\/\/aydodeco.nl\/de\/wp-json\/wp\/v2\/media?parent=151063"}],"wp:term":[{"taxonomy":"product_brand","embeddable":true,"href":"https:\/\/aydodeco.nl\/de\/wp-json\/wp\/v2\/product_brand?post=151063"},{"taxonomy":"product_cat","embeddable":true,"href":"https:\/\/aydodeco.nl\/de\/wp-json\/wp\/v2\/product_cat?post=151063"},{"taxonomy":"product_tag","embeddable":true,"href":"https:\/\/aydodeco.nl\/de\/wp-json\/wp\/v2\/product_tag?post=151063"}],"curies":[{"name":"wp","href":"https:\/\/api.w.org\/{rel}","templated":true}]}}