{"id":150946,"date":"2024-03-08T10:13:47","date_gmt":"2024-03-08T09:13:47","guid":{"rendered":"https:\/\/aydodeco.nl\/pvc-aku-paneele-helle-eiche-staubfrei-fuer-innen-20x270x1cm\/"},"modified":"2025-02-28T14:58:43","modified_gmt":"2025-02-28T13:58:43","slug":"pvc-aku-paneele-helle-eiche-staubfrei-fuer-innen-20x270x1cm","status":"publish","type":"product","link":"https:\/\/aydodeco.nl\/de\/pvc-aku-paneele-helle-eiche-staubfrei-fuer-innen-20x270x1cm\/","title":{"rendered":"PVC Aku Paneele Helle Eiche &#8211; Staubfrei &#8211; F\u00fcr Innen &#8211; 20x270x1cm"},"content":{"rendered":"<h2>PVC Aku-Paneele<\/h2>\n<p>PVC Aku-Paneele verwandeln Ihren Wohnraum mit ihrem schicken, eleganten und luxuri\u00f6sen Aussehen und sind damit die ideale Wahl f\u00fcr die Dekoration von B\u00e4dern, Toiletten, Kinow\u00e4nden und K\u00fcchen. Diese Paneele eignen sich perfekt f\u00fcr jeden Innenraum, da sie leicht zu montieren sind und sich mit einer einfachen Hands\u00e4ge zuschneiden lassen. Au\u00dferdem sind PVC Aku-Paneele au\u00dfergew\u00f6hnlich pflegeleicht, was sie zu einer fantastischen Erg\u00e4nzung f\u00fcr jeden Raum macht. Ihre Langlebigkeit und ihr stilvolles Aussehen machen sie zu einer praktischen und \u00e4sthetischen Bereicherung f\u00fcr Ihr Interieur.   <\/p>\n<p><strong>FEATURES: PVC Aku-Paneele<\/strong><\/p>\n<ul>\n<li>Staubfrei<\/li>\n<li>Leicht zu montieren<\/li>\n<li>Zuschnitt mit einer Hands\u00e4ge<\/li>\n<li>Befestigung mit Montagekleber (hohe Klebkraft)<\/li>\n<li>F\u00fcr den Innenbereich geeignet<\/li>\n<li>Geeignet f\u00fcr die K\u00fcche (hinter einem Gasherd mit mindestens 15 cm Abstand)<\/li>\n<li>Hat einfach einen h\u00f6lzernen Look<\/li>\n<li>Die Paneele bestehen zu 100% aus PVC (diese Paneele enthalten keinen Filz)<\/li>\n<\/ul>\n<p><strong>Abmessungen<\/strong><\/p>\n<ul>\n<li>20 X 270cm Dicke 10 mm<\/li>\n<\/ul>\n<p><strong>Zubeh\u00f6r<\/strong><\/p>\n<ul>\n<li>Wir empfehlen 1 Tube des Montagesatzes pro 2 Bretter<\/li>\n<li>Zuschneiden mit einer Hands\u00e4ge oder einer Lineals\u00e4ge<\/li>\n<li>Verwenden Sie Sanit\u00e4rversiegelung, um die Kanten und N\u00e4hte zu versiegeln.<\/li>\n<li>Sie k\u00f6nnen etwa 4 Platten mit 1 Tube Sanit\u00e4rversiegelung versiegeln.<\/li>\n<\/ul>\n<p><strong>Reinigung von Pvc Aku-Platten<\/strong><\/p>\n<ul>\n<li>Reinigung mit gr\u00fcner Seife\/Allzweckreiniger und Mikrofasertuch<\/li>\n<li>Verwenden Sie keine aggressiven Reinigungsmittel oder Scheuermittel<\/li>\n<\/ul>\n<p>&nbsp;<\/p>\n","protected":false},"excerpt":{"rendered":"<p>20x270x1cm<\/p>\n","protected":false},"featured_media":135117,"comment_status":"open","ping_status":"closed","template":"","meta":{"site-sidebar-layout":"default","site-content-layout":"","ast-site-content-layout":"default","site-content-style":"default","site-sidebar-style":"default","ast-global-header-display":"","ast-banner-title-visibility":"","ast-main-header-display":"","ast-hfb-above-header-display":"","ast-hfb-below-header-display":"","ast-hfb-mobile-header-display":"","site-post-title":"","ast-breadcrumbs-content":"","ast-featured-img":"","footer-sml-layout":"","ast-disable-related-posts":"","theme-transparent-header-meta":"default","adv-header-id-meta":"","stick-header-meta":"default","header-above-stick-meta":"","header-main-stick-meta":"","header-below-stick-meta":"","astra-migrate-meta-layouts":"default","ast-page-background-enabled":"default","ast-page-background-meta":{"desktop":{"background-color":"var(--ast-global-color-4)","background-image":"","background-repeat":"repeat","background-position":"center center","background-size":"auto","background-attachment":"scroll","background-type":"","background-media":"","overlay-type":"","overlay-color":"","overlay-opacity":"","overlay-gradient":""},"tablet":{"background-color":"","background-image":"","background-repeat":"repeat","background-position":"center center","background-size":"auto","background-attachment":"scroll","background-type":"","background-media":"","overlay-type":"","overlay-color":"","overlay-opacity":"","overlay-gradient":""},"mobile":{"background-color":"","background-image":"","background-repeat":"repeat","background-position":"center center","background-size":"auto","background-attachment":"scroll","background-type":"","background-media":"","overlay-type":"","overlay-color":"","overlay-opacity":"","overlay-gradient":""}},"ast-content-background-meta":{"desktop":{"background-color":"var(--ast-global-color-5)","background-image":"","background-repeat":"repeat","background-position":"center center","background-size":"auto","background-attachment":"scroll","background-type":"","background-media":"","overlay-type":"","overlay-color":"","overlay-opacity":"","overlay-gradient":""},"tablet":{"background-color":"var(--ast-global-color-5)","background-image":"","background-repeat":"repeat","background-position":"center center","background-size":"auto","background-attachment":"scroll","background-type":"","background-media":"","overlay-type":"","overlay-color":"","overlay-opacity":"","overlay-gradient":""},"mobile":{"background-color":"var(--ast-global-color-5)","background-image":"","background-repeat":"repeat","background-position":"center center","background-size":"auto","background-attachment":"scroll","background-type":"","background-media":"","overlay-type":"","overlay-color":"","overlay-opacity":"","overlay-gradient":""}}},"product_brand":[],"product_cat":[349,496],"product_tag":[354],"class_list":{"0":"post-150946","1":"product","2":"type-product","3":"status-publish","4":"has-post-thumbnail","6":"product_cat-akustische-wandpaneele","7":"product_cat-pvc-aku-paneele","8":"product_tag-korting10-20akuxl-de-1","9":"product_shipping_class-xl-paneelee","10":"desktop-align-left","11":"tablet-align-left","12":"mobile-align-left","13":"ast-product-gallery-layout-vertical-slider","14":"ast-product-tabs-layout-vertical","15":"ast-qv-on-image","17":"first","18":"outofstock","19":"taxable","20":"shipping-taxable","21":"purchasable","22":"product-type-simple"},"_links":{"self":[{"href":"https:\/\/aydodeco.nl\/de\/wp-json\/wp\/v2\/product\/150946","targetHints":{"allow":["GET"]}}],"collection":[{"href":"https:\/\/aydodeco.nl\/de\/wp-json\/wp\/v2\/product"}],"about":[{"href":"https:\/\/aydodeco.nl\/de\/wp-json\/wp\/v2\/types\/product"}],"replies":[{"embeddable":true,"href":"https:\/\/aydodeco.nl\/de\/wp-json\/wp\/v2\/comments?post=150946"}],"version-history":[{"count":0,"href":"https:\/\/aydodeco.nl\/de\/wp-json\/wp\/v2\/product\/150946\/revisions"}],"wp:featuredmedia":[{"embeddable":true,"href":"https:\/\/aydodeco.nl\/de\/wp-json\/wp\/v2\/media\/135117"}],"wp:attachment":[{"href":"https:\/\/aydodeco.nl\/de\/wp-json\/wp\/v2\/media?parent=150946"}],"wp:term":[{"taxonomy":"product_brand","embeddable":true,"href":"https:\/\/aydodeco.nl\/de\/wp-json\/wp\/v2\/product_brand?post=150946"},{"taxonomy":"product_cat","embeddable":true,"href":"https:\/\/aydodeco.nl\/de\/wp-json\/wp\/v2\/product_cat?post=150946"},{"taxonomy":"product_tag","embeddable":true,"href":"https:\/\/aydodeco.nl\/de\/wp-json\/wp\/v2\/product_tag?post=150946"}],"curies":[{"name":"wp","href":"https:\/\/api.w.org\/{rel}","templated":true}]}}