{"id":150932,"date":"2024-03-07T16:06:44","date_gmt":"2024-03-07T15:06:44","guid":{"rendered":"https:\/\/aydodeco.nl\/brick-3d-wall-panel-eps-a2-hellgrau-innen-aussen-100x25cm\/"},"modified":"2025-04-04T12:04:37","modified_gmt":"2025-04-04T10:04:37","slug":"brick-3d-wall-panel-eps-a2-hellgrau-innen-aussen-100x25cm","status":"publish","type":"product","link":"https:\/\/aydodeco.nl\/de\/brick-3d-wall-panel-eps-a2-hellgrau-innen-aussen-100x25cm\/","title":{"rendered":"Brick 3D Wall Panel EPS A2 Hellgrau &#8211; Innen\/Au\u00dfen &#8211; 100x25cm"},"content":{"rendered":"<h2>3D Wandpaneel A2<\/h2>\n<p>Das 3D Wall Panel A2 ist von echten Steinstreifen nicht zu unterscheiden. Sehr beliebt als Au\u00dfenwandverkleidung, aber auch oft f\u00fcr Wohn- und Schlafzimmerw\u00e4nde gew\u00e4hlt. <\/p>\n<p>Wandpaneele mit Ziegelsteinmuster. Unsere Ziegelstreifen sind von echten Ziegeln nicht zu unterscheiden und bieten viele Vorteile. Erstens sind die Ziegelstreifen sehr einfach zu verlegen und mit einem Stanley-Messer zuzuschneiden und zweitens enth\u00e4lt die untere Schicht EPS und hat eine isolierende Wirkung. Dar\u00fcber befindet sich eine sehr harte Kunststoffschicht und dar\u00fcber eine Zementmischung. Die Platten enthalten echte Tiefe und Reliefs und sind daher keine flachen Platten.   <\/p>\n<p><strong>Hauptmerkmale<\/strong><\/p>\n<ul>\n<li>2 Jahre Garantie<\/li>\n<li>F\u00fcr den Innen- und Au\u00dfenbereich geeignet <span style=\"color: #ff3c00;\"><strong><a style=\"color: #ff3c00;\" href=\"https:\/\/aydodeco.nl\/winkel\/montagemiddelen\/gevelimpregnatie-2-5l\/\">(die Verwendung im Freien erfordert eine Impr\u00e4gnierung)<\/a><\/strong><\/span><\/li>\n<li>Preise sind pro St\u00fcck<\/li>\n<li>Ma\u00dfe 25cm x 100cm (Dicke 2 Zentimeter)<\/li>\n<li>Gewicht ca. 1kg pro Platte<\/li>\n<li>f\u00fcr drinnen und drau\u00dfen geeignet (nicht unter flie\u00dfendem Wasser)<\/li>\n<li>Anbringbar an allen Arten von W\u00e4nden<\/li>\n<li>kann direkt \u00fcber Tapeten, vorhandenen Fliesen, Holz, Glas usw. angebracht werden.<\/li>\n<li>leicht zu bearbeiten mit einem Stanley-Messer, einer Hands\u00e4ge oder einer elektrischen S\u00e4ge<\/li>\n<li>UV- und wetterfest<\/li>\n<li>leicht, kratz- und sto\u00dffest<\/li>\n<li>nach Belieben streichbar<\/li>\n<li>g\u00fcnstige Auswirkungen auf die thermische und akustische Isolierung<\/li>\n<li>rd-Wert etwa 0,6R<\/li>\n<li>nicht von echtem Ziegelstein zu unterscheiden<\/li>\n<li>Befestigung von Ecken durch Gehrungsschnitte (wie bei Sockelleisten)<\/li>\n<li>Hervorragend geeignet f\u00fcr den Au\u00dfenbereich wie Gartenhaus, Chalet, Teichrand<\/li>\n<\/ul>\n<p><strong>Materialeigenschaften 3D Wall Panel A2<\/strong><\/p>\n<ul>\n<li>Unterschicht:<strong>ISOMO<\/strong> \/ <strong>EPS<\/strong>, expandiertes Polystyrol<\/li>\n<li>Obere Schicht: Polyesterharz + Zement\/Gesteinsmehlmischung<\/li>\n<li>100% recycelbar<\/li>\n<li>Isolationswert \u00b1 RD 0,6<\/li>\n<\/ul>\n<p><strong>Tipp vom Profi!<\/strong><br \/>\nBevor die Paneele verarbeitet werden, empfehlen wir Ihnen, die Kanten und Ecken der Paneele mit Vorsicht zu behandeln. Sollte der unwahrscheinliche Fall eintreten, dass die Seiten\/Ecken geringf\u00fcgig besch\u00e4digt sind, l\u00e4sst sich dies sehr leicht beheben.<br \/>\nDie Eigenschaften des Produkts werden dadurch in keiner Weise beeintr\u00e4chtigt. Legen Sie ein Lineal auf die R\u00fcckseite des Paneels und schneiden Sie mit einer feinzahnigen Hands\u00e4ge das gew\u00fcnschte St\u00fcck in horizontaler oder vertikaler Richtung zu.  <\/p>\n","protected":false},"excerpt":{"rendered":"<p>100x25x2cm<\/p>\n","protected":false},"featured_media":137972,"comment_status":"open","ping_status":"closed","template":"","meta":{"site-sidebar-layout":"default","site-content-layout":"","ast-site-content-layout":"default","site-content-style":"default","site-sidebar-style":"default","ast-global-header-display":"","ast-banner-title-visibility":"","ast-main-header-display":"","ast-hfb-above-header-display":"","ast-hfb-below-header-display":"","ast-hfb-mobile-header-display":"","site-post-title":"","ast-breadcrumbs-content":"","ast-featured-img":"","footer-sml-layout":"","ast-disable-related-posts":"","theme-transparent-header-meta":"default","adv-header-id-meta":"","stick-header-meta":"default","header-above-stick-meta":"","header-main-stick-meta":"","header-below-stick-meta":"","astra-migrate-meta-layouts":"default","ast-page-background-enabled":"default","ast-page-background-meta":{"desktop":{"background-color":"var(--ast-global-color-4)","background-image":"","background-repeat":"repeat","background-position":"center center","background-size":"auto","background-attachment":"scroll","background-type":"","background-media":"","overlay-type":"","overlay-color":"","overlay-opacity":"","overlay-gradient":""},"tablet":{"background-color":"","background-image":"","background-repeat":"repeat","background-position":"center center","background-size":"auto","background-attachment":"scroll","background-type":"","background-media":"","overlay-type":"","overlay-color":"","overlay-opacity":"","overlay-gradient":""},"mobile":{"background-color":"","background-image":"","background-repeat":"repeat","background-position":"center center","background-size":"auto","background-attachment":"scroll","background-type":"","background-media":"","overlay-type":"","overlay-color":"","overlay-opacity":"","overlay-gradient":""}},"ast-content-background-meta":{"desktop":{"background-color":"var(--ast-global-color-5)","background-image":"","background-repeat":"repeat","background-position":"center center","background-size":"auto","background-attachment":"scroll","background-type":"","background-media":"","overlay-type":"","overlay-color":"","overlay-opacity":"","overlay-gradient":""},"tablet":{"background-color":"var(--ast-global-color-5)","background-image":"","background-repeat":"repeat","background-position":"center center","background-size":"auto","background-attachment":"scroll","background-type":"","background-media":"","overlay-type":"","overlay-color":"","overlay-opacity":"","overlay-gradient":""},"mobile":{"background-color":"var(--ast-global-color-5)","background-image":"","background-repeat":"repeat","background-position":"center center","background-size":"auto","background-attachment":"scroll","background-type":"","background-media":"","overlay-type":"","overlay-color":"","overlay-opacity":"","overlay-gradient":""}}},"product_brand":[],"product_cat":[542,360],"product_tag":[364,363],"class_list":{"0":"post-150932","1":"product","2":"type-product","3":"status-publish","4":"has-post-thumbnail","6":"product_cat-3d-eps-wandpaneele","7":"product_cat-3d-wandpaneele","8":"product_tag-korting25-50eps-de-1","9":"product_tag-steinstreifen-im-freien","10":"product_shipping_class-3d-eps-8-de","11":"pa_steenstrips-geschikt-voor-hinter-dem-gasherd","12":"pa_steenstrips-geschikt-voor-outdoor-wetterfest","13":"desktop-align-left","14":"tablet-align-left","15":"mobile-align-left","16":"ast-product-gallery-layout-vertical-slider","17":"ast-product-tabs-layout-vertical","18":"ast-qv-on-image","20":"first","21":"outofstock","22":"taxable","23":"shipping-taxable","24":"purchasable","25":"product-type-simple"},"_links":{"self":[{"href":"https:\/\/aydodeco.nl\/de\/wp-json\/wp\/v2\/product\/150932","targetHints":{"allow":["GET"]}}],"collection":[{"href":"https:\/\/aydodeco.nl\/de\/wp-json\/wp\/v2\/product"}],"about":[{"href":"https:\/\/aydodeco.nl\/de\/wp-json\/wp\/v2\/types\/product"}],"replies":[{"embeddable":true,"href":"https:\/\/aydodeco.nl\/de\/wp-json\/wp\/v2\/comments?post=150932"}],"version-history":[{"count":0,"href":"https:\/\/aydodeco.nl\/de\/wp-json\/wp\/v2\/product\/150932\/revisions"}],"wp:featuredmedia":[{"embeddable":true,"href":"https:\/\/aydodeco.nl\/de\/wp-json\/wp\/v2\/media\/137972"}],"wp:attachment":[{"href":"https:\/\/aydodeco.nl\/de\/wp-json\/wp\/v2\/media?parent=150932"}],"wp:term":[{"taxonomy":"product_brand","embeddable":true,"href":"https:\/\/aydodeco.nl\/de\/wp-json\/wp\/v2\/product_brand?post=150932"},{"taxonomy":"product_cat","embeddable":true,"href":"https:\/\/aydodeco.nl\/de\/wp-json\/wp\/v2\/product_cat?post=150932"},{"taxonomy":"product_tag","embeddable":true,"href":"https:\/\/aydodeco.nl\/de\/wp-json\/wp\/v2\/product_tag?post=150932"}],"curies":[{"name":"wp","href":"https:\/\/api.w.org\/{rel}","templated":true}]}}