{"id":150789,"date":"2024-02-02T14:44:09","date_gmt":"2024-02-02T13:44:09","guid":{"rendered":"https:\/\/aydodeco.nl\/akustikpaneele-hexagon-filz-eiche-hell-schalldaemmung-fuer-innenraeume-80x60x2cm\/"},"modified":"2026-03-12T10:15:18","modified_gmt":"2026-03-12T09:15:18","slug":"akustikpaneele-hexagon-filz-eiche-hell-schalldaemmung-fuer-innenraeume-80x60x2cm","status":"publish","type":"product","link":"https:\/\/aydodeco.nl\/de\/akustikpaneele-hexagon-filz-eiche-hell-schalldaemmung-fuer-innenraeume-80x60x2cm\/","title":{"rendered":"Helle Eiche &#8211; Sechseckige Filz-Akustikpaneele &#8211; Schalld\u00e4mmung &#8211; F\u00fcr Innenr\u00e4ume &#8211; 80x60x2cm"},"content":{"rendered":"<h2>SECHSECKIGE FILZPLATTE AKU EICHE HELL<\/h2>\n<p>Sch\u00f6ne Hexagon-Paneele in Kombination mit einer robusten Filzunterlage sind ein Mehrwert f\u00fcr jede Wand. Die Hexagon-Paneele verleihen der Wand W\u00e4rme, Atmosph\u00e4re und nat\u00fcrlich einen modernen Look. Diese Paneele k\u00f6nnen \u00fcberall im Innenbereich angebracht werden und wirken sich auch positiv auf den Klang im Raum aus. M\u00f6chten Sie das Produkt vor der Bestellung sehen? Besuchen Sie unseren Ausstellungsraum in Oosterhout (NB). Die Hexagon-Paneele sind die perfekte Wanddekoration f\u00fcr jeden Raum.     <\/p>\n<p><strong>Original Qualit\u00e4t!<br \/>\n<\/strong><\/p>\n<p>Im Gegensatz zu Billiganbietern von so genannten Holzpaneelen verwenden wir eine Schicht aus Echtholzfurnier. Die starke Filzschicht wird aus recycelten PET-Flaschen hergestellt und bietet eine solide Basis. Aufgrund des Holzfurniers (MDF) verziehen sich die Hexagon-Paneele nicht.  <\/p>\n<p>Billiganbieter verwenden oft kein Holzfurnier, sondern eine Kunststoffdeckschicht. Der irref\u00fchrende Name &#8222;Holzpaneele&#8220; erweckt den Eindruck, dass es sich um echtes Holz handelt. Aber das ist nicht der Fall. Aydo Deco entscheidet sich daher f\u00fcr eine sch\u00f6ne, authentische Echtholzfurnierschicht. Das erkl\u00e4rt auch den Preisunterschied zwischen Billiganbietern und Aydo Deco.    <\/p>\n<p><strong>Abmessungen<\/strong><\/p>\n<ul>\n<li>80cm x 60cm x 2cm<\/li>\n<li>Sechseck: 22cm x 25cm<\/li>\n<\/ul>\n<p><strong>Material<\/strong><\/p>\n<ul>\n<li>Unterlage: Hochwertiger \/ recycelter Filz<\/li>\n<li>Latten: MDF<\/li>\n<li>Deckschicht: 100% Eichenfurnierschicht<\/li>\n<\/ul>\n<p><strong>Montage<\/strong><\/p>\n<ul>\n<li>Mit Montagekleber oder Schrauben befestigen<\/li>\n<li>mit einer S\u00e4ge zuschneiden<\/li>\n<\/ul>\n","protected":false},"excerpt":{"rendered":"<p>80x60x2cm<\/p>\n","protected":false},"featured_media":147083,"comment_status":"open","ping_status":"closed","template":"","meta":{"site-sidebar-layout":"default","site-content-layout":"","ast-site-content-layout":"default","site-content-style":"default","site-sidebar-style":"default","ast-global-header-display":"","ast-banner-title-visibility":"","ast-main-header-display":"","ast-hfb-above-header-display":"","ast-hfb-below-header-display":"","ast-hfb-mobile-header-display":"","site-post-title":"","ast-breadcrumbs-content":"","ast-featured-img":"","footer-sml-layout":"","ast-disable-related-posts":"","theme-transparent-header-meta":"default","adv-header-id-meta":"","stick-header-meta":"default","header-above-stick-meta":"","header-main-stick-meta":"","header-below-stick-meta":"","astra-migrate-meta-layouts":"default","ast-page-background-enabled":"default","ast-page-background-meta":{"desktop":{"background-color":"var(--ast-global-color-4)","background-image":"","background-repeat":"repeat","background-position":"center center","background-size":"auto","background-attachment":"scroll","background-type":"","background-media":"","overlay-type":"","overlay-color":"","overlay-opacity":"","overlay-gradient":""},"tablet":{"background-color":"","background-image":"","background-repeat":"repeat","background-position":"center center","background-size":"auto","background-attachment":"scroll","background-type":"","background-media":"","overlay-type":"","overlay-color":"","overlay-opacity":"","overlay-gradient":""},"mobile":{"background-color":"","background-image":"","background-repeat":"repeat","background-position":"center center","background-size":"auto","background-attachment":"scroll","background-type":"","background-media":"","overlay-type":"","overlay-color":"","overlay-opacity":"","overlay-gradient":""}},"ast-content-background-meta":{"desktop":{"background-color":"var(--ast-global-color-5)","background-image":"","background-repeat":"repeat","background-position":"center center","background-size":"auto","background-attachment":"scroll","background-type":"","background-media":"","overlay-type":"","overlay-color":"","overlay-opacity":"","overlay-gradient":""},"tablet":{"background-color":"var(--ast-global-color-5)","background-image":"","background-repeat":"repeat","background-position":"center center","background-size":"auto","background-attachment":"scroll","background-type":"","background-media":"","overlay-type":"","overlay-color":"","overlay-opacity":"","overlay-gradient":""},"mobile":{"background-color":"var(--ast-global-color-5)","background-image":"","background-repeat":"repeat","background-position":"center center","background-size":"auto","background-attachment":"scroll","background-type":"","background-media":"","overlay-type":"","overlay-color":"","overlay-opacity":"","overlay-gradient":""}}},"product_brand":[],"product_cat":[383,349,600],"product_tag":[354],"class_list":{"0":"post-150789","1":"product","2":"type-product","3":"status-publish","4":"has-post-thumbnail","6":"product_cat-akustische-filzplatten","7":"product_cat-akustische-wandpaneele","8":"product_cat-sechseckige-akustikpaneele","9":"product_tag-korting10-20akuxl-de-1","10":"product_shipping_class-hexagon-aku-8","11":"desktop-align-left","12":"tablet-align-left","13":"mobile-align-left","14":"ast-product-gallery-layout-vertical-slider","15":"ast-product-tabs-layout-vertical","16":"ast-qv-on-image","18":"first","19":"outofstock","20":"taxable","21":"shipping-taxable","22":"purchasable","23":"product-type-simple"},"_links":{"self":[{"href":"https:\/\/aydodeco.nl\/de\/wp-json\/wp\/v2\/product\/150789","targetHints":{"allow":["GET"]}}],"collection":[{"href":"https:\/\/aydodeco.nl\/de\/wp-json\/wp\/v2\/product"}],"about":[{"href":"https:\/\/aydodeco.nl\/de\/wp-json\/wp\/v2\/types\/product"}],"replies":[{"embeddable":true,"href":"https:\/\/aydodeco.nl\/de\/wp-json\/wp\/v2\/comments?post=150789"}],"version-history":[{"count":0,"href":"https:\/\/aydodeco.nl\/de\/wp-json\/wp\/v2\/product\/150789\/revisions"}],"wp:featuredmedia":[{"embeddable":true,"href":"https:\/\/aydodeco.nl\/de\/wp-json\/wp\/v2\/media\/147083"}],"wp:attachment":[{"href":"https:\/\/aydodeco.nl\/de\/wp-json\/wp\/v2\/media?parent=150789"}],"wp:term":[{"taxonomy":"product_brand","embeddable":true,"href":"https:\/\/aydodeco.nl\/de\/wp-json\/wp\/v2\/product_brand?post=150789"},{"taxonomy":"product_cat","embeddable":true,"href":"https:\/\/aydodeco.nl\/de\/wp-json\/wp\/v2\/product_cat?post=150789"},{"taxonomy":"product_tag","embeddable":true,"href":"https:\/\/aydodeco.nl\/de\/wp-json\/wp\/v2\/product_tag?post=150789"}],"curies":[{"name":"wp","href":"https:\/\/api.w.org\/{rel}","templated":true}]}}