{"id":150778,"date":"2024-01-16T08:48:24","date_gmt":"2024-01-16T07:48:24","guid":{"rendered":"https:\/\/aydodeco.nl\/aku-paneel-classic-eiche-breite-lamellen-120x50cm\/"},"modified":"2024-11-11T11:26:16","modified_gmt":"2024-11-11T10:26:16","slug":"aku-paneel-classic-eiche-breite-lamellen-120x50cm","status":"publish","type":"product","link":"https:\/\/aydodeco.nl\/de\/aku-paneel-classic-eiche-breite-lamellen-120x50cm\/","title":{"rendered":"Aku-Paneel Classic Eiche (breite Lamellen) 120x50cm"},"content":{"rendered":"<h2>Akustikpaneele Holz EPS<\/h2>\n<p>Ein aus Skandinavien her\u00fcbergewehter Trend. Diese Paneele in Holzoptik verleihen jedem Raum eine besondere Atmosph\u00e4re. Sie sind aus der Innenarchitektur nicht mehr wegzudenken. Dieses Paneel besteht aus EPS und einer sehr harten Deckschicht. Sie isoliert sowohl gegen W\u00e4rme als auch gegen Schall! Die Paneele sind sehr einfach zu verarbeiten und zu montieren. Die Akustikpaneele in Holzoptik sind der ultimative Stimmungsmacher f\u00fcr Ihr Zuhause. Diese aus EPS hergestellten Akustikpaneele mit Holzmuster sind ein Muss f\u00fcr jedes Wohnzimmer. Die sch\u00f6nen Lamellen in Holzoptik sorgen f\u00fcr einen warmen und luxuri\u00f6sen Look in Ihrem Zuhause.    <\/p>\n<h3>AKUPANEL EPS<\/h3>\n<p><strong>BITTE BEACHTEN SIE!<br \/>\nDieses Produkt wird mit einem Spezialtransport geliefert, um Sch\u00e4den zu vermeiden.<br \/>\nDie Lieferung nach Hause kann bis zu 10 Arbeitstage dauern.<br \/>\nSie k\u00f6nnen das Produkt jedoch auch direkt in unserem Ausstellungsraum in Oosterhout abholen.   <\/strong><\/p>\n<p><a href=\"https:\/\/aydodeco.nl\/steenstrips\/aku-panels\/aku-panelen-goedkoop\/\">Eine sch\u00f6ne Abwechslung sind die EPS AKU-Paneele von 270 cm.<br \/>\nDiese sind v\u00f6llig nahtlos! <\/a><\/p>\n<p><strong>Hauptmerkmale<\/strong><\/p>\n<ul>\n<li>Montage mit Aydodeco Montagekleber<\/li>\n<li>2 Jahre Garantie<\/li>\n<li>F\u00fcr den Innen- und Au\u00dfenbereich geeignet <span style=\"color: #ff3c00\"><strong><a style=\"color: #ff3c00\" href=\"https:\/\/aydodeco.nl\/winkel\/montagemiddelen\/gevelimpregnatie-2-5l\/\">(die Verwendung im Freien erfordert eine Impr\u00e4gnierung)<\/a><\/strong><\/span><\/li>\n<li>Preise sind pro St\u00fcck<\/li>\n<li>Ma\u00dfe 50cm x 120cm (Dicke 2 Zentimeter) <strong>(Holzlatte 9 cm breit, L\u00fccken 1 cm breit)<\/strong><\/li>\n<li>Gewicht ca. 2kg pro Platte<\/li>\n<li>Anbringbar an allen Arten von W\u00e4nden<\/li>\n<li>kann direkt \u00fcber Tapeten, vorhandenen Fliesen, Holz, Glas usw. angebracht werden.<\/li>\n<li>leicht zu bearbeiten mit einem Stanley-Messer, einer Hands\u00e4ge oder einer elektrischen S\u00e4ge<\/li>\n<li>UV- und wetterfest<\/li>\n<li>leicht, kratz- und sto\u00dffest<\/li>\n<li>nach Belieben streichbar<\/li>\n<li>g\u00fcnstige Auswirkungen auf die thermische und akustische Isolierung<\/li>\n<li>rd-Wert etwa 0,6R<\/li>\n<li>nicht von echtem Holz zu unterscheiden<\/li>\n<li>Befestigung von Ecken durch Gehrungsschnitte (wie bei Sockelleisten)<\/li>\n<li>Hervorragend geeignet f\u00fcr den Au\u00dfenbereich wie Gartenhaus, Chalet, Teichrand<\/li>\n<\/ul>\n<p><strong>Materialeigenschaften<\/strong><\/p>\n<ul>\n<li>Unterschicht:<strong>ISOMO<\/strong> \/ <strong>EPS<\/strong>, expandiertes Polystyrol<\/li>\n<li>Obere Schicht: Polyesterharz + Zement\/Gesteinsmehlmischung<\/li>\n<li>100% recycelbar<\/li>\n<li>Isolationswert \u00b1 RD 0,6<\/li>\n<li><strong>Vorsicht!<br \/>\nWie echtes Holz kann auch dieses Produkt mehr oder weniger kleine L\u00f6cher\/Dellen aufweisen. <\/strong><\/li>\n<\/ul>\n<p>M<strong>ontagehinweis:<\/strong> Verkleben mit<span style=\"color: #ff6600\"><strong><a style=\"color: #ff6600\" href=\"https:\/\/aydodeco.nl\/winkel\/montagekit-binnen-gebruik\/\">Aydo Deco Montageset<\/a><\/strong><\/span><br \/>\noder Montagekleber, der f\u00fcr EPS \/ Styropor geeignet ist. Pro Tube Montagekleber k\u00f6nnen Sie 3 Aku-Paneele verkleben. F\u00fcr die Verwendung im Freien empfehlen wir, etwas mehr zu verwenden. <\/p>\n<p><strong>Tipp vom Profi!<\/strong><br \/>\nBevor die Paneele verarbeitet werden, empfehlen wir Ihnen, die Kanten und Ecken der Paneele mit Vorsicht zu behandeln. Sollte der unwahrscheinliche Fall eintreten, dass die Seiten\/Ecken geringf\u00fcgig besch\u00e4digt sind, l\u00e4sst sich dies sehr leicht beheben.<br \/>\nDie Eigenschaften des Produkts werden dadurch in keiner Weise beeintr\u00e4chtigt. Legen Sie ein Lineal auf die R\u00fcckseite des Paneels und schneiden Sie mit einer feinzahnigen Hands\u00e4ge das gew\u00fcnschte St\u00fcck in horizontaler oder vertikaler Richtung zu.  <\/p>\n<p>[CP_CALCULATED_FIELDS id=&#8220;20&#8243; iframe=&#8220;1&#8243;]<\/p>\n","protected":false},"excerpt":{"rendered":"<p>Akustikpaneele Holz EPS Ein aus Skandinavien her\u00fcbergewehter Trend. Diese Paneele in Holzoptik verleihen jedem Raum eine besondere Atmosph\u00e4re. Sie sind [&hellip;]<\/p>\n","protected":false},"featured_media":150779,"comment_status":"open","ping_status":"closed","template":"","meta":{"site-sidebar-layout":"default","site-content-layout":"","ast-site-content-layout":"default","site-content-style":"default","site-sidebar-style":"default","ast-global-header-display":"","ast-banner-title-visibility":"","ast-main-header-display":"","ast-hfb-above-header-display":"","ast-hfb-below-header-display":"","ast-hfb-mobile-header-display":"","site-post-title":"","ast-breadcrumbs-content":"","ast-featured-img":"","footer-sml-layout":"","ast-disable-related-posts":"","theme-transparent-header-meta":"default","adv-header-id-meta":"","stick-header-meta":"default","header-above-stick-meta":"","header-main-stick-meta":"","header-below-stick-meta":"","astra-migrate-meta-layouts":"default","ast-page-background-enabled":"default","ast-page-background-meta":{"desktop":{"background-color":"var(--ast-global-color-4)","background-image":"","background-repeat":"repeat","background-position":"center center","background-size":"auto","background-attachment":"scroll","background-type":"","background-media":"","overlay-type":"","overlay-color":"","overlay-opacity":"","overlay-gradient":""},"tablet":{"background-color":"","background-image":"","background-repeat":"repeat","background-position":"center center","background-size":"auto","background-attachment":"scroll","background-type":"","background-media":"","overlay-type":"","overlay-color":"","overlay-opacity":"","overlay-gradient":""},"mobile":{"background-color":"","background-image":"","background-repeat":"repeat","background-position":"center center","background-size":"auto","background-attachment":"scroll","background-type":"","background-media":"","overlay-type":"","overlay-color":"","overlay-opacity":"","overlay-gradient":""}},"ast-content-background-meta":{"desktop":{"background-color":"var(--ast-global-color-5)","background-image":"","background-repeat":"repeat","background-position":"center center","background-size":"auto","background-attachment":"scroll","background-type":"","background-media":"","overlay-type":"","overlay-color":"","overlay-opacity":"","overlay-gradient":""},"tablet":{"background-color":"var(--ast-global-color-5)","background-image":"","background-repeat":"repeat","background-position":"center center","background-size":"auto","background-attachment":"scroll","background-type":"","background-media":"","overlay-type":"","overlay-color":"","overlay-opacity":"","overlay-gradient":""},"mobile":{"background-color":"var(--ast-global-color-5)","background-image":"","background-repeat":"repeat","background-position":"center center","background-size":"auto","background-attachment":"scroll","background-type":"","background-media":"","overlay-type":"","overlay-color":"","overlay-opacity":"","overlay-gradient":""}}},"product_brand":[],"product_cat":[350,349],"product_tag":[354],"class_list":{"0":"post-150778","1":"product","2":"type-product","3":"status-publish","4":"has-post-thumbnail","6":"product_cat-akustikpaneele-eps-120x50cm","7":"product_cat-akustische-wandpaneele","8":"product_tag-korting10-20akuxl-de-1","9":"product_shipping_class-xl-paneelee","10":"pa_steenstrips-geschikt-voor-outdoor-wetterfest","11":"desktop-align-left","12":"tablet-align-left","13":"mobile-align-left","14":"ast-product-gallery-layout-vertical-slider","15":"ast-product-tabs-layout-vertical","16":"ast-qv-on-image","18":"first","19":"outofstock","20":"sale","21":"featured","22":"taxable","23":"shipping-taxable","24":"purchasable","25":"product-type-simple"},"_links":{"self":[{"href":"https:\/\/aydodeco.nl\/de\/wp-json\/wp\/v2\/product\/150778","targetHints":{"allow":["GET"]}}],"collection":[{"href":"https:\/\/aydodeco.nl\/de\/wp-json\/wp\/v2\/product"}],"about":[{"href":"https:\/\/aydodeco.nl\/de\/wp-json\/wp\/v2\/types\/product"}],"replies":[{"embeddable":true,"href":"https:\/\/aydodeco.nl\/de\/wp-json\/wp\/v2\/comments?post=150778"}],"version-history":[{"count":0,"href":"https:\/\/aydodeco.nl\/de\/wp-json\/wp\/v2\/product\/150778\/revisions"}],"wp:featuredmedia":[{"embeddable":true,"href":"https:\/\/aydodeco.nl\/de\/wp-json\/wp\/v2\/media\/150779"}],"wp:attachment":[{"href":"https:\/\/aydodeco.nl\/de\/wp-json\/wp\/v2\/media?parent=150778"}],"wp:term":[{"taxonomy":"product_brand","embeddable":true,"href":"https:\/\/aydodeco.nl\/de\/wp-json\/wp\/v2\/product_brand?post=150778"},{"taxonomy":"product_cat","embeddable":true,"href":"https:\/\/aydodeco.nl\/de\/wp-json\/wp\/v2\/product_cat?post=150778"},{"taxonomy":"product_tag","embeddable":true,"href":"https:\/\/aydodeco.nl\/de\/wp-json\/wp\/v2\/product_tag?post=150778"}],"curies":[{"name":"wp","href":"https:\/\/api.w.org\/{rel}","templated":true}]}}