{"id":150108,"date":"2023-08-13T14:52:19","date_gmt":"2023-08-13T12:52:19","guid":{"rendered":"https:\/\/aydodeco.nl\/montageklebstoff-deco-outdoor\/"},"modified":"2025-05-15T14:25:45","modified_gmt":"2025-05-15T12:25:45","slug":"montageklebstoff-deco-outdoor","status":"publish","type":"product","link":"https:\/\/aydodeco.nl\/de\/montageklebstoff-deco-outdoor\/","title":{"rendered":"Montagekleber &#8211; Deco Outdoor"},"content":{"rendered":"<h2>Montageklebstoff Deco Outdoor<\/h2>\n<p>Es ist sehr wichtig, dass Sie den richtigen Montagekleber verwenden, um Ihre Produkte zu befestigen. Es sind viele Arten von Klebstoffen erh\u00e4ltlich. Einige sind teurer und andere billiger. Entscheiden Sie sich f\u00fcr einen Montagekleber auf PU-Basis von Zettex, der extrem gut haftet und f\u00fcr den Au\u00dfenbereich sehr gut geeignet ist.<br \/>\nAndere Kleber sehen zwar hervorragend aus, l\u00f6sen sich aber oft schon nach wenigen Monaten.   <\/p>\n<p>&nbsp;<\/p>\n<ul>\n<li>Inhalt 290ML<\/li>\n<\/ul>\n<p>Montagekleber f\u00fcr Wandplatten<\/p>\n<ul>\n<li>geeignet f\u00fcr alle Arten von Substraten<\/li>\n<li>elastisch<\/li>\n<li>s\u00e4urefrei<\/li>\n<li>klebt sofort &#8211; trocknet nach 12 -24 Stunden<\/li>\n<li>f\u00fcr den Innen- und Au\u00dfenbereich geeignet<\/li>\n<li>Spitzenqualit\u00e4t<\/li>\n<li>Niederl\u00e4ndischer Hersteller<\/li>\n<\/ul>\n","protected":false},"excerpt":{"rendered":"<p>Montageklebstoff Deco Outdoor Es ist sehr wichtig, dass Sie den richtigen Montagekleber verwenden, um Ihre Produkte zu befestigen. Es sind [&hellip;]<\/p>\n","protected":false},"featured_media":150109,"comment_status":"closed","ping_status":"closed","template":"","meta":{"site-sidebar-layout":"default","site-content-layout":"","ast-site-content-layout":"default","site-content-style":"default","site-sidebar-style":"default","ast-global-header-display":"","ast-banner-title-visibility":"","ast-main-header-display":"","ast-hfb-above-header-display":"","ast-hfb-below-header-display":"","ast-hfb-mobile-header-display":"","site-post-title":"","ast-breadcrumbs-content":"","ast-featured-img":"","footer-sml-layout":"","ast-disable-related-posts":"","theme-transparent-header-meta":"default","adv-header-id-meta":"","stick-header-meta":"default","header-above-stick-meta":"","header-main-stick-meta":"","header-below-stick-meta":"","astra-migrate-meta-layouts":"default","ast-page-background-enabled":"default","ast-page-background-meta":{"desktop":{"background-color":"var(--ast-global-color-4)","background-image":"","background-repeat":"repeat","background-position":"center center","background-size":"auto","background-attachment":"scroll","background-type":"","background-media":"","overlay-type":"","overlay-color":"","overlay-opacity":"","overlay-gradient":""},"tablet":{"background-color":"","background-image":"","background-repeat":"repeat","background-position":"center center","background-size":"auto","background-attachment":"scroll","background-type":"","background-media":"","overlay-type":"","overlay-color":"","overlay-opacity":"","overlay-gradient":""},"mobile":{"background-color":"","background-image":"","background-repeat":"repeat","background-position":"center center","background-size":"auto","background-attachment":"scroll","background-type":"","background-media":"","overlay-type":"","overlay-color":"","overlay-opacity":"","overlay-gradient":""}},"ast-content-background-meta":{"desktop":{"background-color":"var(--ast-global-color-5)","background-image":"","background-repeat":"repeat","background-position":"center center","background-size":"auto","background-attachment":"scroll","background-type":"","background-media":"","overlay-type":"","overlay-color":"","overlay-opacity":"","overlay-gradient":""},"tablet":{"background-color":"var(--ast-global-color-5)","background-image":"","background-repeat":"repeat","background-position":"center center","background-size":"auto","background-attachment":"scroll","background-type":"","background-media":"","overlay-type":"","overlay-color":"","overlay-opacity":"","overlay-gradient":""},"mobile":{"background-color":"var(--ast-global-color-5)","background-image":"","background-repeat":"repeat","background-position":"center center","background-size":"auto","background-attachment":"scroll","background-type":"","background-media":"","overlay-type":"","overlay-color":"","overlay-opacity":"","overlay-gradient":""}}},"product_brand":[],"product_cat":[468,397],"product_tag":[],"class_list":{"0":"post-150108","1":"product","2":"type-product","3":"status-publish","4":"has-post-thumbnail","6":"product_cat-montage-kits","7":"product_cat-montagehilfen","8":"product_shipping_class-kleine-produkte895e","9":"desktop-align-left","10":"tablet-align-left","11":"mobile-align-left","12":"ast-product-gallery-layout-vertical-slider","13":"ast-product-gallery-with-no-image","14":"ast-product-tabs-layout-vertical","15":"ast-qv-on-image","17":"first","18":"outofstock","19":"taxable","20":"shipping-taxable","21":"purchasable","22":"product-type-simple"},"_links":{"self":[{"href":"https:\/\/aydodeco.nl\/de\/wp-json\/wp\/v2\/product\/150108","targetHints":{"allow":["GET"]}}],"collection":[{"href":"https:\/\/aydodeco.nl\/de\/wp-json\/wp\/v2\/product"}],"about":[{"href":"https:\/\/aydodeco.nl\/de\/wp-json\/wp\/v2\/types\/product"}],"replies":[{"embeddable":true,"href":"https:\/\/aydodeco.nl\/de\/wp-json\/wp\/v2\/comments?post=150108"}],"version-history":[{"count":0,"href":"https:\/\/aydodeco.nl\/de\/wp-json\/wp\/v2\/product\/150108\/revisions"}],"wp:featuredmedia":[{"embeddable":true,"href":"https:\/\/aydodeco.nl\/de\/wp-json\/wp\/v2\/media\/150109"}],"wp:attachment":[{"href":"https:\/\/aydodeco.nl\/de\/wp-json\/wp\/v2\/media?parent=150108"}],"wp:term":[{"taxonomy":"product_brand","embeddable":true,"href":"https:\/\/aydodeco.nl\/de\/wp-json\/wp\/v2\/product_brand?post=150108"},{"taxonomy":"product_cat","embeddable":true,"href":"https:\/\/aydodeco.nl\/de\/wp-json\/wp\/v2\/product_cat?post=150108"},{"taxonomy":"product_tag","embeddable":true,"href":"https:\/\/aydodeco.nl\/de\/wp-json\/wp\/v2\/product_tag?post=150108"}],"curies":[{"name":"wp","href":"https:\/\/api.w.org\/{rel}","templated":true}]}}