{"id":149942,"date":"2024-07-04T13:13:22","date_gmt":"2024-07-04T11:13:22","guid":{"rendered":"https:\/\/aydodeco.nl\/fischgraeten-akustikpaneele-eiche-hell-schalldaemmung-fuer-innenraeume-70x40cm\/"},"modified":"2025-10-28T11:17:33","modified_gmt":"2025-10-28T10:17:33","slug":"fischgraeten-akustikpaneele-eiche-hell-schalldaemmung-fuer-innenraeume-70x40cm","status":"publish","type":"product","link":"https:\/\/aydodeco.nl\/de\/fischgraeten-akustikpaneele-eiche-hell-schalldaemmung-fuer-innenraeume-70x40cm\/","title":{"rendered":"Helle Eiche &#8211; Fischgr\u00e4t Akustikpaneele &#8211; Filz &amp; MDF Schalld\u00e4mmung &#8211; F\u00fcr Innen &#8211; 75x40cm"},"content":{"rendered":"<h2>Fischgr\u00e4t Akustikpaneel Eiche hell<\/h2>\n<p>Sch\u00f6ne Fischgr\u00e4t-Akustikpaneele in Kombination mit einer robusten Filzunterlage sind eine Bereicherung f\u00fcr jede Wand. Herringbone-Paneele sorgen f\u00fcr W\u00e4rme, Atmosph\u00e4re und nat\u00fcrlich einen modernen Look. Diese Paneele k\u00f6nnen \u00fcberall in Innenr\u00e4umen angebracht werden und wirken sich auch positiv auf den Klang im Raum aus. M\u00f6chten Sie das Produkt vor der Bestellung sehen? Besuchen Sie unseren Ausstellungsraum in Oosterhout (NB). Fischgr\u00e4tpaneele sind die perfekte Wanddekoration f\u00fcr jeden Raum.     <\/p>\n<p><strong>Original Qualit\u00e4t!<br \/>\n<\/strong><\/p>\n<p>Im Gegensatz zu Billiganbietern von so genannten <em>Holzpaneelen<\/em> verwenden wir eine Schicht aus Echtholzfurnier. Die starke Filzschicht wird aus recycelten PET-Flaschen hergestellt und bietet eine solide Basis. Aufgrund des Holzfurniers (MDF) verziehen sich die Herringbone-Paneele nicht.  <\/p>\n<p>Billiganbieter verwenden oft kein Holzfurnier, sondern eine Kunststoffdeckschicht. Der irref\u00fchrende Name <em>&#8222;Holzpaneele&#8220;<\/em> erweckt den Eindruck, dass es sich um echtes Holz handelt. Aber das ist nicht der Fall. Aydo Deco entscheidet sich daher f\u00fcr eine sch\u00f6ne, authentische Echtholzfurnierschicht. Das erkl\u00e4rt auch den Preisunterschied zwischen Billiganbietern und Aydo Deco.    <\/p>\n<p><strong>Abmessungen<\/strong><\/p>\n<ul>\n<li>75 cm x 40 cm x 12 cm<\/li>\n<li>Fischgr\u00e4tenmuster: 24cm x 6cm<\/li>\n<\/ul>\n<p><strong>Material<\/strong><\/p>\n<ul>\n<li>Unterlage: Hochwertiger \/ recycelter Filz<\/li>\n<li>Latten: MDF<\/li>\n<li>Deckschicht: 100% Eichenfurnierschicht<\/li>\n<\/ul>\n<p><strong>Montage<\/strong><\/p>\n<ul>\n<li>Mit Montagekleber oder Schrauben befestigen<\/li>\n<li>mit einer S\u00e4ge zuschneiden<\/li>\n<\/ul>\n","protected":false},"excerpt":{"rendered":"<p>70x40x1cm<\/p>\n","protected":false},"featured_media":134694,"comment_status":"open","ping_status":"closed","template":"","meta":{"site-sidebar-layout":"default","site-content-layout":"","ast-site-content-layout":"default","site-content-style":"default","site-sidebar-style":"default","ast-global-header-display":"","ast-banner-title-visibility":"","ast-main-header-display":"","ast-hfb-above-header-display":"","ast-hfb-below-header-display":"","ast-hfb-mobile-header-display":"","site-post-title":"","ast-breadcrumbs-content":"","ast-featured-img":"","footer-sml-layout":"","ast-disable-related-posts":"","theme-transparent-header-meta":"default","adv-header-id-meta":"","stick-header-meta":"default","header-above-stick-meta":"","header-main-stick-meta":"","header-below-stick-meta":"","astra-migrate-meta-layouts":"default","ast-page-background-enabled":"default","ast-page-background-meta":{"desktop":{"background-color":"var(--ast-global-color-4)","background-image":"","background-repeat":"repeat","background-position":"center center","background-size":"auto","background-attachment":"scroll","background-type":"","background-media":"","overlay-type":"","overlay-color":"","overlay-opacity":"","overlay-gradient":""},"tablet":{"background-color":"","background-image":"","background-repeat":"repeat","background-position":"center center","background-size":"auto","background-attachment":"scroll","background-type":"","background-media":"","overlay-type":"","overlay-color":"","overlay-opacity":"","overlay-gradient":""},"mobile":{"background-color":"","background-image":"","background-repeat":"repeat","background-position":"center center","background-size":"auto","background-attachment":"scroll","background-type":"","background-media":"","overlay-type":"","overlay-color":"","overlay-opacity":"","overlay-gradient":""}},"ast-content-background-meta":{"desktop":{"background-color":"var(--ast-global-color-5)","background-image":"","background-repeat":"repeat","background-position":"center center","background-size":"auto","background-attachment":"scroll","background-type":"","background-media":"","overlay-type":"","overlay-color":"","overlay-opacity":"","overlay-gradient":""},"tablet":{"background-color":"var(--ast-global-color-5)","background-image":"","background-repeat":"repeat","background-position":"center center","background-size":"auto","background-attachment":"scroll","background-type":"","background-media":"","overlay-type":"","overlay-color":"","overlay-opacity":"","overlay-gradient":""},"mobile":{"background-color":"var(--ast-global-color-5)","background-image":"","background-repeat":"repeat","background-position":"center center","background-size":"auto","background-attachment":"scroll","background-type":"","background-media":"","overlay-type":"","overlay-color":"","overlay-opacity":"","overlay-gradient":""}}},"product_brand":[],"product_cat":[383,349,418],"product_tag":[777,354],"class_list":{"0":"post-149942","1":"product","2":"type-product","3":"status-publish","4":"has-post-thumbnail","6":"product_cat-akustische-filzplatten","7":"product_cat-akustische-wandpaneele","8":"product_cat-angebote","9":"product_tag-blackfriday-de","10":"product_tag-korting10-20akuxl-de-1","11":"product_shipping_class-kleine-produkte895e","12":"desktop-align-left","13":"tablet-align-left","14":"mobile-align-left","15":"ast-product-gallery-layout-vertical-slider","16":"ast-product-tabs-layout-vertical","17":"ast-qv-on-image","19":"first","20":"instock","21":"sale","22":"taxable","23":"shipping-taxable","24":"purchasable","25":"product-type-simple"},"_links":{"self":[{"href":"https:\/\/aydodeco.nl\/de\/wp-json\/wp\/v2\/product\/149942","targetHints":{"allow":["GET"]}}],"collection":[{"href":"https:\/\/aydodeco.nl\/de\/wp-json\/wp\/v2\/product"}],"about":[{"href":"https:\/\/aydodeco.nl\/de\/wp-json\/wp\/v2\/types\/product"}],"replies":[{"embeddable":true,"href":"https:\/\/aydodeco.nl\/de\/wp-json\/wp\/v2\/comments?post=149942"}],"version-history":[{"count":0,"href":"https:\/\/aydodeco.nl\/de\/wp-json\/wp\/v2\/product\/149942\/revisions"}],"wp:featuredmedia":[{"embeddable":true,"href":"https:\/\/aydodeco.nl\/de\/wp-json\/wp\/v2\/media\/134694"}],"wp:attachment":[{"href":"https:\/\/aydodeco.nl\/de\/wp-json\/wp\/v2\/media?parent=149942"}],"wp:term":[{"taxonomy":"product_brand","embeddable":true,"href":"https:\/\/aydodeco.nl\/de\/wp-json\/wp\/v2\/product_brand?post=149942"},{"taxonomy":"product_cat","embeddable":true,"href":"https:\/\/aydodeco.nl\/de\/wp-json\/wp\/v2\/product_cat?post=149942"},{"taxonomy":"product_tag","embeddable":true,"href":"https:\/\/aydodeco.nl\/de\/wp-json\/wp\/v2\/product_tag?post=149942"}],"curies":[{"name":"wp","href":"https:\/\/api.w.org\/{rel}","templated":true}]}}