{"id":149922,"date":"2024-06-24T10:54:39","date_gmt":"2024-06-24T08:54:39","guid":{"rendered":"https:\/\/aydodeco.nl\/akustikpaneele-sechseck-filz-eiche-hell-schalldaemmung-fuer-innenraeume-47x81x1cm\/"},"modified":"2025-11-09T09:18:35","modified_gmt":"2025-11-09T08:18:35","slug":"akustikpaneele-sechseck-filz-eiche-hell-schalldaemmung-fuer-innenraeume-47x81x1cm","status":"publish","type":"product","link":"https:\/\/aydodeco.nl\/de\/akustikpaneele-sechseck-filz-eiche-hell-schalldaemmung-fuer-innenraeume-47x81x1cm\/","title":{"rendered":"Helle Eiche &#8211; Sechseckige Filz-Akustikpaneele &#8211; Schalld\u00e4mmung &#8211; F\u00fcr Innenr\u00e4ume &#8211; 81x47x1cm"},"content":{"rendered":"<h2>HEXAGON Akustikplatte Eiche hell<\/h2>\n<p>Sch\u00f6ne Hexagon-Paneele in Kombination mit einer robusten Filzunterlage sind ein Mehrwert f\u00fcr jede Wand. Die Hexagon-Paneele verleihen der Wand W\u00e4rme, Atmosph\u00e4re und nat\u00fcrlich einen modernen Look. Diese Paneele k\u00f6nnen \u00fcberall im Innenbereich angebracht werden und wirken sich auch positiv auf den Klang im Raum aus. M\u00f6chten Sie das Produkt vor der Bestellung sehen? Besuchen Sie unseren Ausstellungsraum in Oosterhout (NB). Die Hexagon-Paneele sind die perfekte Wanddekoration f\u00fcr jeden Raum.     <\/p>\n<p><strong>Original Qualit\u00e4t!<br \/>\n<\/strong><\/p>\n<p>Die starke Filzschicht ist aus recycelten PET-Flaschen hergestellt und bietet eine stabile Basis. Die mit Kunststoff bedruckte Deckschicht (auf MDF) verhindert, dass sich die Hexagon-Paneele verziehen. <\/p>\n<p><strong>Abmessungen<\/strong><\/p>\n<ul>\n<li>47cm x 81cm x 1cm<\/li>\n<li>Sechseck: 15cm x 17cm<\/li>\n<\/ul>\n<p><strong>Material<\/strong><\/p>\n<ul>\n<li>Unterlage: Hochwertiger \/ recycelter Filz<\/li>\n<li>Latten: MDF<\/li>\n<li>Obere Schicht: 100% bedruckte Schicht<\/li>\n<\/ul>\n<p><strong>Montage<\/strong><\/p>\n<ul>\n<li>Mit Montagekleber oder Schrauben befestigen<\/li>\n<li>mit einer S\u00e4ge zuschneiden<\/li>\n<\/ul>\n","protected":false},"excerpt":{"rendered":"<p>47x81x1cm<\/p>\n","protected":false},"featured_media":134686,"comment_status":"open","ping_status":"closed","template":"","meta":{"site-sidebar-layout":"default","site-content-layout":"","ast-site-content-layout":"default","site-content-style":"default","site-sidebar-style":"default","ast-global-header-display":"","ast-banner-title-visibility":"","ast-main-header-display":"","ast-hfb-above-header-display":"","ast-hfb-below-header-display":"","ast-hfb-mobile-header-display":"","site-post-title":"","ast-breadcrumbs-content":"","ast-featured-img":"","footer-sml-layout":"","ast-disable-related-posts":"","theme-transparent-header-meta":"default","adv-header-id-meta":"","stick-header-meta":"default","header-above-stick-meta":"","header-main-stick-meta":"","header-below-stick-meta":"","astra-migrate-meta-layouts":"default","ast-page-background-enabled":"default","ast-page-background-meta":{"desktop":{"background-color":"var(--ast-global-color-4)","background-image":"","background-repeat":"repeat","background-position":"center center","background-size":"auto","background-attachment":"scroll","background-type":"","background-media":"","overlay-type":"","overlay-color":"","overlay-opacity":"","overlay-gradient":""},"tablet":{"background-color":"","background-image":"","background-repeat":"repeat","background-position":"center center","background-size":"auto","background-attachment":"scroll","background-type":"","background-media":"","overlay-type":"","overlay-color":"","overlay-opacity":"","overlay-gradient":""},"mobile":{"background-color":"","background-image":"","background-repeat":"repeat","background-position":"center center","background-size":"auto","background-attachment":"scroll","background-type":"","background-media":"","overlay-type":"","overlay-color":"","overlay-opacity":"","overlay-gradient":""}},"ast-content-background-meta":{"desktop":{"background-color":"var(--ast-global-color-5)","background-image":"","background-repeat":"repeat","background-position":"center center","background-size":"auto","background-attachment":"scroll","background-type":"","background-media":"","overlay-type":"","overlay-color":"","overlay-opacity":"","overlay-gradient":""},"tablet":{"background-color":"var(--ast-global-color-5)","background-image":"","background-repeat":"repeat","background-position":"center center","background-size":"auto","background-attachment":"scroll","background-type":"","background-media":"","overlay-type":"","overlay-color":"","overlay-opacity":"","overlay-gradient":""},"mobile":{"background-color":"var(--ast-global-color-5)","background-image":"","background-repeat":"repeat","background-position":"center center","background-size":"auto","background-attachment":"scroll","background-type":"","background-media":"","overlay-type":"","overlay-color":"","overlay-opacity":"","overlay-gradient":""}}},"product_brand":[],"product_cat":[383,349,418,600],"product_tag":[354],"class_list":{"0":"post-149922","1":"product","2":"type-product","3":"status-publish","4":"has-post-thumbnail","6":"product_cat-akustische-filzplatten","7":"product_cat-akustische-wandpaneele","8":"product_cat-angebote","9":"product_cat-sechseckige-akustikpaneele","10":"product_tag-korting10-20akuxl-de-1","11":"product_shipping_class-kleine-produkte895e","12":"desktop-align-left","13":"tablet-align-left","14":"mobile-align-left","15":"ast-product-gallery-layout-vertical-slider","16":"ast-product-tabs-layout-vertical","17":"ast-qv-on-image","19":"first","20":"outofstock","21":"sale","22":"taxable","23":"shipping-taxable","24":"purchasable","25":"product-type-simple"},"_links":{"self":[{"href":"https:\/\/aydodeco.nl\/de\/wp-json\/wp\/v2\/product\/149922","targetHints":{"allow":["GET"]}}],"collection":[{"href":"https:\/\/aydodeco.nl\/de\/wp-json\/wp\/v2\/product"}],"about":[{"href":"https:\/\/aydodeco.nl\/de\/wp-json\/wp\/v2\/types\/product"}],"replies":[{"embeddable":true,"href":"https:\/\/aydodeco.nl\/de\/wp-json\/wp\/v2\/comments?post=149922"}],"version-history":[{"count":0,"href":"https:\/\/aydodeco.nl\/de\/wp-json\/wp\/v2\/product\/149922\/revisions"}],"wp:featuredmedia":[{"embeddable":true,"href":"https:\/\/aydodeco.nl\/de\/wp-json\/wp\/v2\/media\/134686"}],"wp:attachment":[{"href":"https:\/\/aydodeco.nl\/de\/wp-json\/wp\/v2\/media?parent=149922"}],"wp:term":[{"taxonomy":"product_brand","embeddable":true,"href":"https:\/\/aydodeco.nl\/de\/wp-json\/wp\/v2\/product_brand?post=149922"},{"taxonomy":"product_cat","embeddable":true,"href":"https:\/\/aydodeco.nl\/de\/wp-json\/wp\/v2\/product_cat?post=149922"},{"taxonomy":"product_tag","embeddable":true,"href":"https:\/\/aydodeco.nl\/de\/wp-json\/wp\/v2\/product_tag?post=149922"}],"curies":[{"name":"wp","href":"https:\/\/api.w.org\/{rel}","templated":true}]}}