{"id":149467,"date":"2024-09-19T16:43:20","date_gmt":"2024-09-19T14:43:20","guid":{"rendered":"https:\/\/aydodeco.nl\/metro-stone-ziegelsteinstreifen-3d-wandpaneel\/"},"modified":"2025-11-25T10:55:03","modified_gmt":"2025-11-25T09:55:03","slug":"metro-stone-ziegelsteinstreifen-3d-wandpaneel","status":"publish","type":"product","link":"https:\/\/aydodeco.nl\/de\/metro-stone-ziegelsteinstreifen-3d-wandpaneel\/","title":{"rendered":"Metro Stone &#8211; 3D-Wandpaneel"},"content":{"rendered":"<h1 style=\"font-size: 32px;font-weight: bold;margin-bottom: 0.5em\">Metro Stone &#8211; Ziegelsteinstreifen 3D Wandpaneel<\/h1>\n<p style=\"font-size: 16px;line-height: 1.5;margin-bottom: 1em\">Leicht, aber sehr wirkungsvoll! Diese Metro Stone Brick Strips 3D-Wandpaneele haben den realistischsten Backstein-Effekt auf dem Markt und sind aus verdichtetem Polyurethan hergestellt. Jedes Paneel wird einzeln von Hand bearbeitet, um einen einzigartigen Look zu erzielen. Diese Metro Stone Brick Strips 3D-Wandpaneele sind ideal f\u00fcr die Dekoration jedes Raumes oder der Au\u00dfenfassade Ihres Hauses. Sie sind haltbar, isolierend und wasserfest und eignen sich daher perfekt f\u00fcr die Verwendung in verschiedenen R\u00e4umen wie Badezimmer, Wohnzimmer, Schlafzimmer, K\u00fcche und sogar im Au\u00dfenbereich Ihres Hauses.    <\/p>\n<h3 style=\"font-size: 20px;font-weight: bold;margin-bottom: 0.5em\">Hauptmerkmale<\/h3>\n<ul style=\"font-size: 16px;line-height: 1.5;margin-bottom: 1em\">\n<li><b>10 Jahre<\/b> Herstellergarantie.<\/li>\n<li><b>Nahtlos:<\/b> Die N\u00e4hte k\u00f6nnen mit <a href=\"https:\/\/aydodeco.nl\/voegkit-piedra-panel-acrylaat-met-korrelstructuur\/\"><strong>Dichtungsmasse<\/strong><\/a>.<\/li>\n<li><b>Ma\u00dfe:<\/b> 116 cm x 59 cm, Dicke ca. 2 cm.<\/li>\n<li><b>Gewicht:<\/b> Ungef\u00e4hr 2,5 kg pro Wandpaneel.<\/li>\n<li><b>Handgefertigt:<\/b> Kein einziges Metro Stone Wall Panel gleicht dem anderen. Jedes Paneel ist einzigartig. <\/li>\n<li><b>Kleben:<\/b><b> <a href=\"https:\/\/aydodeco.nl\/montagekit-binnen-gebruik\/\">Montage-Kit <\/a><\/b>1 Tube Dichtungsmasse f\u00fcr 2 Platten.<\/li>\n<li><b>Fugenmasse: <a href=\"https:\/\/aydodeco.nl\/voegkit-piedra-panel-acrylaat-met-korrelstructuur\/\">Fugenset<\/a><\/b> 1 Tube Dichtungsmittel f\u00fcr 3m\u00b2.<\/li>\n<li><b>Preis:<\/b> Pro St\u00fcck\/Paneel. Nicht pro m\u00b2. <\/li>\n<li><b>Leicht und einfach auf Ma\u00df zu schneiden:<\/b> Mit einer feinen Hands\u00e4ge oder einem <a href=\"https:\/\/aydodeco.nl\/stanleymes\/\"><strong>Stanley-Messer<\/strong><\/a>.<\/li>\n<li><b>Einfach zu montieren:<\/b> Mit Hilfe des <strong><a href=\"https:\/\/aydodeco.nl\/montagekit-binnen-gebruik\/\">s\u00e4urefreien Montagesatzes<\/a><\/strong> oder Schrauben.<\/li>\n<li><b>Langlebig:<\/b> Kratz-, sto\u00df- und abriebfest f\u00fcr eine lange Lebensdauer.<\/li>\n<li><b>Vielseitig einsetzbar:<\/b> \u00dcberall im und au\u00dferhalb des Hauses.<\/li>\n<li><b>Au\u00dfenanwendung:<\/b> F\u00fcr Au\u00dfenw\u00e4nde, Fassaden usw. empfehlen wir unsere <strong><a href=\"https:\/\/aydodeco.nl\/gevelimpregnatie-5l\/\">EPS-Fassadenimpr\u00e4gnierung<\/a><\/strong>.<\/li>\n<li><b>Isolierung:<\/b> G\u00fcnstige Wirkung auf die Isolierung.<\/li>\n<li><b>Ein echtes Relief:<\/b> keine flache Oberfl\u00e4che wie bei einer Tapete.<\/li>\n<li><b>Inklusive Farbe:<\/b> F\u00fcr einen 100% nahtlosen Look nach dem \u00dcberstreichen der N\u00e4hte.<\/li>\n<\/ul>\n<h3 style=\"font-size: 20px;font-weight: bold;margin-bottom: 0.5em\">Materialeigenschaften<\/h3>\n<ul style=\"font-size: 16px;line-height: 1.5;margin-bottom: 1em\">\n<li><b>W\u00e4rmed\u00e4mmwert:<\/b> \u00b1 RD 1,3<\/li>\n<li><b>Unterschicht:<\/b> Polyurethan (HD)<\/li>\n<li><b>Wiederverwertbar<\/b><\/li>\n<\/ul>\n","protected":false},"excerpt":{"rendered":"<p>116x59x2cm<\/p>\n","protected":false},"featured_media":176237,"comment_status":"open","ping_status":"closed","template":"","meta":{"site-sidebar-layout":"default","site-content-layout":"","ast-site-content-layout":"default","site-content-style":"default","site-sidebar-style":"default","ast-global-header-display":"","ast-banner-title-visibility":"","ast-main-header-display":"","ast-hfb-above-header-display":"","ast-hfb-below-header-display":"","ast-hfb-mobile-header-display":"","site-post-title":"","ast-breadcrumbs-content":"","ast-featured-img":"","footer-sml-layout":"","ast-disable-related-posts":"","theme-transparent-header-meta":"default","adv-header-id-meta":"","stick-header-meta":"default","header-above-stick-meta":"","header-main-stick-meta":"","header-below-stick-meta":"","astra-migrate-meta-layouts":"default","ast-page-background-enabled":"default","ast-page-background-meta":{"desktop":{"background-color":"var(--ast-global-color-4)","background-image":"","background-repeat":"repeat","background-position":"center center","background-size":"auto","background-attachment":"scroll","background-type":"","background-media":"","overlay-type":"","overlay-color":"","overlay-opacity":"","overlay-gradient":""},"tablet":{"background-color":"","background-image":"","background-repeat":"repeat","background-position":"center center","background-size":"auto","background-attachment":"scroll","background-type":"","background-media":"","overlay-type":"","overlay-color":"","overlay-opacity":"","overlay-gradient":""},"mobile":{"background-color":"","background-image":"","background-repeat":"repeat","background-position":"center center","background-size":"auto","background-attachment":"scroll","background-type":"","background-media":"","overlay-type":"","overlay-color":"","overlay-opacity":"","overlay-gradient":""}},"ast-content-background-meta":{"desktop":{"background-color":"var(--ast-global-color-5)","background-image":"","background-repeat":"repeat","background-position":"center center","background-size":"auto","background-attachment":"scroll","background-type":"","background-media":"","overlay-type":"","overlay-color":"","overlay-opacity":"","overlay-gradient":""},"tablet":{"background-color":"var(--ast-global-color-5)","background-image":"","background-repeat":"repeat","background-position":"center center","background-size":"auto","background-attachment":"scroll","background-type":"","background-media":"","overlay-type":"","overlay-color":"","overlay-opacity":"","overlay-gradient":""},"mobile":{"background-color":"var(--ast-global-color-5)","background-image":"","background-repeat":"repeat","background-position":"center center","background-size":"auto","background-attachment":"scroll","background-type":"","background-media":"","overlay-type":"","overlay-color":"","overlay-opacity":"","overlay-gradient":""}}},"product_brand":[],"product_cat":[360,536,361],"product_tag":[364,518,363],"class_list":{"0":"post-149467","1":"product","2":"type-product","3":"status-publish","4":"has-post-thumbnail","6":"product_cat-3d-wandpaneele","7":"product_cat-elite-pu-xl-wandpaneele","8":"product_cat-piedra-wandpaneele","9":"product_tag-korting25-50eps-de-1","10":"product_tag-neu","11":"product_tag-steinstreifen-im-freien","12":"product_shipping_class-elitepu-5-de","13":"pa_steenstrips-geschikt-voor-hinter-dem-gasherd","14":"pa_steenstrips-geschikt-voor-outdoor-wetterfest","15":"desktop-align-left","16":"tablet-align-left","17":"mobile-align-left","18":"ast-product-gallery-layout-vertical-slider","19":"ast-product-tabs-layout-vertical","20":"ast-qv-on-image","22":"first","23":"instock","24":"sale","25":"taxable","26":"shipping-taxable","27":"purchasable","28":"product-type-simple"},"_links":{"self":[{"href":"https:\/\/aydodeco.nl\/de\/wp-json\/wp\/v2\/product\/149467","targetHints":{"allow":["GET"]}}],"collection":[{"href":"https:\/\/aydodeco.nl\/de\/wp-json\/wp\/v2\/product"}],"about":[{"href":"https:\/\/aydodeco.nl\/de\/wp-json\/wp\/v2\/types\/product"}],"replies":[{"embeddable":true,"href":"https:\/\/aydodeco.nl\/de\/wp-json\/wp\/v2\/comments?post=149467"}],"version-history":[{"count":0,"href":"https:\/\/aydodeco.nl\/de\/wp-json\/wp\/v2\/product\/149467\/revisions"}],"wp:featuredmedia":[{"embeddable":true,"href":"https:\/\/aydodeco.nl\/de\/wp-json\/wp\/v2\/media\/176237"}],"wp:attachment":[{"href":"https:\/\/aydodeco.nl\/de\/wp-json\/wp\/v2\/media?parent=149467"}],"wp:term":[{"taxonomy":"product_brand","embeddable":true,"href":"https:\/\/aydodeco.nl\/de\/wp-json\/wp\/v2\/product_brand?post=149467"},{"taxonomy":"product_cat","embeddable":true,"href":"https:\/\/aydodeco.nl\/de\/wp-json\/wp\/v2\/product_cat?post=149467"},{"taxonomy":"product_tag","embeddable":true,"href":"https:\/\/aydodeco.nl\/de\/wp-json\/wp\/v2\/product_tag?post=149467"}],"curies":[{"name":"wp","href":"https:\/\/api.w.org\/{rel}","templated":true}]}}