{"id":152306,"date":"2022-05-18T16:36:19","date_gmt":"2022-05-18T14:36:19","guid":{"rendered":"https:\/\/aydodeco.nl\/wandpaneele-aus-marmor\/"},"modified":"2024-09-30T09:02:24","modified_gmt":"2024-09-30T07:02:24","slug":"wandpaneele-aus-marmor","status":"publish","type":"page","link":"https:\/\/aydodeco.nl\/de\/wandpaneele-aus-marmor\/","title":{"rendered":"Wandpaneele aus Marmor"},"content":{"rendered":"\t\t<div data-elementor-type=\"wp-page\" data-elementor-id=\"152306\" class=\"elementor elementor-152306 elementor-42603\" data-elementor-post-type=\"page\">\n\t\t\t\t\t\t<section class=\"elementor-section elementor-top-section elementor-element elementor-element-7546bbc elementor-section-boxed elementor-section-height-default elementor-section-height-default\" data-id=\"7546bbc\" data-element_type=\"section\" data-e-type=\"section\">\n\t\t\t\t\t\t<div class=\"elementor-container elementor-column-gap-default\">\n\t\t\t\t\t<div class=\"elementor-column elementor-col-33 elementor-top-column elementor-element elementor-element-5e630c9\" data-id=\"5e630c9\" data-element_type=\"column\" data-e-type=\"column\">\n\t\t\t<div class=\"elementor-widget-wrap elementor-element-populated\">\n\t\t\t\t\t\t<div class=\"elementor-element elementor-element-cad28ef elementor-widget elementor-widget-image\" data-id=\"cad28ef\" data-element_type=\"widget\" data-e-type=\"widget\" data-widget_type=\"image.default\">\n\t\t\t\t<div class=\"elementor-widget-container\">\n\t\t\t\t\t\t\t\t\t\t\t\t\t\t\t<img fetchpriority=\"high\" decoding=\"async\" width=\"476\" height=\"474\" src=\"https:\/\/aydodeco.nl\/wp-content\/uploads\/2024\/02\/BDD9D805-BD0A-46B8-8843-ACB18FB5FDC5.jpeg\" class=\"attachment-large size-large wp-image-115040\" alt=\"\" srcset=\"https:\/\/aydodeco.nl\/wp-content\/uploads\/2024\/02\/BDD9D805-BD0A-46B8-8843-ACB18FB5FDC5.jpeg 476w, https:\/\/aydodeco.nl\/wp-content\/uploads\/2024\/02\/BDD9D805-BD0A-46B8-8843-ACB18FB5FDC5-100x100.jpeg 100w, https:\/\/aydodeco.nl\/wp-content\/uploads\/2024\/02\/BDD9D805-BD0A-46B8-8843-ACB18FB5FDC5-300x300.jpeg 300w, https:\/\/aydodeco.nl\/wp-content\/uploads\/2024\/02\/BDD9D805-BD0A-46B8-8843-ACB18FB5FDC5-150x150.jpeg 150w, https:\/\/aydodeco.nl\/wp-content\/uploads\/2024\/02\/BDD9D805-BD0A-46B8-8843-ACB18FB5FDC5-55x55.jpeg 55w\" sizes=\"(max-width: 476px) 100vw, 476px\" title=\"\">\t\t\t\t\t\t\t\t\t\t\t\t\t\t\t<\/div>\n\t\t\t\t<\/div>\n\t\t\t\t\t<\/div>\n\t\t<\/div>\n\t\t\t\t<div class=\"elementor-column elementor-col-66 elementor-top-column elementor-element elementor-element-28a9ec0\" data-id=\"28a9ec0\" data-element_type=\"column\" data-e-type=\"column\">\n\t\t\t<div class=\"elementor-widget-wrap elementor-element-populated\">\n\t\t\t\t\t\t<div class=\"elementor-element elementor-element-8a53634 elementor-widget elementor-widget-text-editor\" data-id=\"8a53634\" data-element_type=\"widget\" data-e-type=\"widget\" data-widget_type=\"text-editor.default\">\n\t\t\t\t<div class=\"elementor-widget-container\">\n\t\t\t\t\t\t\t\t\t<h1><strong><span style=\"color: #bb9454;\">Wandpaneele aus Marmor<\/span>&nbsp;<\/strong><\/h1>\n<p>Suchen Sie nach einem luxuri\u00f6sen Look durch Marmor?\nDas k\u00f6nnen Sie, denn wir bieten Ihnen wundersch\u00f6ne Wandpaneele aus Marmor f\u00fcr B\u00e4der, K\u00fcchen und im Grunde alle anderen Innenr\u00e4ume.\n<br><br>Die Wandpaneele in Marmoroptik haben die Ma\u00dfe 260cmx122cm und sind nur 3mm dick. Das Beste an diesem Produkt ist, dass die Marmorpaneele direkt \u00fcber die vorhandenen Fliesen kommen und Sie daf\u00fcr kein spezielles Werkzeug ben\u00f6tigen. Marmorwandpaneele werden \u00fcberall verwendet.\nSie k\u00f6nnen sie im Wohnzimmer, an der K\u00fcchenwand, im Badezimmer, in der Toilette und vielem mehr verwenden.   <\/p>\n<h2><strong>PVC Wandpaneele Marmor<\/strong><\/h2>\n<p>Wandpaneele in Marmoroptik werden manchmal auch PVC-Wandpaneele genannt.\nSie hei\u00dfen so, weil sie aus PVC hergestellt sind.\nDas macht die Paneele flexibel und 100% wasserdicht.\nGenau wie echter Marmor haben diese Wandpaneele aus PVC ein wundersch\u00f6nes, gl\u00e4nzendes Aussehen.\nSchick, sch\u00f6n und sehr erschwinglich.    <\/p>\n<h2><strong>Kunststoff-Marmorplatten<\/strong><\/h2>\n<p>Marmorplatten aus Kunststoff bieten viele Vorteile.\nAuch im Vergleich zu echtem Naturmarmor.\nEchter Marmor vergilbt mit der Zeit und ist anf\u00e4llig f\u00fcr Flecken.\nEchter Marmor erfordert daher einen hohen Pflege- und Reinigungsaufwand.\nUnsere Kunststoffplatten mit Marmoroptik haben eine sehr lange Lebensdauer, vergilben nicht, setzen keinen Kalk an und sind sehr leicht zu reinigen.    <\/p>\t\t\t\t\t\t\t\t<\/div>\n\t\t\t\t<\/div>\n\t\t\t\t\t<\/div>\n\t\t<\/div>\n\t\t\t\t\t<\/div>\n\t\t<\/section>\n\t\t\t\t<section class=\"elementor-section elementor-top-section elementor-element elementor-element-bb3b8a2 elementor-section-boxed elementor-section-height-default elementor-section-height-default\" data-id=\"bb3b8a2\" data-element_type=\"section\" data-e-type=\"section\">\n\t\t\t\t\t\t<div class=\"elementor-container elementor-column-gap-default\">\n\t\t\t\t\t<div class=\"elementor-column elementor-col-100 elementor-top-column elementor-element elementor-element-04ccd94\" data-id=\"04ccd94\" data-element_type=\"column\" data-e-type=\"column\">\n\t\t\t<div class=\"elementor-widget-wrap elementor-element-populated\">\n\t\t\t\t\t\t<div class=\"elementor-element elementor-element-112a2be elementor-widget elementor-widget-spacer\" data-id=\"112a2be\" data-element_type=\"widget\" data-e-type=\"widget\" data-widget_type=\"spacer.default\">\n\t\t\t\t<div class=\"elementor-widget-container\">\n\t\t\t\t\t\t\t<div class=\"elementor-spacer\">\n\t\t\t<div class=\"elementor-spacer-inner\"><\/div>\n\t\t<\/div>\n\t\t\t\t\t\t<\/div>\n\t\t\t\t<\/div>\n\t\t\t\t\t<\/div>\n\t\t<\/div>\n\t\t\t\t\t<\/div>\n\t\t<\/section>\n\t\t\t\t<section class=\"elementor-section elementor-top-section elementor-element elementor-element-b16e6c1 elementor-section-boxed elementor-section-height-default elementor-section-height-default\" data-id=\"b16e6c1\" data-element_type=\"section\" data-e-type=\"section\">\n\t\t\t\t\t\t<div class=\"elementor-container elementor-column-gap-default\">\n\t\t\t\t\t<div class=\"elementor-column elementor-col-66 elementor-top-column elementor-element elementor-element-aded121\" data-id=\"aded121\" data-element_type=\"column\" data-e-type=\"column\">\n\t\t\t<div class=\"elementor-widget-wrap elementor-element-populated\">\n\t\t\t\t\t\t<div class=\"elementor-element elementor-element-83b3222 elementor-widget elementor-widget-text-editor\" data-id=\"83b3222\" data-element_type=\"widget\" data-e-type=\"widget\" data-widget_type=\"text-editor.default\">\n\t\t\t\t<div class=\"elementor-widget-container\">\n\t\t\t\t\t\t\t\t\t<h2><b>Wandpaneele f\u00fcr das Badezimmer in Marmoroptik<\/b><\/h2>\n<p>Marmor im Badezimmer verleiht einen unglaublich sch\u00f6nen Look.<br \/>\nMit den Wandpaneelen in Marmoroptik erzielen Sie einen echten &#8218;WOW&#8216;-Effekt.<br \/>\nAu\u00dferdem sind die XL Marble Panels sehr leicht zu reinigen, da sie keinen Kalk speichern.<br \/>\nDas B\u00fcrsten der Fliesenfugen geh\u00f6rt damit der Vergangenheit an.     <br \/>Ein Badezimmer in Marmoroptik ist jetzt erschwinglich und innerhalb von 1 Tag realisierbar!  <\/p>\n<h2><strong>Duschpaneele<\/strong><\/h2>\n<p>Diese Wandpaneele im XL-Format k\u00f6nnen auch in der Dusche verwendet werden.<br \/>\nSie k\u00f6nnen sie im gesamten Badezimmer oder nur als Doku-Paneel verwenden. <\/p>\n<h2><b>Wandpaneele Badezimmer<\/b><\/h2>\n<p>PVC-Marmor ist der Trend.<br \/>\n<br \/>Mit diesen Paneelen aus PVC in Marmoroptik war eine K\u00fcchen-, Toiletten- oder Badrenovierung noch nie so einfach und erschwinglich. Kleben Sie sie direkt \u00fcber vorhandene Fliesen, ohne besondere Vorbehandlung.<br \/>\nWer w\u00fcnscht sich nicht ein luxuri\u00f6ses Aussehen im Badezimmer?<br \/>\nMarmor-Wandpaneele sind in vielen Farben und Gr\u00f6\u00dfen erh\u00e4ltlich.   <\/p>\n<h2><b>K\u00fcchenr\u00fcckwand in Marmoroptik<\/b><\/h2>\n<p>Diese Wandpaneele sind auch ideal f\u00fcr die Installation als R\u00fcckwand in der K\u00fcche.<br \/>\nSie k\u00f6nnen auch hinter einem Gasherd platziert werden, aber achten Sie darauf, dass die Pfanne f\u00fcr die hohe Hitze nicht zu nahe an der Platte steht.<br \/>\nMit diesen Marmorplatten haben Sie im Handumdrehen eine neue R\u00fcckwand und einen sehr luxuri\u00f6sen Look.<br \/>\nUnd die Reinigung wird noch einfacher!<br \/>\nDenn die Platten halten keine Flecken fest!    <\/p>\n<p><a href=\"https:\/\/www.facebook.com\/AYDO-DECO-I-3D-Wandpanelen-I-Benelux-492779331092882\/\" rel=\"noopener\"><b>Sehen Sie sich unsere Inspirationsfotos auf unseren Social Media Kan\u00e4len an.  <\/b><\/a><\/p>\n\t\t\t\t\t\t\t\t<\/div>\n\t\t\t\t<\/div>\n\t\t\t\t\t<\/div>\n\t\t<\/div>\n\t\t\t\t<div class=\"elementor-column elementor-col-33 elementor-top-column elementor-element elementor-element-8d976d2\" data-id=\"8d976d2\" data-element_type=\"column\" data-e-type=\"column\">\n\t\t\t<div class=\"elementor-widget-wrap elementor-element-populated\">\n\t\t\t\t\t\t<div class=\"elementor-element elementor-element-2620ff7 elementor-widget elementor-widget-image\" data-id=\"2620ff7\" data-element_type=\"widget\" data-e-type=\"widget\" data-widget_type=\"image.default\">\n\t\t\t\t<div class=\"elementor-widget-container\">\n\t\t\t\t\t\t\t\t\t\t\t\t\t\t\t<img decoding=\"async\" width=\"497\" height=\"600\" src=\"https:\/\/aydodeco.nl\/wp-content\/uploads\/2021\/12\/Wandpanelen-Toilet-Marmer.jpg\" class=\"attachment-large size-large wp-image-135043\" alt=\"Wandpaneele f\u00fcr Badezimmer in Marmoroptik\" srcset=\"https:\/\/aydodeco.nl\/wp-content\/uploads\/2021\/12\/Wandpanelen-Toilet-Marmer.jpg 497w, https:\/\/aydodeco.nl\/wp-content\/uploads\/2021\/12\/Wandpanelen-Toilet-Marmer-249x300.jpg 249w\" sizes=\"(max-width: 497px) 100vw, 497px\" title=\"\">\t\t\t\t\t\t\t\t\t\t\t\t\t\t\t<\/div>\n\t\t\t\t<\/div>\n\t\t\t\t\t<\/div>\n\t\t<\/div>\n\t\t\t\t\t<\/div>\n\t\t<\/section>\n\t\t\t\t<section class=\"elementor-section elementor-top-section elementor-element elementor-element-d1874e0 elementor-section-boxed elementor-section-height-default elementor-section-height-default\" data-id=\"d1874e0\" data-element_type=\"section\" data-e-type=\"section\">\n\t\t\t\t\t\t<div class=\"elementor-container elementor-column-gap-default\">\n\t\t\t\t\t<div class=\"elementor-column elementor-col-100 elementor-top-column elementor-element elementor-element-22a8ad0\" data-id=\"22a8ad0\" data-element_type=\"column\" data-e-type=\"column\">\n\t\t\t<div class=\"elementor-widget-wrap elementor-element-populated\">\n\t\t\t\t\t\t<div class=\"elementor-element elementor-element-b5037ee elementor-widget elementor-widget-spacer\" data-id=\"b5037ee\" data-element_type=\"widget\" data-e-type=\"widget\" data-widget_type=\"spacer.default\">\n\t\t\t\t<div class=\"elementor-widget-container\">\n\t\t\t\t\t\t\t<div class=\"elementor-spacer\">\n\t\t\t<div class=\"elementor-spacer-inner\"><\/div>\n\t\t<\/div>\n\t\t\t\t\t\t<\/div>\n\t\t\t\t<\/div>\n\t\t\t\t\t<\/div>\n\t\t<\/div>\n\t\t\t\t\t<\/div>\n\t\t<\/section>\n\t\t\t\t<section class=\"elementor-section elementor-top-section elementor-element elementor-element-8c0a24a elementor-section-boxed elementor-section-height-default elementor-section-height-default\" data-id=\"8c0a24a\" data-element_type=\"section\" data-e-type=\"section\">\n\t\t\t\t\t\t<div class=\"elementor-container elementor-column-gap-default\">\n\t\t\t\t\t<div class=\"elementor-column elementor-col-50 elementor-top-column elementor-element elementor-element-a0998f3\" data-id=\"a0998f3\" data-element_type=\"column\" data-e-type=\"column\">\n\t\t\t<div class=\"elementor-widget-wrap elementor-element-populated\">\n\t\t\t\t\t\t<div class=\"elementor-element elementor-element-0f1e9da elementor-widget elementor-widget-video\" data-id=\"0f1e9da\" data-element_type=\"widget\" data-e-type=\"widget\" data-settings=\"{&quot;youtube_url&quot;:&quot;https:\\\/\\\/www.youtube.com\\\/watch?v=DAqPKRLYURg&quot;,&quot;lazy_load&quot;:&quot;yes&quot;,&quot;video_type&quot;:&quot;youtube&quot;,&quot;controls&quot;:&quot;yes&quot;}\" data-widget_type=\"video.default\">\n\t\t\t\t<div class=\"elementor-widget-container\">\n\t\t\t\t\t\t\t<div class=\"elementor-wrapper elementor-open-inline\">\n\t\t\t<div class=\"elementor-video\"><\/div>\t\t<\/div>\n\t\t\t\t\t\t<\/div>\n\t\t\t\t<\/div>\n\t\t\t\t\t<\/div>\n\t\t<\/div>\n\t\t\t\t<div class=\"elementor-column elementor-col-50 elementor-top-column elementor-element elementor-element-4f6d104\" data-id=\"4f6d104\" data-element_type=\"column\" data-e-type=\"column\">\n\t\t\t<div class=\"elementor-widget-wrap\">\n\t\t\t\t\t\t\t<\/div>\n\t\t<\/div>\n\t\t\t\t\t<\/div>\n\t\t<\/section>\n\t\t\t\t<\/div>\n\t\t","protected":false},"excerpt":{"rendered":"<p>Wandpaneele aus Marmor&nbsp; Suchen Sie nach einem luxuri\u00f6sen Look durch Marmor? Das k\u00f6nnen Sie, denn wir bieten Ihnen wundersch\u00f6ne Wandpaneele [&hellip;]<\/p>\n","protected":false},"author":2454,"featured_media":0,"parent":0,"menu_order":0,"comment_status":"closed","ping_status":"closed","template":"","meta":{"site-sidebar-layout":"default","site-content-layout":"","ast-site-content-layout":"default","site-content-style":"default","site-sidebar-style":"default","ast-global-header-display":"","ast-banner-title-visibility":"","ast-main-header-display":"","ast-hfb-above-header-display":"","ast-hfb-below-header-display":"","ast-hfb-mobile-header-display":"","site-post-title":"","ast-breadcrumbs-content":"","ast-featured-img":"","footer-sml-layout":"","ast-disable-related-posts":"","theme-transparent-header-meta":"","adv-header-id-meta":"","stick-header-meta":"","header-above-stick-meta":"","header-main-stick-meta":"","header-below-stick-meta":"","astra-migrate-meta-layouts":"default","ast-page-background-enabled":"default","ast-page-background-meta":{"desktop":{"background-color":"var(--ast-global-color-4)","background-image":"","background-repeat":"repeat","background-position":"center center","background-size":"auto","background-attachment":"scroll","background-type":"","background-media":"","overlay-type":"","overlay-color":"","overlay-opacity":"","overlay-gradient":""},"tablet":{"background-color":"","background-image":"","background-repeat":"repeat","background-position":"center center","background-size":"auto","background-attachment":"scroll","background-type":"","background-media":"","overlay-type":"","overlay-color":"","overlay-opacity":"","overlay-gradient":""},"mobile":{"background-color":"","background-image":"","background-repeat":"repeat","background-position":"center center","background-size":"auto","background-attachment":"scroll","background-type":"","background-media":"","overlay-type":"","overlay-color":"","overlay-opacity":"","overlay-gradient":""}},"ast-content-background-meta":{"desktop":{"background-color":"var(--ast-global-color-5)","background-image":"","background-repeat":"repeat","background-position":"center center","background-size":"auto","background-attachment":"scroll","background-type":"","background-media":"","overlay-type":"","overlay-color":"","overlay-opacity":"","overlay-gradient":""},"tablet":{"background-color":"var(--ast-global-color-5)","background-image":"","background-repeat":"repeat","background-position":"center center","background-size":"auto","background-attachment":"scroll","background-type":"","background-media":"","overlay-type":"","overlay-color":"","overlay-opacity":"","overlay-gradient":""},"mobile":{"background-color":"var(--ast-global-color-5)","background-image":"","background-repeat":"repeat","background-position":"center center","background-size":"auto","background-attachment":"scroll","background-type":"","background-media":"","overlay-type":"","overlay-color":"","overlay-opacity":"","overlay-gradient":""}},"footnotes":""},"class_list":["post-152306","page","type-page","status-publish","hentry"],"_links":{"self":[{"href":"https:\/\/aydodeco.nl\/de\/wp-json\/wp\/v2\/pages\/152306","targetHints":{"allow":["GET"]}}],"collection":[{"href":"https:\/\/aydodeco.nl\/de\/wp-json\/wp\/v2\/pages"}],"about":[{"href":"https:\/\/aydodeco.nl\/de\/wp-json\/wp\/v2\/types\/page"}],"author":[{"embeddable":true,"href":"https:\/\/aydodeco.nl\/de\/wp-json\/wp\/v2\/users\/2454"}],"replies":[{"embeddable":true,"href":"https:\/\/aydodeco.nl\/de\/wp-json\/wp\/v2\/comments?post=152306"}],"version-history":[{"count":0,"href":"https:\/\/aydodeco.nl\/de\/wp-json\/wp\/v2\/pages\/152306\/revisions"}],"wp:attachment":[{"href":"https:\/\/aydodeco.nl\/de\/wp-json\/wp\/v2\/media?parent=152306"}],"curies":[{"name":"wp","href":"https:\/\/api.w.org\/{rel}","templated":true}]}}